{"id":11,"date":"2022-09-22T19:21:17","date_gmt":"2022-09-22T19:21:17","guid":{"rendered":"https:\/\/mgeon.com\/?page_id=11"},"modified":"2023-03-03T09:50:55","modified_gmt":"2023-03-03T09:50:55","slug":"hakkimizda","status":"publish","type":"page","link":"https:\/\/www.mgeon.com\/tr\/hakkimizda\/","title":{"rendered":"Hakk\u0131m\u0131zda"},"content":{"rendered":"\t\t<div data-elementor-type=\"wp-page\" data-elementor-id=\"11\" class=\"elementor elementor-11\" data-elementor-post-type=\"page\">\n\t\t\t\t\t\t<section class=\"elementor-section elementor-top-section elementor-element elementor-element-0770940 elementor-section-full_width elementor-section-stretched elementor-section-height-default elementor-section-height-default\" data-id=\"0770940\" data-element_type=\"section\" data-e-type=\"section\" data-settings=\"{&quot;stretch_section&quot;:&quot;section-stretched&quot;}\">\n\t\t\t\t\t\t<div class=\"elementor-container elementor-column-gap-default\">\n\t\t\t\t\t<div class=\"elementor-column elementor-col-100 elementor-top-column elementor-element elementor-element-63c0d2d\" data-id=\"63c0d2d\" data-element_type=\"column\" data-e-type=\"column\">\n\t\t\t<div class=\"elementor-widget-wrap elementor-element-populated\">\n\t\t\t\t\t\t<div class=\"elementor-element elementor-element-6a1e126 elementor-widget elementor-widget-image\" data-id=\"6a1e126\" data-element_type=\"widget\" data-e-type=\"widget\" data-widget_type=\"image.default\">\n\t\t\t\t<div class=\"elementor-widget-container\">\n\t\t\t\t\t\t\t\t\t\t\t\t\t\t\t<img fetchpriority=\"high\" decoding=\"async\" width=\"1920\" height=\"428\" src=\"https:\/\/www.mgeon.com\/wp-content\/uploads\/2022\/10\/neden-5.jpg\" class=\"attachment-full size-full wp-image-1018\" alt=\"\" srcset=\"https:\/\/www.mgeon.com\/wp-content\/uploads\/2022\/10\/neden-5.jpg 1920w, https:\/\/www.mgeon.com\/wp-content\/uploads\/2022\/10\/neden-5-300x67.jpg 300w, https:\/\/www.mgeon.com\/wp-content\/uploads\/2022\/10\/neden-5-1024x228.jpg 1024w, https:\/\/www.mgeon.com\/wp-content\/uploads\/2022\/10\/neden-5-768x171.jpg 768w, https:\/\/www.mgeon.com\/wp-content\/uploads\/2022\/10\/neden-5-1536x342.jpg 1536w, https:\/\/www.mgeon.com\/wp-content\/uploads\/2022\/10\/neden-5-600x134.jpg 600w\" sizes=\"(max-width: 1920px) 100vw, 1920px\" \/>\t\t\t\t\t\t\t\t\t\t\t\t\t\t\t<\/div>\n\t\t\t\t<\/div>\n\t\t\t\t\t<\/div>\n\t\t<\/div>\n\t\t\t\t\t<\/div>\n\t\t<\/section>\n\t\t\t\t<section class=\"elementor-section elementor-top-section elementor-element elementor-element-5e9e882 elementor-section-boxed elementor-section-height-default elementor-section-height-default\" data-id=\"5e9e882\" data-element_type=\"section\" data-e-type=\"section\">\n\t\t\t\t\t\t<div class=\"elementor-container elementor-column-gap-default\">\n\t\t\t\t\t<div class=\"elementor-column elementor-col-100 elementor-top-column elementor-element elementor-element-98e5002\" data-id=\"98e5002\" data-element_type=\"column\" data-e-type=\"column\">\n\t\t\t<div class=\"elementor-widget-wrap elementor-element-populated\">\n\t\t\t\t\t\t<section class=\"elementor-section elementor-inner-section elementor-element elementor-element-dce9993 elementor-section-boxed elementor-section-height-default elementor-section-height-default\" data-id=\"dce9993\" data-element_type=\"section\" data-e-type=\"section\">\n\t\t\t\t\t\t<div class=\"elementor-container elementor-column-gap-default\">\n\t\t\t\t\t<div class=\"elementor-column elementor-col-50 elementor-inner-column elementor-element elementor-element-edf7c09\" data-id=\"edf7c09\" data-element_type=\"column\" data-e-type=\"column\">\n\t\t\t<div class=\"elementor-widget-wrap elementor-element-populated\">\n\t\t\t\t\t\t<div class=\"elementor-element elementor-element-7a4d628 elementor-nav-menu--dropdown-tablet elementor-nav-menu__text-align-aside elementor-nav-menu--toggle elementor-nav-menu--burger elementor-widget elementor-widget-nav-menu\" data-id=\"7a4d628\" data-element_type=\"widget\" data-e-type=\"widget\" data-settings=\"{&quot;layout&quot;:&quot;vertical&quot;,&quot;submenu_icon&quot;:{&quot;value&quot;:&quot;&lt;i class=\\&quot;fas fa-caret-down\\&quot; aria-hidden=\\&quot;true\\&quot;&gt;&lt;\\\/i&gt;&quot;,&quot;library&quot;:&quot;fa-solid&quot;},&quot;toggle&quot;:&quot;burger&quot;}\" data-widget_type=\"nav-menu.default\">\n\t\t\t\t<div class=\"elementor-widget-container\">\n\t\t\t\t\t\t\t\t<nav aria-label=\"Men\u00fc\" class=\"elementor-nav-menu--main elementor-nav-menu__container elementor-nav-menu--layout-vertical e--pointer-none\">\n\t\t\t\t<ul id=\"menu-1-7a4d628\" class=\"elementor-nav-menu sm-vertical\"><li class=\"menu-item menu-item-type-post_type menu-item-object-page menu-item-301\"><a href=\"https:\/\/www.mgeon.com\/tr\/hakkimizda\/\" class=\"elementor-item\">Hakk\u0131m\u0131zda<\/a><\/li>\n<li class=\"menu-item menu-item-type-post_type menu-item-object-page menu-item-299\"><a href=\"https:\/\/www.mgeon.com\/tr\/baskanin-mesaji\/\" class=\"elementor-item\">Ba\u015fkan\u0131n Mesaj\u0131<\/a><\/li>\n<li class=\"menu-item menu-item-type-post_type menu-item-object-page menu-item-302\"><a href=\"https:\/\/www.mgeon.com\/tr\/misyon-vizyon\/\" class=\"elementor-item\">Misyon Vizyon<\/a><\/li>\n<li class=\"menu-item menu-item-type-post_type menu-item-object-page menu-item-300\"><a href=\"https:\/\/www.mgeon.com\/tr\/degerlerimiz\/\" class=\"elementor-item\">De\u011ferlerimiz<\/a><\/li>\n<\/ul>\t\t\t<\/nav>\n\t\t\t\t\t<div class=\"elementor-menu-toggle\" role=\"button\" tabindex=\"0\" aria-label=\"Menu Toggle\" aria-expanded=\"false\">\n\t\t\t<i aria-hidden=\"true\" role=\"presentation\" class=\"elementor-menu-toggle__icon--open eicon-menu-bar\"><\/i><i aria-hidden=\"true\" role=\"presentation\" class=\"elementor-menu-toggle__icon--close eicon-close\"><\/i>\t\t<\/div>\n\t\t\t\t\t<nav class=\"elementor-nav-menu--dropdown elementor-nav-menu__container\" aria-hidden=\"true\">\n\t\t\t\t<ul id=\"menu-2-7a4d628\" class=\"elementor-nav-menu sm-vertical\"><li class=\"menu-item menu-item-type-post_type menu-item-object-page menu-item-301\"><a href=\"https:\/\/www.mgeon.com\/tr\/hakkimizda\/\" class=\"elementor-item\" tabindex=\"-1\">Hakk\u0131m\u0131zda<\/a><\/li>\n<li class=\"menu-item menu-item-type-post_type menu-item-object-page menu-item-299\"><a href=\"https:\/\/www.mgeon.com\/tr\/baskanin-mesaji\/\" class=\"elementor-item\" tabindex=\"-1\">Ba\u015fkan\u0131n Mesaj\u0131<\/a><\/li>\n<li class=\"menu-item menu-item-type-post_type menu-item-object-page menu-item-302\"><a href=\"https:\/\/www.mgeon.com\/tr\/misyon-vizyon\/\" class=\"elementor-item\" tabindex=\"-1\">Misyon Vizyon<\/a><\/li>\n<li class=\"menu-item menu-item-type-post_type menu-item-object-page menu-item-300\"><a href=\"https:\/\/www.mgeon.com\/tr\/degerlerimiz\/\" class=\"elementor-item\" tabindex=\"-1\">De\u011ferlerimiz<\/a><\/li>\n<\/ul>\t\t\t<\/nav>\n\t\t\t\t\t\t<\/div>\n\t\t\t\t<\/div>\n\t\t\t\t\t<\/div>\n\t\t<\/div>\n\t\t\t\t<div class=\"elementor-column elementor-col-50 elementor-inner-column elementor-element elementor-element-b8051bc\" data-id=\"b8051bc\" data-element_type=\"column\" data-e-type=\"column\">\n\t\t\t<div class=\"elementor-widget-wrap elementor-element-populated\">\n\t\t\t\t\t\t<div class=\"elementor-element elementor-element-95ea597 elementor-widget elementor-widget-text-editor\" data-id=\"95ea597\" data-element_type=\"widget\" data-e-type=\"widget\" data-widget_type=\"text-editor.default\">\n\t\t\t\t<div class=\"elementor-widget-container\">\n\t\t\t\t\t\t\t\t\tHAKKIMIZDA\t\t\t\t\t\t\t\t<\/div>\n\t\t\t\t<\/div>\n\t\t\t\t<div class=\"elementor-element elementor-element-82ceea7 elementor-widget elementor-widget-text-editor\" data-id=\"82ceea7\" data-element_type=\"widget\" data-e-type=\"widget\" data-widget_type=\"text-editor.default\">\n\t\t\t\t<div class=\"elementor-widget-container\">\n\t\t\t\t\t\t\t\t\t<p>2022 y\u0131l\u0131nda kurulan MGEON\u2019un amac\u0131, uluslararas\u0131 mass premium, selective, ni\u015f g\u00fczellik markalar\u0131n\u0131 ve sa\u011fl\u0131k \u00fcr\u00fcnlerini T\u00fcrkiye pazar\u0131na getirmektir. Sekt\u00f6rde tecr\u00fcbeli bir \u015firket olan MGEON, getirece\u011fi se\u00e7ili markalarla T\u00fcrkiye\u2019de rekabeti yukar\u0131ya ta\u015f\u0131yarak insanlara kaliteli \u00fcr\u00fcnler sunmay\u0131 hedeflemi\u015ftir.<\/p><p>MGEON, ba\u015far\u0131y\u0131 hedeflemi\u015f, inovatif, modern, cesur, g\u00fcncel teknolojileri kullanan, \u00e7a\u011f\u0131n ihtiya\u00e7lar\u0131n\u0131 ve trendlerini takip eden, b\u00fct\u00fcn payda\u015flar\u0131na e\u015fit mesafede duran, tam i\u015f birli\u011fi ile uyum i\u00e7inde \u00e7al\u0131\u015fan, tutkulu, \u015feffaf, hesap verebilirlik ve g\u00fcven ilkelerini benimseyen bir \u015firkettir.<\/p><p>Farkl\u0131 sekt\u00f6rlerdeki bilgi ve birikimi ile markalar\u0131 do\u011fru kanalda ve do\u011fru noktada t\u00fcketicilerle bulu\u015fturmak i\u00e7in y\u00fcksek focusa sahip olmas\u0131 ve sekt\u00f6r\u00fcn i\u00e7inden gelmesi MGEON\u2019 un en b\u00fcy\u00fck avantajlar\u0131ndan biridir. Geli\u015fen ve b\u00fcy\u00fcyen sekt\u00f6rle beraber s\u00fcrd\u00fcr\u00fclebilirlik ve maksimum verimlilik noktas\u0131nda \u015firketimiz kendini s\u00fcrekli geli\u015ftirmektedir.<\/p><p>\u015eirketimiz, yeni i\u015f modeli kapsam\u0131nda uzmanl\u0131k alan\u0131 olan mass premium, selective ve ni\u015f kozmetik markalar\u0131n\u0131n perakende sekt\u00f6r\u00fcnde se\u00e7ili lokal ve zincir parf\u00fcmeri ma\u011fazalar\u0131, ni\u015f zincir kozmetik ma\u011fazalar\u0131, g\u00fczellik merkezleri, OTC ve dermokozmetik \u00fcr\u00fcnlerinde ise eczane kanal\u0131 ve ecza \/ \u0131triyat depolar\u0131 olarak sekt\u00f6rdeki kapsam\u0131n\u0131 ve konumunu belirlemi\u015ftir. \u00c7evrimd\u0131\u015f\u0131 kanallara ek olarak \u00e7evrimi\u00e7i kanallarda da i\u015f ortaklar\u0131na hizmet vermektedir.<\/p><p>MGEON \u2019un en \u00f6nemli \u00f6zelliklerinden biri de emanet\u00e7i anlay\u0131\u015ftan uzak markan\u0131z\u0131 sahiplenen bir kurum olmas\u0131d\u0131r. \u0130\u015f ortaklar\u0131na e\u015fit mesafede yakla\u015fan ve hizmet kalitesini ayn\u0131 seviyede sunmak i\u00e7in var g\u00fcc\u00fc ile \u00e7al\u0131\u015fan MGEON; etik ve \u015feffafl\u0131k ilkelerinden taviz vermeden, modern ve g\u00fcncel teknolojiyi kullanmaktad\u0131r. Sunaca\u011f\u0131 hizmet kalitesi ile yak\u0131n zamanda sekt\u00f6rde ad\u0131ndan s\u00f6z ettirecek bir \u015firket olmakla birlikte, gerek i\u00e7 pazarda gerekse uluslararas\u0131 pazarda fark yaratacak \u00e7al\u0131\u015fmalarla sekt\u00f6rdeki fark\u0131n\u0131 ve dinamizmini ortaya koymaktad\u0131r.<\/p><p>MGEON,\u00a0 farl\u0131l\u0131klara sayg\u0131 duyarak uyum i\u00e7inde \u00e7al\u0131\u015fmaya adanm\u0131\u015ft\u0131r. Bu kapsamda; tavizsiz etik anlay\u0131\u015f ba\u015fta olmak \u00fczere, d\u00fcr\u00fcstl\u00fck, e\u015fitlik, adillik ve g\u00fcvene dayal\u0131 bir organizasyon yaratmak i\u00e7in motive olmu\u015ftur. Hizmet verdi\u011fi t\u00fcm sekt\u00f6rlerde olumlu izler b\u0131rakmak i\u00e7in t\u00fcm \u00e7al\u0131\u015fanlar\u0131 ile benimsedi\u011fi insanlara ve \u00e7evreye sayg\u0131 k\u00fclt\u00fcr\u00fcn\u00fcn yay\u0131lmas\u0131na \u00f6nc\u00fcl\u00fck etmeyi ama\u00e7 edinmi\u015ftir.<\/p>\t\t\t\t\t\t\t\t<\/div>\n\t\t\t\t<\/div>\n\t\t\t\t\t<\/div>\n\t\t<\/div>\n\t\t\t\t\t<\/div>\n\t\t<\/section>\n\t\t\t\t\t<\/div>\n\t\t<\/div>\n\t\t\t\t\t<\/div>\n\t\t<\/section>\n\t\t\t\t<\/div>\n\t\t","protected":false},"excerpt":{"rendered":"<p>HAKKIMIZDA 2022 y\u0131l\u0131nda kurulan MGEON\u2019un amac\u0131, uluslararas\u0131 mass premium, selective, ni\u015f g\u00fczellik markalar\u0131n\u0131 ve sa\u011fl\u0131k \u00fcr\u00fcnlerini T\u00fcrkiye pazar\u0131na getirmektir. Sekt\u00f6rde tecr\u00fcbeli bir \u015firket olan MGEON, getirece\u011fi se\u00e7ili markalarla T\u00fcrkiye\u2019de rekabeti yukar\u0131ya ta\u015f\u0131yarak insanlara kaliteli \u00fcr\u00fcnler sunmay\u0131 hedeflemi\u015ftir. MGEON, ba\u015far\u0131y\u0131 hedeflemi\u015f, inovatif, modern, cesur, g\u00fcncel teknolojileri kullanan, \u00e7a\u011f\u0131n ihtiya\u00e7lar\u0131n\u0131 ve trendlerini takip eden, b\u00fct\u00fcn payda\u015flar\u0131na e\u015fit [&hellip;]<\/p>\n","protected":false},"author":1,"featured_media":0,"parent":0,"menu_order":0,"comment_status":"closed","ping_status":"closed","template":"elementor_header_footer","meta":{"footnotes":""},"class_list":["post-11","page","type-page","status-publish","hentry"],"_links":{"self":[{"href":"https:\/\/www.mgeon.com\/tr\/wp-json\/wp\/v2\/pages\/11","targetHints":{"allow":["GET"]}}],"collection":[{"href":"https:\/\/www.mgeon.com\/tr\/wp-json\/wp\/v2\/pages"}],"about":[{"href":"https:\/\/www.mgeon.com\/tr\/wp-json\/wp\/v2\/types\/page"}],"author":[{"embeddable":true,"href":"https:\/\/www.mgeon.com\/tr\/wp-json\/wp\/v2\/users\/1"}],"replies":[{"embeddable":true,"href":"https:\/\/www.mgeon.com\/tr\/wp-json\/wp\/v2\/comments?post=11"}],"version-history":[{"count":0,"href":"https:\/\/www.mgeon.com\/tr\/wp-json\/wp\/v2\/pages\/11\/revisions"}],"wp:attachment":[{"href":"https:\/\/www.mgeon.com\/tr\/wp-json\/wp\/v2\/media?parent=11"}],"curies":[{"name":"wp","href":"https:\/\/api.w.org\/{rel}","templated":true}]}}