{"id":15,"date":"2022-09-22T19:21:58","date_gmt":"2022-09-22T19:21:58","guid":{"rendered":"https:\/\/mgeon.com\/?page_id=15"},"modified":"2023-03-03T09:39:24","modified_gmt":"2023-03-03T09:39:24","slug":"etkinlikler","status":"publish","type":"page","link":"https:\/\/www.mgeon.com\/tr\/etkinlikler\/","title":{"rendered":"Etkinlikler"},"content":{"rendered":"\t\t<div data-elementor-type=\"wp-page\" data-elementor-id=\"15\" class=\"elementor elementor-15\" data-elementor-post-type=\"page\">\n\t\t\t\t\t\t<section class=\"elementor-section elementor-top-section elementor-element elementor-element-2e3ea6be elementor-section-boxed elementor-section-height-default elementor-section-height-default\" data-id=\"2e3ea6be\" data-element_type=\"section\" data-e-type=\"section\" data-settings=\"{&quot;background_background&quot;:&quot;classic&quot;}\">\n\t\t\t\t\t\t<div class=\"elementor-container elementor-column-gap-default\">\n\t\t\t\t\t<div class=\"elementor-column elementor-col-100 elementor-top-column elementor-element elementor-element-3240805f\" data-id=\"3240805f\" data-element_type=\"column\" data-e-type=\"column\">\n\t\t\t<div class=\"elementor-widget-wrap elementor-element-populated\">\n\t\t\t\t\t\t<div class=\"elementor-element elementor-element-1c9ed668 elementor-widget elementor-widget-text-editor\" data-id=\"1c9ed668\" data-element_type=\"widget\" data-e-type=\"widget\" data-widget_type=\"text-editor.default\">\n\t\t\t\t<div class=\"elementor-widget-container\">\n\t\t\t\t\t\t\t\t\tETK\u0130NL\u0130KLER\t\t\t\t\t\t\t\t<\/div>\n\t\t\t\t<\/div>\n\t\t\t\t\t<\/div>\n\t\t<\/div>\n\t\t\t\t\t<\/div>\n\t\t<\/section>\n\t\t\t\t<section class=\"elementor-section elementor-top-section elementor-element elementor-element-364ab2ee elementor-section-boxed elementor-section-height-default elementor-section-height-default\" data-id=\"364ab2ee\" data-element_type=\"section\" data-e-type=\"section\">\n\t\t\t\t\t\t<div class=\"elementor-container elementor-column-gap-default\">\n\t\t\t\t\t<div class=\"elementor-column elementor-col-100 elementor-top-column elementor-element elementor-element-7d0fa8b8\" data-id=\"7d0fa8b8\" data-element_type=\"column\" data-e-type=\"column\">\n\t\t\t<div class=\"elementor-widget-wrap elementor-element-populated\">\n\t\t\t\t\t\t<div class=\"elementor-element elementor-element-13d5ff1b elementor-widget__width-initial elementor-widget elementor-widget-image\" data-id=\"13d5ff1b\" data-element_type=\"widget\" data-e-type=\"widget\" data-widget_type=\"image.default\">\n\t\t\t\t<div class=\"elementor-widget-container\">\n\t\t\t\t\t\t\t\t\t\t\t\t\t\t\t<img fetchpriority=\"high\" decoding=\"async\" width=\"512\" height=\"512\" src=\"https:\/\/www.mgeon.com\/wp-content\/uploads\/2022\/09\/cropped-favicon.png\" class=\"attachment-large size-large wp-image-74\" alt=\"\" srcset=\"https:\/\/www.mgeon.com\/wp-content\/uploads\/2022\/09\/cropped-favicon.png 512w, https:\/\/www.mgeon.com\/wp-content\/uploads\/2022\/09\/cropped-favicon-300x300.png 300w, https:\/\/www.mgeon.com\/wp-content\/uploads\/2022\/09\/cropped-favicon-150x150.png 150w, https:\/\/www.mgeon.com\/wp-content\/uploads\/2022\/09\/cropped-favicon-230x230.png 230w, https:\/\/www.mgeon.com\/wp-content\/uploads\/2022\/09\/cropped-favicon-400x400.png 400w, https:\/\/www.mgeon.com\/wp-content\/uploads\/2022\/09\/cropped-favicon-270x270.png 270w, https:\/\/www.mgeon.com\/wp-content\/uploads\/2022\/09\/cropped-favicon-192x192.png 192w, https:\/\/www.mgeon.com\/wp-content\/uploads\/2022\/09\/cropped-favicon-180x180.png 180w, https:\/\/www.mgeon.com\/wp-content\/uploads\/2022\/09\/cropped-favicon-32x32.png 32w\" sizes=\"(max-width: 512px) 100vw, 512px\" \/>\t\t\t\t\t\t\t\t\t\t\t\t\t\t\t<\/div>\n\t\t\t\t<\/div>\n\t\t\t\t<div class=\"elementor-element elementor-element-36ae976e elementor-widget elementor-widget-text-editor\" data-id=\"36ae976e\" data-element_type=\"widget\" data-e-type=\"widget\" data-widget_type=\"text-editor.default\">\n\t\t\t\t<div class=\"elementor-widget-container\">\n\t\t\t\t\t\t\t\t\t<p><b>\u00e7ok yak\u0131nda<\/b><\/p>\t\t\t\t\t\t\t\t<\/div>\n\t\t\t\t<\/div>\n\t\t\t\t\t<\/div>\n\t\t<\/div>\n\t\t\t\t\t<\/div>\n\t\t<\/section>\n\t\t\t\t<\/div>\n\t\t","protected":false},"excerpt":{"rendered":"<p>ETK\u0130NL\u0130KLER \u00e7ok yak\u0131nda<\/p>\n","protected":false},"author":1,"featured_media":0,"parent":0,"menu_order":0,"comment_status":"closed","ping_status":"closed","template":"elementor_header_footer","meta":{"footnotes":""},"class_list":["post-15","page","type-page","status-publish","hentry"],"_links":{"self":[{"href":"https:\/\/www.mgeon.com\/tr\/wp-json\/wp\/v2\/pages\/15","targetHints":{"allow":["GET"]}}],"collection":[{"href":"https:\/\/www.mgeon.com\/tr\/wp-json\/wp\/v2\/pages"}],"about":[{"href":"https:\/\/www.mgeon.com\/tr\/wp-json\/wp\/v2\/types\/page"}],"author":[{"embeddable":true,"href":"https:\/\/www.mgeon.com\/tr\/wp-json\/wp\/v2\/users\/1"}],"replies":[{"embeddable":true,"href":"https:\/\/www.mgeon.com\/tr\/wp-json\/wp\/v2\/comments?post=15"}],"version-history":[{"count":0,"href":"https:\/\/www.mgeon.com\/tr\/wp-json\/wp\/v2\/pages\/15\/revisions"}],"wp:attachment":[{"href":"https:\/\/www.mgeon.com\/tr\/wp-json\/wp\/v2\/media?parent=15"}],"curies":[{"name":"wp","href":"https:\/\/api.w.org\/{rel}","templated":true}]}}