{"id":21,"date":"2022-09-22T19:23:04","date_gmt":"2022-09-22T19:23:04","guid":{"rendered":"https:\/\/mgeon.com\/?page_id=21"},"modified":"2022-10-03T10:24:31","modified_gmt":"2022-10-03T10:24:31","slug":"cerez-politikasi","status":"publish","type":"page","link":"https:\/\/www.mgeon.com\/tr\/cerez-politikasi\/","title":{"rendered":"\u00c7erez Politikas\u0131"},"content":{"rendered":"\t\t<div data-elementor-type=\"wp-page\" data-elementor-id=\"21\" class=\"elementor elementor-21\" data-elementor-post-type=\"page\">\n\t\t\t\t\t\t<section class=\"elementor-section elementor-top-section elementor-element elementor-element-1855b86b elementor-section-boxed elementor-section-height-default elementor-section-height-default\" data-id=\"1855b86b\" data-element_type=\"section\" data-e-type=\"section\" data-settings=\"{&quot;background_background&quot;:&quot;classic&quot;}\">\n\t\t\t\t\t\t<div class=\"elementor-container elementor-column-gap-default\">\n\t\t\t\t\t<div class=\"elementor-column elementor-col-100 elementor-top-column elementor-element elementor-element-4790623d\" data-id=\"4790623d\" data-element_type=\"column\" data-e-type=\"column\">\n\t\t\t<div class=\"elementor-widget-wrap elementor-element-populated\">\n\t\t\t\t\t\t<div class=\"elementor-element elementor-element-2cabe427 elementor-widget elementor-widget-text-editor\" data-id=\"2cabe427\" data-element_type=\"widget\" data-e-type=\"widget\" data-widget_type=\"text-editor.default\">\n\t\t\t\t<div class=\"elementor-widget-container\">\n\t\t\t\t\t\t\t\t\t\u00c7EREZ POL\u0130T\u0130KASI\t\t\t\t\t\t\t\t<\/div>\n\t\t\t\t<\/div>\n\t\t\t\t\t<\/div>\n\t\t<\/div>\n\t\t\t\t\t<\/div>\n\t\t<\/section>\n\t\t\t\t<section class=\"elementor-section elementor-top-section elementor-element elementor-element-15e0e837 elementor-section-boxed elementor-section-height-default elementor-section-height-default\" data-id=\"15e0e837\" data-element_type=\"section\" data-e-type=\"section\">\n\t\t\t\t\t\t<div class=\"elementor-container elementor-column-gap-default\">\n\t\t\t\t\t<div class=\"elementor-column elementor-col-100 elementor-top-column elementor-element elementor-element-6934b2a3\" data-id=\"6934b2a3\" data-element_type=\"column\" data-e-type=\"column\">\n\t\t\t<div class=\"elementor-widget-wrap elementor-element-populated\">\n\t\t\t\t\t\t<div class=\"elementor-element elementor-element-7fb10d65 elementor-widget elementor-widget-text-editor\" data-id=\"7fb10d65\" data-element_type=\"widget\" data-e-type=\"widget\" data-widget_type=\"text-editor.default\">\n\t\t\t\t<div class=\"elementor-widget-container\">\n\t\t\t\t\t\t\t\t\t<p><strong>\u00c7EREZ AYDINLATMA METN\u0130<\/strong><strong>\u00a0<\/strong><\/p><p><strong>VER\u0130 SORUMLUSU<\/strong><\/p><p>MGEON Ki\u015fisel Bak\u0131m ve T\u00fcketim \u00dcr\u00fcnleri Ticaret A.\u015e. (\u201c<strong>MGEON<\/strong>\u201d)(\u201c<strong>Veri Sorumlusu<\/strong>\u201d) olarak bir yandan \u00e7evrimi\u00e7i deneyiminizi geli\u015ftirmemize yard\u0131mc\u0131 olacak bilgileri toplarken di\u011fer yandan web sitemizi (\u201c<strong>https:\/\/www.mgeon.com.\/<\/strong>\u201d) ziyaret eden sizlerin \u00f6zel hayat\u0131n gizlili\u011fi konusundaki hassasiyetlerine b\u00fcy\u00fck de\u011fer vermekteyiz.<\/p><p>\u00c7erez Ayd\u0131nlatma Metni ile taraf\u0131n\u0131z\u0131 \u00e7erezler konusunda bilgilendirmeyi ama\u00e7lamaktay\u0131z.\u00a0 Bu \u00c7erez Ayd\u0131nlatma Metni web sitemizde kullan\u0131lan farkl\u0131 \u00e7erez t\u00fcrlerini ve bunlar\u0131 nas\u0131l kontrol edebilece\u011finize ili\u015fkin a\u00e7\u0131klamalar\u0131 i\u00e7ermektedir.<\/p><p>\u00c7erez k\u00fc\u00e7\u00fck bir text dosyas\u0131d\u0131r ve web sitemizin taray\u0131c\u0131n\u0131za g\u00f6nderebilece\u011fi belirli miktarda veri tutmaktad\u0131r. Daha sonra bilgisayar\u0131n\u0131z\u0131n sabit diskinde saklanabilmekte ve web sunucumuz taraf\u0131ndan eri\u015filebilmektedir. Bu \u00e7erezler daha sonra taraf\u0131m\u0131zca al\u0131nabilmekte ve \u00e7erezler vas\u0131tas\u0131yla web sayfalar\u0131m\u0131z ve hizmetlerimiz d\u00fczenlenebilmektedir. \u00c7erez Ayd\u0131nlatma Metni\u2019nde; \u00e7erezleri, pikselleri, web i\u015faretlerini ve gifleri i\u00e7eren t\u00fcm teknolojileri \u00e7erezler olarak adland\u0131rmaktay\u0131z.<\/p><p>Web sitemizi kullanarak, bu \u00c7erez Ayd\u0131nlatma Metni\u2019nde belirtilen \u00e7erezlerin ve di\u011fer teknolojilerin kullan\u0131m\u0131n\u0131 kabul etmi\u015f olursunuz. \u00c7erez ayarlar\u0131na ili\u015fkin de\u011fi\u015fiklikleri taray\u0131c\u0131 ayarlar\u0131n\u0131zdan yapabilirsiniz. \u00c7erezlerin kullan\u0131lmas\u0131n\u0131 istemezseniz, ziyaret deneyiminizi daha verimli hale getiren bir\u00e7ok \u00f6zelli\u011fe eri\u015fiminiz olmayacak ve baz\u0131 hizmetlerimiz d\u00fczg\u00fcn \u00e7al\u0131\u015fmayacakt\u0131r. \u00c7erezlerin kullan\u0131lmas\u0131n\u0131n istenmemesine ili\u015fkin ayr\u0131nt\u0131l\u0131 bilgiyi son k\u0131sm\u0131nda bulabilirsiniz.<\/p><p>\u0130deal olarak web sitemizde kullan\u0131lan \u00e7erezlere yeni \u00e7erezler ekleyebilir, kullanmaktan vazge\u00e7ebilir veya de\u011fi\u015ftirebiliriz. \u00c7erez Ayd\u0131nlatma Metnini diledi\u011fimiz zaman tek tarafl\u0131 de\u011fi\u015ftirebilme hakk\u0131m\u0131z\u0131n oldu\u011funu belirtmek isteriz.<\/p><p><strong>K\u0130\u015e\u0130SEL VER\u0130 TOPLAMANIN Y\u00d6NTEM\u0130 VE HUKUK\u0130 SEBEB\u0130<\/strong><\/p><p>Ki\u015fisel verileriniz, elektronik ortamda a\u00e7\u0131k r\u0131zan\u0131za gerek olmaks\u0131z\u0131n \u00e7erezler yoluyla toplanabilmekte olup Ki\u015fisel Verilerin Korunmas\u0131 Kanunu\u2019nun 5. Maddesine uygun olarak, ilgili ki\u015finin temel hak ve \u00f6zg\u00fcrl\u00fcklerine zarar vermemek kayd\u0131yla, \u015eirketimizin me\u015fru menfaatleri i\u00e7in i\u015flenmektedir.<\/p><p><strong>K\u0130\u015e\u0130SEL VER\u0130LER\u0130N \u0130\u015eLENME AMACI<\/strong><\/p><p>\u00c7erezler, web sitemizde \u00e7al\u0131\u015fmas\u0131n\u0131, gezinmenizi ve belirli \u00f6zellikleri kullanman\u0131z\u0131 sa\u011flamak, web sitesi deneyimimizi geli\u015ftirmek veya di\u011fer istatistik verilerini toplamak, yapt\u0131\u011f\u0131n\u0131z se\u00e7imleri (dil tercihi, \u00fclke konumu veya di\u011fer \u00e7evrimi\u00e7i ayarlar gibi) hat\u0131rlamak ve se\u00e7ti\u011finiz ki\u015fiselle\u015ftirilmi\u015f veya geli\u015ftirilmi\u015f \u00f6zellikleri sa\u011flamak,\u00a0 sitemizi daha kolay kullan\u0131labilir bir hale d\u00f6n\u00fc\u015ft\u00fcrmek \u00e7al\u0131\u015fmalar\u0131nda bulunmak ama\u00e7lar\u0131 i\u00e7in i\u015flenir.<strong>\u00a0<\/strong><\/p><p><strong>Gerekli \u00c7erezler<\/strong><\/p><p>Gerekli \u00e7erezler, sayfa gezintisi ve web sitesinin g\u00fcvenli alanlar\u0131na eri\u015fim gibi temel i\u015flevleri etkinle\u015ftirerek bir web sitesini kullan\u0131labilir hale getirmeye yard\u0131mc\u0131 olur. Web sitesi bu \u00e7erezler olmadan d\u00fczg\u00fcn \u00e7al\u0131\u015famaz. Bunlar genellikle taraf\u0131n\u0131zca yap\u0131lan ve hizmet talebi anlam\u0131na gelen eylemlere yan\u0131t olarak yerle\u015ftirilir. Bu \u00e7erezler sizi ki\u015fisel olarak tan\u0131mlayabilecek herhangi bir bilgi saklamamaktad\u0131r.<\/p><p><strong>\u0130\u015flevsel \u00c7erezler<\/strong><\/p><p>Bu \u00e7erezler size sitemizde \u00f6nceki ziyaret ve se\u00e7imlerinize dayanarak web sitemizin daha zengin i\u015flevsellik ve ki\u015fiselle\u015ftirme sunmas\u0131na olanak sa\u011flar. \u0130\u015flevsel \u00e7erezler, web sitemizde yapt\u0131\u011f\u0131n\u0131z se\u00e7imlerin (kullan\u0131c\u0131 ad\u0131n\u0131z, diliniz veya bulundu\u011funuz b\u00f6lge gibi) hat\u0131rlanmas\u0131na ve geli\u015fmi\u015f, daha ki\u015fisel kullan\u0131mlar sunmas\u0131na olanak tan\u0131r. \u00d6rne\u011fin, bu \u00e7erezler metin boyutu, yaz\u0131 tipleri ve web sayfalar\u0131m\u0131z\u0131n \u00f6zelle\u015ftirebilece\u011finiz di\u011fer b\u00f6l\u00fcmlerinde yapt\u0131\u011f\u0131n\u0131z de\u011fi\u015fiklikleri hat\u0131rlamak i\u00e7in kullan\u0131labilir.<\/p><p><strong>Hedefleme ve Tan\u0131t\u0131m \u00c7erezleri<\/strong><\/p><p>Bu \u00e7erezleri, sizinle ve ilgi alanlar\u0131n\u0131zla daha alakal\u0131 reklamlar sunmak i\u00e7in kullan\u0131r\u0131z. Ayr\u0131ca, bir reklam\u0131 g\u00f6rme say\u0131s\u0131n\u0131 s\u0131n\u0131rlamak ve reklam kampanyas\u0131n\u0131n etkinli\u011fini \u00f6l\u00e7mek i\u00e7in de kullan\u0131lmaktad\u0131r. Bu \u00e7erezler, web sitemizi ziyaret etti\u011finizi ve bu bilgileri \u00fc\u00e7\u00fcnc\u00fc taraf web sitelerini ziyaret etti\u011finizde \u00fcr\u00fcnlerimiz ve hizmetlerimiz i\u00e7in reklamlar\u0131 uyarlamak amac\u0131yla kulland\u0131\u011f\u0131n\u0131z\u0131 hat\u0131rlar. Bu \u00e7erezler i\u015f ortaklar\u0131m\u0131z taraf\u0131ndan web sitemiz \u00fczerinden yerle\u015ftirilebilir. Bunlar s\u00f6z konusu \u015firketler taraf\u0131ndan ilgi alanlar\u0131n\u0131z\u0131n bir profilini olu\u015fturmak ve size di\u011fer sitelerdeki ilgili reklamlar\u0131 sunmak amac\u0131yla kullan\u0131labilir ve payla\u015f\u0131labilir.<\/p><p><strong>\u00dc\u00e7\u00fcnc\u00fc-\u015eah\u0131s \u00c7erezleri<\/strong><\/p><p>MGEON rekl\u00e2mlar\u0131n\u0131n i\u015f ortaklar\u0131m\u0131z kendi alanlar\u0131nda size sunabilmeleri i\u00e7in web sitemizi ziyaret etti\u011finizde bizim ad\u0131m\u0131za sizin cihaz\u0131n\u0131za \u00e7erezler de yerle\u015ftirebilecek bir dizi i\u015f orta\u011f\u0131yla \u00e7al\u0131\u015f\u0131yoruz. Bu \u00e7erezleri kabul etmek isteyip istemedi\u011finize karar verebilmeniz i\u00e7in bu \u00e7erezleri kullan\u0131lmadan \u00f6nce belirlemek ve tan\u0131tmak i\u00e7in \u00e7aba g\u00f6steriyoruz.<\/p><p><strong>\u0130\u015eLENEN K\u0130\u015e\u0130SEL VER\u0130LER\u0130N K\u0130MLERE VE HANG\u0130 AMA\u00c7LA AKTARILACA\u011eI<\/strong><\/p><p>Bu ama\u00e7lar\u0131n ger\u00e7ekle\u015ftirilmesi kapsam\u0131nda i\u015flenen ki\u015fisel verileriniz, yukar\u0131da say\u0131lan ama\u00e7lar do\u011frultusunda; hukuki y\u00fck\u00fcml\u00fcl\u00fc\u011f\u00fcm\u00fcz\u00fcn yerine getirilmesi amac\u0131yla yetkili kamu kurum ve kurulu\u015flar\u0131na, \u00e7erezlerin de\u011ferlendirilebilmesi, web sitesinin gere\u011fi gibi \u00e7al\u0131\u015fabilmesi, veri i\u015fleme faaliyetleri i\u00e7in hizmet sa\u011flay\u0131c\u0131lar\u0131m\u0131za, tedarik\u00e7ilerimize ve aktar\u0131labilmektedir.<\/p><p><strong>\u00c7EREZLER\u0130N KULLANILMASININ ENGELLENMES\u0130<\/strong><\/p><p>A\u015fa\u011f\u0131da farkl\u0131 internet taray\u0131c\u0131lar\u0131 \u00fczerinden \u00e7erezlerin kullan\u0131lmas\u0131n\u0131 engellemek i\u00e7in hangi ad\u0131mlar\u0131n izlenmesi gerekti\u011fine ili\u015fkin bilgiler yer almaktad\u0131r.<\/p><ul><li><strong> Internet Explorer<\/strong><br \/>1. Masa\u00fcst\u00fcn\u00fc a\u00e7\u0131n ve g\u00f6rev \u00e7ubu\u011funda Internet Explorer simgesine dokunun veya t\u0131klay\u0131n.<br \/>2. Ara\u00e7lar d\u00fc\u011fmesine ve \u0130nternet se\u00e7eneklerine dokunun veya t\u0131klay\u0131n.<br \/>3. Gizlilik sekmesine dokunun veya t\u0131klay\u0131n, ard\u0131ndan t\u00fcm tan\u0131mlama bilgilerini engellemek i\u00e7in Ayarlar\u0131n alt\u0131nda bulunan kayd\u0131r\u0131c\u0131y\u0131 yukar\u0131ya hareket ettirin ve Tamam d\u00fc\u011fmesine dokunun veya t\u0131klay\u0131n.<\/li><li><strong>Microsoft Edge<\/strong><br \/>1. Microsoft Edge taray\u0131c\u0131n\u0131z\u0131n sa\u011f \u00fcst k\u00f6\u015fesinden \u00fc\u00e7 nokta i\u015fareti olan b\u00f6l\u00fcme t\u0131klay\u0131n ve Ayarlar b\u00f6l\u00fcm\u00fcne gelin.<br \/>2. Kar\u015f\u0131n\u0131za gelen yeni pencereden Temizlenecek \u00d6\u011feleri Se\u00e7 dedikten sonra kar\u015f\u0131n\u0131za gelen pencereden temizlemek istedi\u011finiz b\u00f6l\u00fcmleri se\u00e7in.<br \/>3. Burada bir\u00e7ok b\u00f6l\u00fcm bulunmaktad\u0131r. \u0130stedi\u011finizi se\u00e7erek temizleme i\u015flemine ba\u015flayabilirsiniz.<\/li><li><strong> Google Chrome<\/strong><br \/>1. Bilgisayar\u0131n\u0131zda Chrome&#8217;u a\u00e7\u0131n.<br \/>2. Sa\u011f \u00fcstte Di\u011fer Ayarlar\u0131 t\u0131klay\u0131n.<br \/>3. Altta Geli\u015fmi\u015fi t\u0131klay\u0131n.<br \/>4. Gizlilik ve g\u00fcvenli\u011fin alt\u0131nda \u0130\u00e7erik ayarlar\u0131n\u0131 t\u0131klay\u0131n.<br \/>5. \u00c7erezleri t\u0131klay\u0131n.<br \/>6. T\u00fcm \u00e7erezler ve site verileri&#8221;nin alt\u0131nda Web Sitesi&#8217;nin ad\u0131n\u0131 aray\u0131n.<br \/>7. Sitenin sa\u011f\u0131ndaki Kald\u0131r simgesini t\u0131klay\u0131n.<\/li><li><strong> Mozilla Firefox<\/strong><br \/>1. Firefox Men\u00fc d\u00fc\u011fmesine t\u0131klay\u0131n ve Se\u00e7enekleri se\u00e7in.<br \/>2. Gizlilik ve G\u00fcvenlik panelini se\u00e7in ve Ge\u00e7mi\u015f b\u00f6l\u00fcm\u00fcne gidin.<br \/>3. Firefox ayar\u0131n\u0131 ge\u00e7mi\u015f i\u00e7in \u00f6zel ayarlar\u0131 kullans\u0131n olarak de\u011fi\u015ftirin.<br \/>4. \u00c7erezleri g\u00f6ster d\u00fc\u011fmesine t\u0131klay\u0131n. \u00c7erezler penceresi g\u00f6r\u00fcnecektir.<br \/>5. Arama alan\u0131na, \u00e7erezlerini silmek istedi\u011finiz sitenin ad\u0131n\u0131 yaz\u0131n. Araman\u0131zla e\u015fle\u015fen \u00e7erezler g\u00f6r\u00fcnt\u00fclenecektir.<br \/>6. Silmek istedi\u011finiz \u00e7erez(ler)i se\u00e7ip Se\u00e7ilenleri sil d\u00fc\u011fmesine t\u0131klay\u0131n.<br \/>7. Kapat d\u00fc\u011fmesine t\u0131klayarak \u00c7erezler penceresini kapat\u0131n. Sonra da about preferences sayfas\u0131n\u0131 kapat\u0131n.<\/li><li><strong> Safari<\/strong><br \/>1. Safari &gt; Tercihleri se\u00e7in.<br \/>2. Gizlilik \u00f6\u011fesini t\u0131klay\u0131n.<br \/>3. Web Sitesi Verilerini t\u0131klay\u0131n.<br \/>4. Bir veya daha fazla web sitesi se\u00e7in ve sonra Sil veya T\u00fcm\u00fcn\u00fc Sil&#8217;e t\u0131klay\u0131n.<\/li><\/ul><p>Di\u011fer ana web taray\u0131c\u0131lar\u0131nda bu i\u015flemin nas\u0131l yap\u0131laca\u011f\u0131 hakk\u0131nda daha fazla bilgiyi\u00a0<\/p><p><a href=\"https:\/\/www.esb.org.tr\/cerez-bellek\">https:\/\/www.esb.org.tr\/cerez-bellek<\/a>\u00a0veya\u00a0<a href=\"https:\/\/www.aboutcookies.org\/\">https:\/\/www.aboutcookies.org<\/a>\u00a0adresinde bulabilirsiniz.<\/p><p>Ziyaret etti\u011finiz web sitelerinin geride b\u0131rakt\u0131\u011f\u0131 t\u00fcm \u00e7erezli \u00fc\u00e7\u00fcnc\u00fc parti yaz\u0131l\u0131mlar arac\u0131l\u0131\u011f\u0131yla da silebilirsiniz.<\/p><p><strong>K\u0130\u015e\u0130SEL VER\u0130LER\u0130N KORUMASI KANUNU UYARINCA HAKLARINIZ<\/strong><\/p><p>Kanun\u2019un 11. maddesi h\u00fck\u00fcmleri uyar\u0131nca ki\u015fisel verilerinize ili\u015fki olarak a\u015fa\u011f\u0131daki haklara sahip oldu\u011funuzu belirtmek isteriz;<\/p><ul><li>Ki\u015fisel veri i\u015flenip i\u015flenmedi\u011fini \u00f6\u011frenme,<\/li><li>Ki\u015fisel verileri i\u015flenmi\u015fse buna ili\u015fkin bilgi talep etme,<\/li><li>Ki\u015fisel verilerin i\u015flenme amac\u0131n\u0131 ve bunlar\u0131n amac\u0131na uygun kullan\u0131l\u0131p kullan\u0131lmad\u0131\u011f\u0131n\u0131 \u00f6\u011frenme,<\/li><li>Yurt i\u00e7inde veya yurt d\u0131\u015f\u0131nda ki\u015fisel verilerin aktar\u0131ld\u0131\u011f\u0131 \u00fc\u00e7\u00fcnc\u00fc ki\u015fileri bilme,<\/li><li>Ki\u015fisel verilerin eksik veya yanl\u0131\u015f i\u015flenmi\u015f olmas\u0131 h\u00e2linde bunlar\u0131n d\u00fczeltilmesini isteme,<\/li><li>Ki\u015fisel verilerin silinmesini veya yok edilmesini isteme,<\/li><li>Ki\u015fisel verilerin d\u00fczeltilmesi, silinmesi ya da yok edilmesi halinde bu i\u015flemlerin ki\u015fisel verilerin aktar\u0131ld\u0131\u011f\u0131 \u00fc\u00e7\u00fcnc\u00fc ki\u015filere bildirilmesini isteme,<\/li><li>\u0130\u015flenen verilerin m\u00fcnhas\u0131ran otomatik sistemler vas\u0131tas\u0131yla analiz edilmesi suretiyle ki\u015finin kendisi aleyhine bir sonucun ortaya \u00e7\u0131kmas\u0131na itiraz etme,<\/li><li>Ki\u015fisel verilerin kanuna ayk\u0131r\u0131 olarak i\u015flenmesi sebebiyle zarara u\u011framas\u0131 h\u00e2linde zarar\u0131n giderilmesini talep etme.<\/li><\/ul><p>Kanun\u2019un ilgili ki\u015finin haklar\u0131n\u0131 d\u00fczenleyen 11. maddesi kapsam\u0131ndaki taleplerinizi, web sitemizde bulunan \u201cKVKK Kapsam\u0131nda Ba\u015fvuru Formuna \u0130li\u015fkin Bilgilendirme\u201d metnini okuyarak ve ilgili formu doldurarak \u201cVeri Sorumlusuna Ba\u015fvuru Usul ve Esaslar\u0131 Hakk\u0131nda Tebli\u011f\u201de g\u00f6re MGEON Ki\u015fisel Bak\u0131m ve T\u00fcketim \u00dcr\u00fcnleri Ticaret A.\u015e.\u2019nin Atakent Mah. Turgut \u00d6zal Bulvar\u0131 Dumankaya Miks 48\/2 \u0130\u00e7 Kap\u0131 143 K\u00fc\u00e7\u00fck\u00e7ekmece \/ \u0130stanbul adresine yaz\u0131l\u0131 olarak, sistemimizde kay\u0131tl\u0131 olan e-posta adresinizden <a href=\"mailto:info@mgeon.com\">info@mgeon.com<\/a> \u00a0e-posta adresine, sistemimizde kay\u0131tl\u0131 olmayan e-posta adresinizden mobil imza\/e-imza kullanarak <a href=\"mailto:info@mgeon.com\">info@mgeon.com<\/a> e-posta adresine veya KEP vas\u0131tas\u0131yla mgeonkep.tr adresine iletebilirsiniz.<\/p><p>Ba\u015fvurunuz \u0130deal taraf\u0131ndan incelenecek ve KVK Kanunu ve Tebli\u011f h\u00fck\u00fcmleri kapsam\u0131nda ba\u015fvurunuzun taraf\u0131m\u0131za ula\u015ft\u0131\u011f\u0131 tarihten itibaren otuz g\u00fcn i\u00e7erisinde yan\u0131tland\u0131r\u0131lacak, yan\u0131t yaz\u0131l\u0131 olarak veya elektronik ortamda taraf\u0131n\u0131za iletilecektir. Yap\u0131lan ba\u015fvurular kapsam\u0131nda, \u0130deal kural olarak herhangi bir \u00fccret talep etmemekle birlikte, i\u015flemin ayr\u0131ca bir maliyet gerektirmesi durumunda Kurul taraf\u0131ndan belirlenen \u00fccretler al\u0131nabilecektir.<\/p>\t\t\t\t\t\t\t\t<\/div>\n\t\t\t\t<\/div>\n\t\t\t\t\t<\/div>\n\t\t<\/div>\n\t\t\t\t\t<\/div>\n\t\t<\/section>\n\t\t\t\t<\/div>\n\t\t","protected":false},"excerpt":{"rendered":"<p>\u00c7EREZ POL\u0130T\u0130KASI \u00c7EREZ AYDINLATMA METN\u0130\u00a0 VER\u0130 SORUMLUSU MGEON Ki\u015fisel Bak\u0131m ve T\u00fcketim \u00dcr\u00fcnleri Ticaret A.\u015e. (\u201cMGEON\u201d)(\u201cVeri Sorumlusu\u201d) olarak bir yandan \u00e7evrimi\u00e7i deneyiminizi geli\u015ftirmemize yard\u0131mc\u0131 olacak bilgileri toplarken di\u011fer yandan web sitemizi (\u201chttps:\/\/www.mgeon.com.\/\u201d) ziyaret eden sizlerin \u00f6zel hayat\u0131n gizlili\u011fi konusundaki hassasiyetlerine b\u00fcy\u00fck de\u011fer vermekteyiz. \u00c7erez Ayd\u0131nlatma Metni ile taraf\u0131n\u0131z\u0131 \u00e7erezler konusunda bilgilendirmeyi ama\u00e7lamaktay\u0131z.\u00a0 Bu \u00c7erez Ayd\u0131nlatma [&hellip;]<\/p>\n","protected":false},"author":1,"featured_media":0,"parent":0,"menu_order":0,"comment_status":"closed","ping_status":"closed","template":"elementor_header_footer","meta":{"footnotes":""},"class_list":["post-21","page","type-page","status-publish","hentry"],"_links":{"self":[{"href":"https:\/\/www.mgeon.com\/tr\/wp-json\/wp\/v2\/pages\/21","targetHints":{"allow":["GET"]}}],"collection":[{"href":"https:\/\/www.mgeon.com\/tr\/wp-json\/wp\/v2\/pages"}],"about":[{"href":"https:\/\/www.mgeon.com\/tr\/wp-json\/wp\/v2\/types\/page"}],"author":[{"embeddable":true,"href":"https:\/\/www.mgeon.com\/tr\/wp-json\/wp\/v2\/users\/1"}],"replies":[{"embeddable":true,"href":"https:\/\/www.mgeon.com\/tr\/wp-json\/wp\/v2\/comments?post=21"}],"version-history":[{"count":0,"href":"https:\/\/www.mgeon.com\/tr\/wp-json\/wp\/v2\/pages\/21\/revisions"}],"wp:attachment":[{"href":"https:\/\/www.mgeon.com\/tr\/wp-json\/wp\/v2\/media?parent=21"}],"curies":[{"name":"wp","href":"https:\/\/api.w.org\/{rel}","templated":true}]}}