{"id":23,"date":"2022-09-22T19:23:53","date_gmt":"2022-09-22T19:23:53","guid":{"rendered":"https:\/\/mgeon.com\/?page_id=23"},"modified":"2023-03-03T11:08:19","modified_gmt":"2023-03-03T11:08:19","slug":"web-iletisim-formu-aydinlatma","status":"publish","type":"page","link":"https:\/\/www.mgeon.com\/tr\/web-iletisim-formu-aydinlatma\/","title":{"rendered":"Web \u0130leti\u015fim Formu Ayd\u0131nlatma"},"content":{"rendered":"\t\t<div data-elementor-type=\"wp-page\" data-elementor-id=\"23\" class=\"elementor elementor-23\" data-elementor-post-type=\"page\">\n\t\t\t\t\t\t<section class=\"elementor-section elementor-top-section elementor-element elementor-element-88c31bf elementor-section-boxed elementor-section-height-default elementor-section-height-default\" data-id=\"88c31bf\" data-element_type=\"section\" data-e-type=\"section\" data-settings=\"{&quot;background_background&quot;:&quot;classic&quot;}\">\n\t\t\t\t\t\t<div class=\"elementor-container elementor-column-gap-default\">\n\t\t\t\t\t<div class=\"elementor-column elementor-col-100 elementor-top-column elementor-element elementor-element-d81de4c\" data-id=\"d81de4c\" data-element_type=\"column\" data-e-type=\"column\">\n\t\t\t<div class=\"elementor-widget-wrap elementor-element-populated\">\n\t\t\t\t\t\t<div class=\"elementor-element elementor-element-7f6e1e83 elementor-widget elementor-widget-text-editor\" data-id=\"7f6e1e83\" data-element_type=\"widget\" data-e-type=\"widget\" data-widget_type=\"text-editor.default\">\n\t\t\t\t<div class=\"elementor-widget-container\">\n\t\t\t\t\t\t\t\t\tWEB \u0130LET\u0130\u015e\u0130M FORMU AYDINLATMA\t\t\t\t\t\t\t\t<\/div>\n\t\t\t\t<\/div>\n\t\t\t\t\t<\/div>\n\t\t<\/div>\n\t\t\t\t\t<\/div>\n\t\t<\/section>\n\t\t\t\t<section class=\"elementor-section elementor-top-section elementor-element elementor-element-21c80f42 elementor-section-boxed elementor-section-height-default elementor-section-height-default\" data-id=\"21c80f42\" data-element_type=\"section\" data-e-type=\"section\">\n\t\t\t\t\t\t<div class=\"elementor-container elementor-column-gap-default\">\n\t\t\t\t\t<div class=\"elementor-column elementor-col-100 elementor-top-column elementor-element elementor-element-522b9241\" data-id=\"522b9241\" data-element_type=\"column\" data-e-type=\"column\">\n\t\t\t<div class=\"elementor-widget-wrap elementor-element-populated\">\n\t\t\t\t\t\t<div class=\"elementor-element elementor-element-34e967d2 elementor-widget elementor-widget-text-editor\" data-id=\"34e967d2\" data-element_type=\"widget\" data-e-type=\"widget\" data-widget_type=\"text-editor.default\">\n\t\t\t\t<div class=\"elementor-widget-container\">\n\t\t\t\t\t\t\t\t\t<p>Bu formda yer alan <strong>kimlik<\/strong>(ad, soyad), <strong>ileti\u015fim<\/strong>(telefon numaras\u0131, e-posta adresi) ve <strong>m\u00fc\u015fteri i\u015flem<\/strong>(talep\/\u015fikayet bilgisi) ki\u015fisel verileriniz veri sorumlusu olarak MGEON Ki\u015fisel Bak\u0131m ve T\u00fcketim \u00dcr\u00fcnleri Ticaret A.\u015e. (\u201cMGEON\u201d) taraf\u0131ndan web sitesi ileti\u015fim formunun doldurulmas\u0131 suretiyle otomatik y\u00f6ntemler ile i\u015flenmektedir. S\u00f6z konusu ki\u015fisel verileriniz, \u201cilgili ki\u015finin temel hak ve \u00f6zg\u00fcrl\u00fcklerine zarar vermemek kayd\u0131yla, veri sorumlusunun me\u015fru menfaatleri i\u00e7in veri i\u015flenmesinin zorunlu olmas\u0131\u201d hukuki sebebine dayal\u0131 olarak talep\/\u015fik\u00e2yetlerinizin takibi ve gerekti\u011finde bu kapsamda ileti\u015fim faaliyetlerinin y\u00fcr\u00fct\u00fclmesi amac\u0131yla i\u015flenmektedir. Ki\u015fisel verileriniz, gerekmesi halinde, yukar\u0131da belirtilen ama\u00e7larla s\u0131n\u0131rl\u0131 olarak MGEON\u2019 un ilgili i\u015f ortaklar\u0131na ve yetkili kamu kurum ve kurulu\u015flar\u0131na aktar\u0131labilmektedir.<\/p><p>Kanun\u2019un ilgili ki\u015finin haklar\u0131n\u0131 d\u00fczenleyen 11. maddesi kapsam\u0131ndaki taleplerinizi, \u201cVeri Sorumlusuna Ba\u015fvuru Usul ve Esaslar\u0131 Hakk\u0131nda Tebli\u011f\u201de g\u00f6re MGEON Ki\u015fisel Bak\u0131m ve T\u00fcketim \u00dcr\u00fcnleri Ticaret A.\u015e.\u2019nin Atakent Mah. Turgut \u00d6zal Bulvar\u0131 Dumankaya Miks 48\/2 \u0130\u00e7 Kap\u0131 143 K\u00fc\u00e7\u00fck\u00e7ekmece \u2013 \u0130stanbul adresine yaz\u0131l\u0131 olarak, sistemimizde kay\u0131tl\u0131 olan e-posta adresinizden <a href=\"mailto:info@mgeon.com\">info@mgeon.com<\/a> e-posta adresine, sistemimizde kay\u0131tl\u0131 olmayan e-posta adresinizden mobil imza\/e-imza kullanarak <a href=\"mailto:info@mgeon.com\">info@mgeon.com<\/a> \u00a0e-posta adresine veya KEP vas\u0131tas\u0131yla \u2026\u2026\u2026\u2026\u2026\u2026. adresine iletebilirsiniz.<\/p>\t\t\t\t\t\t\t\t<\/div>\n\t\t\t\t<\/div>\n\t\t\t\t\t<\/div>\n\t\t<\/div>\n\t\t\t\t\t<\/div>\n\t\t<\/section>\n\t\t\t\t<\/div>\n\t\t","protected":false},"excerpt":{"rendered":"<p>WEB \u0130LET\u0130\u015e\u0130M FORMU AYDINLATMA Bu formda yer alan kimlik(ad, soyad), ileti\u015fim(telefon numaras\u0131, e-posta adresi) ve m\u00fc\u015fteri i\u015flem(talep\/\u015fikayet bilgisi) ki\u015fisel verileriniz veri sorumlusu olarak MGEON Ki\u015fisel Bak\u0131m ve T\u00fcketim \u00dcr\u00fcnleri Ticaret A.\u015e. (\u201cMGEON\u201d) taraf\u0131ndan web sitesi ileti\u015fim formunun doldurulmas\u0131 suretiyle otomatik y\u00f6ntemler ile i\u015flenmektedir. S\u00f6z konusu ki\u015fisel verileriniz, \u201cilgili ki\u015finin temel hak ve \u00f6zg\u00fcrl\u00fcklerine zarar vermemek [&hellip;]<\/p>\n","protected":false},"author":1,"featured_media":0,"parent":0,"menu_order":0,"comment_status":"closed","ping_status":"closed","template":"elementor_header_footer","meta":{"footnotes":""},"class_list":["post-23","page","type-page","status-publish","hentry"],"_links":{"self":[{"href":"https:\/\/www.mgeon.com\/tr\/wp-json\/wp\/v2\/pages\/23","targetHints":{"allow":["GET"]}}],"collection":[{"href":"https:\/\/www.mgeon.com\/tr\/wp-json\/wp\/v2\/pages"}],"about":[{"href":"https:\/\/www.mgeon.com\/tr\/wp-json\/wp\/v2\/types\/page"}],"author":[{"embeddable":true,"href":"https:\/\/www.mgeon.com\/tr\/wp-json\/wp\/v2\/users\/1"}],"replies":[{"embeddable":true,"href":"https:\/\/www.mgeon.com\/tr\/wp-json\/wp\/v2\/comments?post=23"}],"version-history":[{"count":0,"href":"https:\/\/www.mgeon.com\/tr\/wp-json\/wp\/v2\/pages\/23\/revisions"}],"wp:attachment":[{"href":"https:\/\/www.mgeon.com\/tr\/wp-json\/wp\/v2\/media?parent=23"}],"curies":[{"name":"wp","href":"https:\/\/api.w.org\/{rel}","templated":true}]}}