{"id":259,"date":"2022-09-23T07:18:10","date_gmt":"2022-09-23T07:18:10","guid":{"rendered":"https:\/\/mgeon.com\/?page_id=259"},"modified":"2023-03-03T09:47:49","modified_gmt":"2023-03-03T09:47:49","slug":"gizlilik-politikasi","status":"publish","type":"page","link":"https:\/\/www.mgeon.com\/tr\/gizlilik-politikasi\/","title":{"rendered":"Gizlilik Politikas\u0131"},"content":{"rendered":"\t\t<div data-elementor-type=\"wp-page\" data-elementor-id=\"259\" class=\"elementor elementor-259\" data-elementor-post-type=\"page\">\n\t\t\t\t\t\t<section class=\"elementor-section elementor-top-section elementor-element elementor-element-bf5206f elementor-section-boxed elementor-section-height-default elementor-section-height-default\" data-id=\"bf5206f\" data-element_type=\"section\" data-e-type=\"section\" data-settings=\"{&quot;background_background&quot;:&quot;classic&quot;}\">\n\t\t\t\t\t\t<div class=\"elementor-container elementor-column-gap-default\">\n\t\t\t\t\t<div class=\"elementor-column elementor-col-100 elementor-top-column elementor-element elementor-element-fc8f041\" data-id=\"fc8f041\" data-element_type=\"column\" data-e-type=\"column\">\n\t\t\t<div class=\"elementor-widget-wrap elementor-element-populated\">\n\t\t\t\t\t\t<div class=\"elementor-element elementor-element-49fd77eb elementor-widget elementor-widget-text-editor\" data-id=\"49fd77eb\" data-element_type=\"widget\" data-e-type=\"widget\" data-widget_type=\"text-editor.default\">\n\t\t\t\t<div class=\"elementor-widget-container\">\n\t\t\t\t\t\t\t\t\tG\u0130ZL\u0130L\u0130K POL\u0130T\u0130KASI\t\t\t\t\t\t\t\t<\/div>\n\t\t\t\t<\/div>\n\t\t\t\t\t<\/div>\n\t\t<\/div>\n\t\t\t\t\t<\/div>\n\t\t<\/section>\n\t\t\t\t<section class=\"elementor-section elementor-top-section elementor-element elementor-element-25be1db2 elementor-section-boxed elementor-section-height-default elementor-section-height-default\" data-id=\"25be1db2\" data-element_type=\"section\" data-e-type=\"section\">\n\t\t\t\t\t\t<div class=\"elementor-container elementor-column-gap-default\">\n\t\t\t\t\t<div class=\"elementor-column elementor-col-100 elementor-top-column elementor-element elementor-element-53e75fad\" data-id=\"53e75fad\" data-element_type=\"column\" data-e-type=\"column\">\n\t\t\t<div class=\"elementor-widget-wrap elementor-element-populated\">\n\t\t\t\t\t\t<div class=\"elementor-element elementor-element-73332637 elementor-widget elementor-widget-text-editor\" data-id=\"73332637\" data-element_type=\"widget\" data-e-type=\"widget\" data-widget_type=\"text-editor.default\">\n\t\t\t\t<div class=\"elementor-widget-container\">\n\t\t\t\t\t\t\t\t\t<p><strong>K\u0130\u015e\u0130SEL VER\u0130LER\u0130N KORUNMASI KAPSAMINDA <\/strong><\/p><p><strong>G\u0130ZL\u0130L\u0130K POL\u0130T\u0130KASI<\/strong><\/p><p>MGEON Ki\u015fisel Bak\u0131m ve T\u00fcketim \u00dcr\u00fcnleri Ticaret A.\u015e. (\u201c<strong>MGEON<\/strong>\u201d) ba\u015fta Anayasa\u2019n\u0131n 20. maddesinde d\u00fczenlenen \u00f6zel hayat\u0131n gizlili\u011fi olmak \u00fczere ki\u015filerin temel hak ve \u00f6zg\u00fcrl\u00fcklerini korumaya azami \u00f6nem atfetmektedir. Bu \u00e7er\u00e7evede, ki\u015fisel verilerin hukuka uygun olarak korunmas\u0131 ve i\u015flenmesine \u00f6zen g\u00f6stermekte, t\u00fcm planlama ve faaliyetlerinde bu anlay\u0131\u015fla hareket etmektedir.<\/p><p>MGEON, \u00f6zel hayat\u0131n gizlili\u011finin temeli olan ki\u015fisel verilerin korunmas\u0131 ve hukuka uygun olarak i\u015flenmesini sadece mevzuata uyum sa\u011flama kapsam\u0131nda de\u011ferlendirmemekte, yakla\u015f\u0131m\u0131n\u0131n temeline insana verdi\u011fi de\u011feri koymaktad\u0131r. Bu bilin\u00e7le hareket eden MGEON ki\u015fisel verilerin g\u00fcvenli bir \u015fekilde saklanmas\u0131 ile hukuka ayk\u0131r\u0131 olarak i\u015flenmesinin \u00f6nlenmesi i\u00e7in gerekli her t\u00fcrl\u00fc idari ve teknik \u00f6nlemi almaktad\u0131r.<\/p><p>Bu \u00e7er\u00e7evede, 6698 say\u0131l\u0131 Ki\u015fisel Verilerin Korunmas\u0131 Kanunu\u2019na uygun olarak \u201chttps:\/\/www.mgeon.com\/\u201d internet sitesinin kullan\u0131m\u0131 esnas\u0131nda \u00fcretilen veya payla\u015f\u0131lan ki\u015fisel verilerin i\u015flenme ve aktar\u0131lma ko\u015fullar\u0131 hakk\u0131ndaki bilgiler a\u015fa\u011f\u0131da sunulmaktad\u0131r.<\/p><p><strong>1.\u00a0\u00a0\u00a0\u00a0 Tan\u0131mlar<\/strong><\/p><p><strong><em>\u0130nternet Sitesi:<\/em><\/strong> \u201chttps:\/\/www.mgeon.com\/\u201d adresinde bulunan internet sitesidir.<\/p><p><strong><em>Kanun: <\/em><\/strong>6698 say\u0131l\u0131 Ki\u015fisel Verilerin Korunmas\u0131 Kanunu\u2019dur.<\/p><p><em><strong>Ki\u015fisel Veri<\/strong><\/em><strong>:<\/strong> Kimli\u011fi belirli veya belirlenebilir ger\u00e7ek ki\u015fiye ili\u015fkin her t\u00fcrl\u00fc bilgidir.<\/p><p><strong><em>\u00c7evrimi\u00e7i Ziyaret\u00e7i\/\u0130lgili Ki\u015fi:<\/em><\/strong> \u0130nternet Sitesi\u2019ne eri\u015fen t\u00fcm ki\u015filerdir. \u0130lgili \u015firket politikalar\u0131nda Ziyaret\u00e7i ki\u015fi grubu kapsam\u0131nda yer almaktad\u0131r.<\/p><p><strong><em>Kurul:<\/em><\/strong> Ki\u015fisel Verileri Koruma Kurulu\u2019dur.<\/p><p><strong><em>\u015eirket: <\/em><\/strong>MGEON Ki\u015fisel Bak\u0131m ve T\u00fcketim \u00dcr\u00fcnleri Ticaret A.\u015e.\u2019dir.<\/p><p><strong><em>Yer sa\u011flay\u0131c\u0131: <\/em><\/strong>\u0130nternet ortam\u0131nda hizmet ve i\u00e7erikleri bar\u0131nd\u0131ran sistemleri sa\u011flayan veya i\u015fleten ger\u00e7ek veya t\u00fczel ki\u015fileri ifade eder.<\/p><p><strong>2.\u00a0\u00a0\u00a0\u00a0 \u0130\u015flenen Ki\u015fisel Veriler<\/strong><\/p><p>\u00c7evrimi\u00e7i Ziyaret\u00e7i\u2019nin, \u0130nternet Sitesi\u2019ne eri\u015fimine ve \u0130nternet Sitesi\u2019nde yapt\u0131\u011f\u0131 i\u015flemlere ba\u011fl\u0131 olarak i\u015flenen ki\u015fisel verileri a\u015fa\u011f\u0131da sunulmaktad\u0131r:<\/p><p>\u0130nternet Sitesi\u2019ni ziyaret eden \u00c7evrimi\u00e7i Ziyaret\u00e7iler i\u00e7in,<\/p><p>&#8211; \u0130\u015flem G\u00fcvenli\u011fi Bilgisi (IP adresi, site trafik bilgisi vb.)<\/p><p>&#8211; \u00c7erez Bilgileri<\/p><p>&#8211; Log Kay\u0131tlar\u0131<\/p><p>\u0130nternet Sitesi\u2019ndeki formlar\u0131 dolduran \u00c7evrimi\u00e7i Ziyaret\u00e7iler i\u00e7in,<\/p><p>&#8211; Kimlik Bilgisi (ad, soyad\u0131)<\/p><p>&#8211; \u0130leti\u015fim Bilgisi (e-posta adresi, telefon numaras\u0131)<\/p><p>Yukar\u0131da say\u0131lanlar d\u0131\u015f\u0131nda \u0130nternet Sitesi\u2019nin i\u015fletilmesi, geli\u015ftirilmesi ve g\u00fcvenli\u011fi i\u00e7in zorunlu olabilecek ba\u015fka verilerin de Kanun\u2019a uygun olarak i\u015flenmesi m\u00fcmk\u00fcnd\u00fcr.<\/p><p><strong>3.\u00a0\u00a0\u00a0\u00a0 Ki\u015fisel Verilerinizin \u0130\u015flenme Ama\u00e7lar\u0131<\/strong><\/p><p>Yukar\u0131da a\u00e7\u0131klanm\u0131\u015f olan ki\u015fisel verileriniz;<\/p><ul><li><strong>Talep ve \u015eikayetlerin Takibi:<\/strong> gelen \u015fikayet, talep, te\u015fekk\u00fcr ve \u00f6neri ba\u015fvurular\u0131na cevap verilmesi<\/li><li><strong>\u0130leti\u015fim Faaliyetlerinin Y\u00fcr\u00fct\u00fclmesi: <\/strong>iletilmi\u015f olan ileti\u015fim kanallar\u0131 \u00fczerinden ba\u015fvuru s\u00fcre\u00e7leriyle ilgili ileti\u015fime ge\u00e7ilmesi<\/li><li><strong>Hukuk \u0130\u015flerinin Takibi ve Y\u00fcr\u00fct\u00fclmesi:<\/strong> alternatif uyu\u015fmazl\u0131k \u00e7\u00f6z\u00fcm y\u00f6ntemleri ve dava s\u00fcre\u00e7lerinin tamamlanmas\u0131, mahkemeler taraf\u0131ndan zorunlu olarak istenmesi<\/li><li><strong>Bilgi G\u00fcvenli\u011fi S\u00fcre\u00e7lerinin Y\u00fcr\u00fct\u00fclmesi: <\/strong>online i\u015flemlerde i\u015flem g\u00fcvenli\u011finin sa\u011flanmas\u0131 ve ilgili mevzuata uyulmas\u0131<\/li><li><strong>Denetim\/Etik Faaliyetlerinin Y\u00fcr\u00fct\u00fclmesi:<\/strong> online hareketlerin denetlenmesi, sunulan \u00fcr\u00fcn ve hizmet sonucunun ve kalitesinin denetlenmesi ve gerekli \u00f6nlemlerin al\u0131nmas\u0131<\/li><li><strong>Yetkili Ki\u015fi, Kurum ve Kurulu\u015flara Bilgi Verilmesi:<\/strong> mevzuat gere\u011fi bilgilerin verilmesi, yasal mercilerden gelen taleplerin kar\u015f\u0131lamas\u0131 ama\u00e7lar\u0131 kapsam\u0131nda i\u015flenmektedir.<\/li><\/ul><p><strong>4.\u00a0\u00a0 Ki\u015fisel Verilerinizin Aktar\u0131ld\u0131\u011f\u0131 Ki\u015filer ve Aktar\u0131lma Ama\u00e7lar\u0131<\/strong><\/p><p>Yukar\u0131da belirtilmi\u015f olan ama\u00e7lar\u0131n ger\u00e7ekle\u015ftirilmesi kapsam\u0131nda ki\u015fisel verileriniz a\u015fa\u011f\u0131daki tablo uyar\u0131nca aktar\u0131lmaktad\u0131r:<\/p><p><strong>Aktar\u0131lan ki\u015fi:<\/strong> Yurti\u00e7i Tedarik\u00e7iler<\/p><p><strong>Aktarma Amac\u0131:<\/strong> depolama, saklama, i\u015fleme ve ar\u015fiv faaliyetlerinin ger\u00e7ekle\u015ftirilmesi, bilgi g\u00fcvenli\u011fi s\u00fcre\u00e7lerinin y\u00fcr\u00fct\u00fclmesi, ileti\u015fim faaliyetlerinin y\u00fcr\u00fct\u00fclmesi, m\u00fc\u015fteri ili\u015fkilerinin y\u00f6netilmesi, talep\/\u015fikayetlerin\/ba\u015fvuru s\u00fcre\u00e7lerinin y\u00fcr\u00fct\u00fclmesi,\u00a0<\/p><p><strong>Aktar\u0131lan ki\u015fi:<\/strong> Yetkili Kamu Kurum ve Kurulu\u015flar\u0131<\/p><p><strong>Aktarma Amac\u0131:<\/strong> Mevzuat, d\u00fczenleyici ve denetleyici faaliyetler kapsam\u0131nda kanuna uygun taleplerin yerine getirilmesi, alternatif uyu\u015fmazl\u0131k \u00e7\u00f6z\u00fcm y\u00f6ntemleri ve dava s\u00fcre\u00e7lerinin y\u00fcr\u00fct\u00fclmesi ve sonu\u00e7land\u0131r\u0131lmas\u0131, mahkemelerden talep edilmesi<\/p><p><strong>Aktar\u0131lan ki\u015fi:<\/strong> Anla\u015fmal\u0131 Hukuk Firmas\u0131<\/p><p><strong>Aktarma Amac\u0131: <\/strong>Alternatif uyu\u015fmazl\u0131k \u00e7\u00f6z\u00fcm y\u00f6ntemlerine ve davalara haz\u0131rl\u0131k yap\u0131lmas\u0131, s\u00f6z konusu s\u00fcre\u00e7lerin tamamlanmas\u0131<\/p><p><strong>5.\u00a0\u00a0 Ki\u015fisel Verilerinizin Toplanma Y\u00f6ntemi<\/strong><\/p><p>Ki\u015fisel Verileriniz; web sitemiz\/mobil uygulamam\u0131z arac\u0131l\u0131\u011f\u0131yla elektronik ortamda toplanmaktad\u0131r.<\/p><p><strong>6.\u00a0\u00a0 Ki\u015fisel Verilerinizin \u0130\u015flenmesi \u0130\u00e7in Dayan\u0131lan Hukuki Sebepler<\/strong><\/p><p>Ki\u015fisel verileriniz a\u015fa\u011f\u0131daki hukuki sebeplere dayanarak i\u015flenmektedir:<\/p><ul><li><strong>Kanunlarda a\u00e7\u0131k\u00e7a \u00f6ng\u00f6r\u00fclmesi: <\/strong>5651 say\u0131l\u0131 \u0130nternet Ortam\u0131nda Yap\u0131lan Yay\u0131nlar\u0131n D\u00fczenlenmesi ve Bu Yay\u0131nlar Yoluyla \u0130\u015flenen Su\u00e7larla M\u00fccadele Edilmesi Hakk\u0131nda Kanun, 6563 say\u0131l\u0131 Elektronik Ticaretin D\u00fczenlenmesi ba\u015fta olmak \u00fczere ilgili mevzuat\u0131n veri i\u015flemeyi gerekli ve zorunlu k\u0131lmas\u0131 halinde verileriniz i\u015flenebilmektedir.<\/li><li><strong>Taraf\u0131n\u0131z\u0131n temel hak ve \u00f6zg\u00fcrl\u00fcklerine zarar vermemek kayd\u0131yla, \u015firketimizin me\u015fru menfaatleri i\u00e7in zorunlu oldu\u011fu i\u00e7in i\u015flemekteyiz:<\/strong> yukar\u0131da belirtilmi\u015f olan ki\u015fisel veri i\u015fleme ama\u00e7lar\u0131n\u0131n bir k\u0131sm\u0131n\u0131n yerine getirilmesi i\u00e7in hukuki sebep olu\u015fturmaktad\u0131r.<\/li><li><strong>Bir hakk\u0131n tesisi, kullan\u0131lmas\u0131 veya korunmas\u0131 i\u00e7in zorunlu oldu\u011fu i\u00e7in i\u015flemekteyiz<\/strong>: ki\u015fisel veri i\u015fleme ama\u00e7lar\u0131ndan alternatif uyu\u015fmazl\u0131k \u00e7\u00f6z\u00fcmleri veya mahkeme s\u00fcre\u00e7lerinde ispat i\u00e7in ki\u015fisel verinin kullan\u0131lmas\u0131 gibi bir hakk\u0131n tesisi, kullan\u0131lmas\u0131 veya korunmas\u0131 i\u00e7in veri i\u015flenmesinin gerekli oldu\u011fu veri i\u015fleme faaliyetleri i\u00e7in hukuki sebep olu\u015fturmaktad\u0131r.<\/li><li><strong>Bir hukuki y\u00fck\u00fcml\u00fcl\u00fc\u011f\u00fcn yerine getirilmesi i\u00e7in zorunlu oldu\u011fu i\u00e7in i\u015flemekteyiz:<\/strong> ikincil mevzuat, d\u00fczenleyici ve denetleyici faaliyetler kapsam\u0131nda mevzuata uygun taleplerin yerine getirilmesi, alternatif uyu\u015fmazl\u0131k \u00e7\u00f6z\u00fcm y\u00f6ntemleri ve dava s\u00fcre\u00e7lerinin y\u00fcr\u00fct\u00fclmesi ve sonu\u00e7land\u0131r\u0131lmas\u0131, mahkemelerden talep edilmesi gibi veri i\u015fleme ama\u00e7lar\u0131 i\u00e7in hukuki sebep olu\u015fturmaktad\u0131r.<\/li><\/ul><p><strong>7.\u00a0\u00a0 Veri G\u00fcvenli\u011finiz \u0130\u00e7in Al\u0131nan Tedbirler ve Benimsenen Prensipler<\/strong><\/p><ol><li><strong>G\u00fcvenlik Tedbirleri<\/strong><\/li><\/ol><p>MGEON olarak web sitemiz\/mobil uygulamam\u0131z arac\u0131l\u0131\u011f\u0131yla elde etti\u011fimiz ki\u015fisel verilerinizin hukuka ayk\u0131r\u0131 olarak i\u015flenmesini engellemek, ki\u015fisel verilerinize hukuka ayk\u0131r\u0131 olarak eri\u015filmesini \u00f6nlemek ve ki\u015fisel verilerin muhafazas\u0131n\u0131 sa\u011flamak i\u00e7in her t\u00fcrl\u00fc gizlilik ve g\u00fcvenlik \u00e7\u00f6z\u00fcm\u00fcn\u00fc desteklemekteyiz. Verilerinizin korunmas\u0131na y\u00f6nelik bu \u00e7\u00f6z\u00fcmlerin hayata i\u00e7in gerekli her t\u00fcrl\u00fc idari ve teknik tedbirler \u015eirketimiz taraf\u0131ndan hassasiyet i\u00e7inde yerine getirilmektedir.<\/p><p><strong>6.1.a. \u0130dari Tedbirler<\/strong><\/p><p>MGEON olarak ki\u015fisel verilerinizin hukuka uygun i\u015flenmesi ve korunmas\u0131 i\u00e7in personellerimize gerekli e\u011fitimleri vermekte ve Kanuna uyum d\u00fczeyini \u00f6l\u00e7\u00fcmlemek i\u00e7in d\u00fczenli olarak \u00e7al\u0131\u015fanlar\u0131n\u0131 denetlemekteyiz. Personelimizin Kanuna g\u00f6stermi\u015f oldu\u011fu uyum ve \u00f6zeni, personelimizin performans de\u011ferlendirmesinde bir kriter olarak benimsemekteyiz.<\/p><p>\u015eirket i\u00e7inde bu tedbirler al\u0131nmakla birlikte ki\u015fisel verilerinizi hukuka uygun olarak payla\u015fm\u0131\u015f oldu\u011fumuz tedarik\u00e7i ve i\u015f ortaklar\u0131m\u0131z ile gizlilik s\u00f6zle\u015fmeleri ve taahh\u00fctnameler imzalayarak veri g\u00fcvenli\u011finizi sa\u011flamakta, payda\u015flar\u0131m\u0131z\u0131n da ki\u015fisel verileriniz i\u00e7in yeterli hassasiyeti g\u00f6stermesini temin etmekteyiz.<\/p><p>Bu e\u011fitim, denetim ve \u00f6nlemlerin yan\u0131 s\u0131ra ki\u015fisel verileriniz hakk\u0131nda bir ihlal ger\u00e7ekle\u015fmesi durumunda bu ihlalin giderilmesi i\u00e7in m\u00fcdahale planlar\u0131 olu\u015fturulmu\u015f ve \u015eirket olarak Kurul ile birlikte \u00e7al\u0131\u015farak ihlalin giderilmesi i\u00e7in gerekli haz\u0131rl\u0131klar yap\u0131lm\u0131\u015ft\u0131r.<strong>\u00a0<\/strong><\/p><p><strong>6.1.b. Teknik Tedbirler<\/strong><\/p><p>T\u00fcrkiye\u2019nin en b\u00fcy\u00fck perakende firmalar\u0131ndan biri olarak muhatap oldu\u011fumuz geni\u015f m\u00fc\u015fteri kitlesinin ki\u015fisel verilerini korumak i\u00e7in bilgi teknolojileri ve veri g\u00fcvenli\u011fine ayr\u0131 bir \u00f6nem g\u00f6stermekteyiz. Bu nedenle MGEON olarak bu alanda deneyimli ve sertifikal\u0131 personel istihdam\u0131na \u00f6ncelik vermekteyiz.<\/p><p>Ayr\u0131ca veri g\u00fcvenli\u011finin sa\u011flanmas\u0131 ve verilerinize hukuka ayk\u0131r\u0131 eri\u015filmesinin engellenmesi i\u00e7in uluslararas\u0131 standartlara uygun g\u00fcvenlik tedbirleri ile donat\u0131lm\u0131\u015f bir bili\u015fim altyap\u0131s\u0131 kurulmu\u015ftur. Bu altyap\u0131 \u00fczerine kurulan sistemin sorunsuz i\u015flemesi i\u00e7in s\u00fcrekli olarak i\u00e7eriden denetlenmektedir.<\/p><p>Web sitemiz\/mobil uygulamam\u0131z ile toplad\u0131\u011f\u0131m\u0131z verilerinizin i\u015flendi\u011fi ve sakland\u0131\u011f\u0131 bili\u015fim altyap\u0131m\u0131zda \u015fifreleme, yetki matrisi, uygulama ve a\u011f g\u00fcvenli\u011fi, veri maskeleme, g\u00fcvenlik duvarlar\u0131, yedekleme, anahtar y\u00f6netimi ve g\u00fcncel anti-vir\u00fcs sistemleri gibi Ki\u015fisel Verileri Koruma Kurumu taraf\u0131ndan verilen teknik tedbirlere riayet edilmektedir.<\/p><p>Ayr\u0131ca bili\u015fim altyap\u0131m\u0131za y\u00f6nelik sald\u0131r\u0131lar\u0131n \u00f6nlenmesi i\u00e7in sald\u0131r\u0131 tespit ve \u00f6nleme sistemleri kurulmu\u015f olmakla birlikte d\u00fczenli olarak risk analizi, veri s\u0131n\u0131fland\u0131rmas\u0131, zaafiyet taramalar\u0131 ve s\u0131zma testleri uygulanarak sistemin g\u00fcvenli\u011fi kontrol edilmektedir. T\u00fcm bu i\u015flemlerin yap\u0131labilmesi i\u00e7in ki\u015fisel verilerinize verdi\u011fimiz \u00f6nemin gere\u011fi olarak uluslararas\u0131 standartlara uygun yaz\u0131l\u0131m programlar\u0131 ve deste\u011fi de al\u0131nmaktad\u0131r.<\/p><ol><li><strong>Benimsenen Prensipler<\/strong><\/li><\/ol><p>MGEON olarak;<\/p><ul><li>ki\u015fisel verilerinizin i\u015flenmesinde verilerinizin niteli\u011finin gerektirdi\u011fi hassasl\u0131kta g\u00fcvenlik \u00f6nlemlerini almay\u0131, verilerinizin korunmas\u0131 i\u00e7in en az \u015eirket\u2019in kendi bilgilerini korumas\u0131nda g\u00f6stermi\u015f oldu\u011fu \u00f6zeni g\u00f6stermeyi,<\/li><li>r\u0131zan\u0131z\u0131n gerekli oldu\u011fu durumlarda ki\u015fisel verilerinizi r\u0131zan\u0131z d\u0131\u015f\u0131nda i\u015flememeyi ve payla\u015fmamay\u0131,<\/li><li>web sitemizde\/mobil uygulamam\u0131zda s\u0131n\u0131rl\u0131 ve yaln\u0131zca gerekli olan verileri toplamay\u0131, bu kapsamda Ki\u015fisel Verileri Koruma Kurumu taraf\u0131ndan karar verilen veri minimizasyonu ilkesine uygun hareket etmeyi,<\/li><li>ki\u015fisel verilerinizin do\u011fru ve g\u00fcncel olmas\u0131na \u00f6nem g\u00f6stermeyi,<\/li><li>elde edilen t\u00fcm ki\u015fisel verilerinizin i\u015flenmesi ve aktar\u0131lmas\u0131 hakk\u0131nda sizin \u015feffaf \u015fekilde bilgilendirilmenizi esas almay\u0131,<\/li><li>talebiniz halinde sizi bu \u015feffafl\u0131k ilkesi uyar\u0131nca bilgilendirmeyi<\/li><li>ve ki\u015fisel verilerin korunmas\u0131 hakk\u0131ndaki t\u00fcm yasal mevzuata uyum g\u00f6sterme konusunda hassasiyet g\u00f6stermeyi prensip edindi\u011fimizi belirtmek isteriz.<\/li><\/ul><p>MGEON olarak i\u015fbu Gizlilik Politikas\u0131\u2019nda belirtilen g\u00fcvenlik tedbirlerinin ve benimsenen ilkelerin web sitemiz\/mobil uygulamam\u0131zda ge\u00e7erli oldu\u011funu belirtmek isteriz. \u0130nternet sitemiz \u00fczerinden ba\u015fka sitelere veya uygulamalara y\u00f6nlendirme yap\u0131lmas\u0131 durumunda, s\u00f6z konusu site ve uygulamalardan MGEON\u2019 un sorumlu olmayaca\u011f\u0131n\u0131 bildirir, bu nedenle sitemiz\/mobil uygulamam\u0131zdan yap\u0131lacak bu gibi y\u00f6nlendirmelere kar\u015f\u0131 dikkatli olman\u0131z\u0131 rica ederiz.<\/p><p><strong>8.\u00a0\u00a0 Veri Sorumlusuna Ba\u015fvuru Hakk\u0131n\u0131z<\/strong><\/p><p>Kanun\u2019un 11. maddesi h\u00fck\u00fcmleri uyar\u0131nca ki\u015fisel verilerinize ili\u015fkin olarak a\u015fa\u011f\u0131daki haklara sahip oldu\u011funuzu belirtmek isteriz:<\/p><ul><li>Ki\u015fisel veri i\u015flenip i\u015flenmedi\u011fini \u00f6\u011frenme,<\/li><li>Ki\u015fisel verileri i\u015flenmi\u015fse buna ili\u015fkin bilgi talep etme,<\/li><li>Ki\u015fisel verilerin i\u015flenme amac\u0131n\u0131 ve bunlar\u0131n amac\u0131na uygun kullan\u0131l\u0131p kullan\u0131lmad\u0131\u011f\u0131n\u0131 \u00f6\u011frenme,<\/li><li>Yurt i\u00e7inde veya yurt d\u0131\u015f\u0131nda ki\u015fisel verilerin aktar\u0131ld\u0131\u011f\u0131 \u00fc\u00e7\u00fcnc\u00fc ki\u015fileri bilme,<\/li><li>Ki\u015fisel verilerin eksik veya yanl\u0131\u015f i\u015flenmi\u015f olmas\u0131 h\u00e2linde bunlar\u0131n d\u00fczeltilmesini isteme,<\/li><li>Ki\u015fisel verilerin silinmesini veya yok edilmesini isteme,<\/li><li>Ki\u015fisel verilerin d\u00fczeltilmesi, silinmesi ya da yok edilmesi halinde bu i\u015flemlerin ki\u015fisel verilerin aktar\u0131ld\u0131\u011f\u0131 \u00fc\u00e7\u00fcnc\u00fc ki\u015filere bildirilmesini isteme,<\/li><li>\u0130\u015flenen verilerin m\u00fcnhas\u0131ran otomatik sistemler vas\u0131tas\u0131yla analiz edilmesi suretiyle ki\u015finin kendisi aleyhine bir sonucun ortaya \u00e7\u0131kmas\u0131na itiraz etme,<\/li><li>Ki\u015fisel verilerin kanuna ayk\u0131r\u0131 olarak i\u015flenmesi sebebiyle zarara u\u011framas\u0131 h\u00e2linde zarar\u0131n giderilmesini talep etme.<\/li><\/ul><p>Kanun\u2019un ilgili ki\u015finin haklar\u0131n\u0131 d\u00fczenleyen 11. maddesi kapsam\u0131ndaki taleplerinizi, web sitemizde bulunan \u201cKVKK Kapsam\u0131nda Ba\u015fvuru Formuna \u0130li\u015fkin Bilgilendirme\u201d metnini okuyarak ve ilgili formu doldurarak \u201cVeri Sorumlusuna Ba\u015fvuru Usul ve Esaslar\u0131 Hakk\u0131nda Tebli\u011f\u201de g\u00f6re MGEON Ki\u015fisel Bak\u0131m ve T\u00fcketim \u00dcr\u00fcnleri Ticaret A.\u015e.\u2019nin Atakent Mah. Turgut \u00d6zal Bulvar\u0131 Dumankaya Miks 48\/2 \u0130\u00e7 Kap\u0131 143 K\u00fc\u00e7\u00fck\u00e7ekmece \u2013 \u0130stanbul adresine yaz\u0131l\u0131 olarak, sistemimizde kay\u0131tl\u0131 olan e-posta adresinizden kvkk@mgeon.com e-posta adresine, sistemimizde kay\u0131tl\u0131 olmayan e-posta adresinizden mobil imza\/e-imza kullanarak <a href=\"mailto:info@mgeon.com\">info@mgeon.com<\/a> e-posta adresine veya KEP vas\u0131tas\u0131yla mgeon.kep.tr adresine iletebilirsiniz.<\/p><p>Ba\u015fvurunuz MGEON taraf\u0131ndan incelenecek ve KVK Kanunu ve Tebli\u011f h\u00fck\u00fcmleri kapsam\u0131nda ba\u015fvurunuzun taraf\u0131m\u0131za ula\u015ft\u0131\u011f\u0131 tarihten itibaren otuz g\u00fcn i\u00e7erisinde yan\u0131tland\u0131r\u0131lacak, yan\u0131t yaz\u0131l\u0131 olarak veya elektronik ortamda taraf\u0131n\u0131za iletilecektir. Yap\u0131lan ba\u015fvurular kapsam\u0131nda, MGEON kural olarak herhangi bir \u00fccret talep etmemekle birlikte, i\u015flemin ayr\u0131ca bir maliyet gerektirmesi durumunda Kurul taraf\u0131ndan belirlenen \u00fccretler al\u0131nabilecektir.<\/p>\t\t\t\t\t\t\t\t<\/div>\n\t\t\t\t<\/div>\n\t\t\t\t\t<\/div>\n\t\t<\/div>\n\t\t\t\t\t<\/div>\n\t\t<\/section>\n\t\t\t\t<\/div>\n\t\t","protected":false},"excerpt":{"rendered":"<p>G\u0130ZL\u0130L\u0130K POL\u0130T\u0130KASI K\u0130\u015e\u0130SEL VER\u0130LER\u0130N KORUNMASI KAPSAMINDA G\u0130ZL\u0130L\u0130K POL\u0130T\u0130KASI MGEON Ki\u015fisel Bak\u0131m ve T\u00fcketim \u00dcr\u00fcnleri Ticaret A.\u015e. (\u201cMGEON\u201d) ba\u015fta Anayasa\u2019n\u0131n 20. maddesinde d\u00fczenlenen \u00f6zel hayat\u0131n gizlili\u011fi olmak \u00fczere ki\u015filerin temel hak ve \u00f6zg\u00fcrl\u00fcklerini korumaya azami \u00f6nem atfetmektedir. Bu \u00e7er\u00e7evede, ki\u015fisel verilerin hukuka uygun olarak korunmas\u0131 ve i\u015flenmesine \u00f6zen g\u00f6stermekte, t\u00fcm planlama ve faaliyetlerinde bu anlay\u0131\u015fla hareket [&hellip;]<\/p>\n","protected":false},"author":1,"featured_media":0,"parent":0,"menu_order":0,"comment_status":"closed","ping_status":"closed","template":"elementor_header_footer","meta":{"footnotes":""},"class_list":["post-259","page","type-page","status-publish","hentry"],"_links":{"self":[{"href":"https:\/\/www.mgeon.com\/tr\/wp-json\/wp\/v2\/pages\/259","targetHints":{"allow":["GET"]}}],"collection":[{"href":"https:\/\/www.mgeon.com\/tr\/wp-json\/wp\/v2\/pages"}],"about":[{"href":"https:\/\/www.mgeon.com\/tr\/wp-json\/wp\/v2\/types\/page"}],"author":[{"embeddable":true,"href":"https:\/\/www.mgeon.com\/tr\/wp-json\/wp\/v2\/users\/1"}],"replies":[{"embeddable":true,"href":"https:\/\/www.mgeon.com\/tr\/wp-json\/wp\/v2\/comments?post=259"}],"version-history":[{"count":0,"href":"https:\/\/www.mgeon.com\/tr\/wp-json\/wp\/v2\/pages\/259\/revisions"}],"wp:attachment":[{"href":"https:\/\/www.mgeon.com\/tr\/wp-json\/wp\/v2\/media?parent=259"}],"curies":[{"name":"wp","href":"https:\/\/api.w.org\/{rel}","templated":true}]}}