{"id":27,"date":"2022-09-22T19:24:41","date_gmt":"2022-09-22T19:24:41","guid":{"rendered":"https:\/\/mgeon.com\/?page_id=27"},"modified":"2023-03-03T09:24:54","modified_gmt":"2023-03-03T09:24:54","slug":"degerlerimiz","status":"publish","type":"page","link":"https:\/\/www.mgeon.com\/tr\/degerlerimiz\/","title":{"rendered":"De\u011ferlerimiz"},"content":{"rendered":"\t\t<div data-elementor-type=\"wp-page\" data-elementor-id=\"27\" class=\"elementor elementor-27\" data-elementor-post-type=\"page\">\n\t\t\t\t\t\t<section class=\"elementor-section elementor-top-section elementor-element elementor-element-ff73bbd elementor-section-full_width elementor-section-stretched elementor-section-height-default elementor-section-height-default\" data-id=\"ff73bbd\" data-element_type=\"section\" data-e-type=\"section\" data-settings=\"{&quot;stretch_section&quot;:&quot;section-stretched&quot;}\">\n\t\t\t\t\t\t<div class=\"elementor-container elementor-column-gap-default\">\n\t\t\t\t\t<div class=\"elementor-column elementor-col-100 elementor-top-column elementor-element elementor-element-3735a77\" data-id=\"3735a77\" data-element_type=\"column\" data-e-type=\"column\">\n\t\t\t<div class=\"elementor-widget-wrap elementor-element-populated\">\n\t\t\t\t\t\t<div class=\"elementor-element elementor-element-131c23b elementor-widget elementor-widget-image\" data-id=\"131c23b\" data-element_type=\"widget\" data-e-type=\"widget\" data-widget_type=\"image.default\">\n\t\t\t\t<div class=\"elementor-widget-container\">\n\t\t\t\t\t\t\t\t\t\t\t\t\t\t\t<img fetchpriority=\"high\" decoding=\"async\" width=\"1920\" height=\"428\" src=\"https:\/\/www.mgeon.com\/wp-content\/uploads\/2022\/10\/neden-5.jpg\" class=\"attachment-full size-full wp-image-1018\" alt=\"\" srcset=\"https:\/\/www.mgeon.com\/wp-content\/uploads\/2022\/10\/neden-5.jpg 1920w, https:\/\/www.mgeon.com\/wp-content\/uploads\/2022\/10\/neden-5-300x67.jpg 300w, https:\/\/www.mgeon.com\/wp-content\/uploads\/2022\/10\/neden-5-1024x228.jpg 1024w, https:\/\/www.mgeon.com\/wp-content\/uploads\/2022\/10\/neden-5-768x171.jpg 768w, https:\/\/www.mgeon.com\/wp-content\/uploads\/2022\/10\/neden-5-1536x342.jpg 1536w, https:\/\/www.mgeon.com\/wp-content\/uploads\/2022\/10\/neden-5-600x134.jpg 600w\" sizes=\"(max-width: 1920px) 100vw, 1920px\" \/>\t\t\t\t\t\t\t\t\t\t\t\t\t\t\t<\/div>\n\t\t\t\t<\/div>\n\t\t\t\t\t<\/div>\n\t\t<\/div>\n\t\t\t\t\t<\/div>\n\t\t<\/section>\n\t\t\t\t<section class=\"elementor-section elementor-top-section elementor-element elementor-element-21a77be5 elementor-section-boxed elementor-section-height-default elementor-section-height-default\" data-id=\"21a77be5\" data-element_type=\"section\" data-e-type=\"section\">\n\t\t\t\t\t\t<div class=\"elementor-container elementor-column-gap-default\">\n\t\t\t\t\t<div class=\"elementor-column elementor-col-100 elementor-top-column elementor-element elementor-element-15064736\" data-id=\"15064736\" data-element_type=\"column\" data-e-type=\"column\">\n\t\t\t<div class=\"elementor-widget-wrap elementor-element-populated\">\n\t\t\t\t\t\t<section class=\"elementor-section elementor-inner-section elementor-element elementor-element-287178a elementor-section-boxed elementor-section-height-default elementor-section-height-default\" data-id=\"287178a\" data-element_type=\"section\" data-e-type=\"section\">\n\t\t\t\t\t\t<div class=\"elementor-container elementor-column-gap-default\">\n\t\t\t\t\t<div class=\"elementor-column elementor-col-50 elementor-inner-column elementor-element elementor-element-df3f9d5\" data-id=\"df3f9d5\" data-element_type=\"column\" data-e-type=\"column\">\n\t\t\t<div class=\"elementor-widget-wrap elementor-element-populated\">\n\t\t\t\t\t\t<div class=\"elementor-element elementor-element-5f7430e elementor-nav-menu--dropdown-tablet elementor-nav-menu__text-align-aside elementor-nav-menu--toggle elementor-nav-menu--burger elementor-widget elementor-widget-nav-menu\" data-id=\"5f7430e\" data-element_type=\"widget\" data-e-type=\"widget\" data-settings=\"{&quot;layout&quot;:&quot;vertical&quot;,&quot;submenu_icon&quot;:{&quot;value&quot;:&quot;&lt;i class=\\&quot;fas fa-caret-down\\&quot; aria-hidden=\\&quot;true\\&quot;&gt;&lt;\\\/i&gt;&quot;,&quot;library&quot;:&quot;fa-solid&quot;},&quot;toggle&quot;:&quot;burger&quot;}\" data-widget_type=\"nav-menu.default\">\n\t\t\t\t<div class=\"elementor-widget-container\">\n\t\t\t\t\t\t\t\t<nav aria-label=\"Men\u00fc\" class=\"elementor-nav-menu--main elementor-nav-menu__container elementor-nav-menu--layout-vertical e--pointer-none\">\n\t\t\t\t<ul id=\"menu-1-5f7430e\" class=\"elementor-nav-menu sm-vertical\"><li class=\"menu-item menu-item-type-post_type menu-item-object-page menu-item-301\"><a href=\"https:\/\/www.mgeon.com\/tr\/hakkimizda\/\" class=\"elementor-item\">Hakk\u0131m\u0131zda<\/a><\/li>\n<li class=\"menu-item menu-item-type-post_type menu-item-object-page menu-item-299\"><a href=\"https:\/\/www.mgeon.com\/tr\/baskanin-mesaji\/\" class=\"elementor-item\">Ba\u015fkan\u0131n Mesaj\u0131<\/a><\/li>\n<li class=\"menu-item menu-item-type-post_type menu-item-object-page menu-item-302\"><a href=\"https:\/\/www.mgeon.com\/tr\/misyon-vizyon\/\" class=\"elementor-item\">Misyon Vizyon<\/a><\/li>\n<li class=\"menu-item menu-item-type-post_type menu-item-object-page menu-item-300\"><a href=\"https:\/\/www.mgeon.com\/tr\/degerlerimiz\/\" class=\"elementor-item\">De\u011ferlerimiz<\/a><\/li>\n<\/ul>\t\t\t<\/nav>\n\t\t\t\t\t<div class=\"elementor-menu-toggle\" role=\"button\" tabindex=\"0\" aria-label=\"Menu Toggle\" aria-expanded=\"false\">\n\t\t\t<i aria-hidden=\"true\" role=\"presentation\" class=\"elementor-menu-toggle__icon--open eicon-menu-bar\"><\/i><i aria-hidden=\"true\" role=\"presentation\" class=\"elementor-menu-toggle__icon--close eicon-close\"><\/i>\t\t<\/div>\n\t\t\t\t\t<nav class=\"elementor-nav-menu--dropdown elementor-nav-menu__container\" aria-hidden=\"true\">\n\t\t\t\t<ul id=\"menu-2-5f7430e\" class=\"elementor-nav-menu sm-vertical\"><li class=\"menu-item menu-item-type-post_type menu-item-object-page menu-item-301\"><a href=\"https:\/\/www.mgeon.com\/tr\/hakkimizda\/\" class=\"elementor-item\" tabindex=\"-1\">Hakk\u0131m\u0131zda<\/a><\/li>\n<li class=\"menu-item menu-item-type-post_type menu-item-object-page menu-item-299\"><a href=\"https:\/\/www.mgeon.com\/tr\/baskanin-mesaji\/\" class=\"elementor-item\" tabindex=\"-1\">Ba\u015fkan\u0131n Mesaj\u0131<\/a><\/li>\n<li class=\"menu-item menu-item-type-post_type menu-item-object-page menu-item-302\"><a href=\"https:\/\/www.mgeon.com\/tr\/misyon-vizyon\/\" class=\"elementor-item\" tabindex=\"-1\">Misyon Vizyon<\/a><\/li>\n<li class=\"menu-item menu-item-type-post_type menu-item-object-page menu-item-300\"><a href=\"https:\/\/www.mgeon.com\/tr\/degerlerimiz\/\" class=\"elementor-item\" tabindex=\"-1\">De\u011ferlerimiz<\/a><\/li>\n<\/ul>\t\t\t<\/nav>\n\t\t\t\t\t\t<\/div>\n\t\t\t\t<\/div>\n\t\t\t\t\t<\/div>\n\t\t<\/div>\n\t\t\t\t<div class=\"elementor-column elementor-col-50 elementor-inner-column elementor-element elementor-element-ca3869e\" data-id=\"ca3869e\" data-element_type=\"column\" data-e-type=\"column\">\n\t\t\t<div class=\"elementor-widget-wrap elementor-element-populated\">\n\t\t\t\t\t\t<div class=\"elementor-element elementor-element-29866fa7 elementor-widget elementor-widget-text-editor\" data-id=\"29866fa7\" data-element_type=\"widget\" data-e-type=\"widget\" data-widget_type=\"text-editor.default\">\n\t\t\t\t<div class=\"elementor-widget-container\">\n\t\t\t\t\t\t\t\t\tDE\u011eERLER\u0130M\u0130Z\t\t\t\t\t\t\t\t<\/div>\n\t\t\t\t<\/div>\n\t\t\t\t<div class=\"elementor-element elementor-element-6e80de8 elementor-icon-list--layout-traditional elementor-list-item-link-full_width elementor-widget elementor-widget-icon-list\" data-id=\"6e80de8\" data-element_type=\"widget\" data-e-type=\"widget\" data-widget_type=\"icon-list.default\">\n\t\t\t\t<div class=\"elementor-widget-container\">\n\t\t\t\t\t\t\t<ul class=\"elementor-icon-list-items\">\n\t\t\t\t\t\t\t<li class=\"elementor-icon-list-item\">\n\t\t\t\t\t\t\t\t\t\t\t<span class=\"elementor-icon-list-icon\">\n\t\t\t\t\t\t\t<svg xmlns=\"http:\/\/www.w3.org\/2000\/svg\" xmlns:xlink=\"http:\/\/www.w3.org\/1999\/xlink\" id=\"Layer_1\" x=\"0px\" y=\"0px\" viewBox=\"0 0 64 64\" xml:space=\"preserve\"><path id=\"Diamond\" d=\"M63.6870499,18.5730648L48.7831497,4.278266c-0.1855011-0.1758003-0.4316025-0.4813001-0.6870003-0.4813001 H15.9037514c-0.2553005,0-0.5014,0.3054998-0.6870003,0.4813001l-14.9038,14.1908998 c-0.374,0.3535004-0.4184,0.9855995-0.1025,1.3917999c0.21,0.2703991,30.8237991,39.7256012,31.0517006,39.9812012 c0.1022987,0.1149979,0.2402992,0.2215996,0.3428001,0.266098c0.2763996,0.1206017,0.5077,0.1296997,0.7900982,0.0065002 c0.1025009-0.0444984,0.2404022-0.1348991,0.3428001-0.2499008c0.0151024-0.0168991,0.0377007-0.0224991,0.0517006-0.0404968 L63.789547,19.9121666C64.1054459,19.5058651,64.0610504,18.9265652,63.6870499,18.5730648z M15.6273508,6.4344659 l4.9945002,11.3625011H3.6061509L15.6273508,6.4344659z M24.0795517,17.7969666l7.9203987-11.2617006l7.9204979,11.2617006 H24.0795517z M40.7191467,19.7969666l-8.7191963,34.8769989l-8.719099-34.8769989H40.7191467z M33.9257507,5.7969656h12.5423012 l-4.8240013,10.9746008L33.9257507,5.7969656z M22.3559513,16.7715664L17.53195,5.7969656h12.5423012L22.3559513,16.7715664z  M21.2191505,19.7969666l8.6596012,34.638401L2.975451,19.7969666H21.2191505z M42.7808495,19.7969666h18.2436981 l-26.9032974,34.638401L42.7808495,19.7969666z M43.3781471,17.7969666l4.9944992-11.3625011l12.0212021,11.3625011H43.3781471z\"><\/path><\/svg>\t\t\t\t\t\t<\/span>\n\t\t\t\t\t\t\t\t\t\t<span class=\"elementor-icon-list-text\">KURUMSAL DE\u011eERLER\u0130M\u0130Z<\/span>\n\t\t\t\t\t\t\t\t\t<\/li>\n\t\t\t\t\t\t<\/ul>\n\t\t\t\t\t\t<\/div>\n\t\t\t\t<\/div>\n\t\t\t\t<div class=\"elementor-element elementor-element-4685c708 elementor-widget elementor-widget-text-editor\" data-id=\"4685c708\" data-element_type=\"widget\" data-e-type=\"widget\" data-widget_type=\"text-editor.default\">\n\t\t\t\t<div class=\"elementor-widget-container\">\n\t\t\t\t\t\t\t\t\t<p>Kurumsal de\u011ferlerimiz, ayn\u0131 zamanda bizim evrensel ilkelerimizdir:<\/p><ul><li>\u015eeffafl\u0131k<\/li><li>Adillik<\/li><li>Sorumluluk<\/li><li>Hesap verebilirlik<\/li><\/ul><p>Sadece gu\u0308ncel payda\u015f haklar\u0131na de\u011fil, gelecekteki payda\u015flar\u0131n da haklar\u0131na sayg\u0131 g\u00f6stermenin en temel sorumlulu\u011fumuz oldu\u011funun fark\u0131nday\u0131z.<\/p><p>\u015eirketimiz tu\u0308m stratejik ve idari kararlar\u0131n\u0131 bu bilin\u00e7le verir, adillik, sorumluluk ve hesap verebilirlik ilkelerini uygular ve \u015feffafl\u0131kla payla\u015f\u0131r.<\/p>\t\t\t\t\t\t\t\t<\/div>\n\t\t\t\t<\/div>\n\t\t\t\t\t<\/div>\n\t\t<\/div>\n\t\t\t\t\t<\/div>\n\t\t<\/section>\n\t\t\t\t\t<\/div>\n\t\t<\/div>\n\t\t\t\t\t<\/div>\n\t\t<\/section>\n\t\t\t\t<\/div>\n\t\t","protected":false},"excerpt":{"rendered":"<p>DE\u011eERLER\u0130M\u0130Z KURUMSAL DE\u011eERLER\u0130M\u0130Z Kurumsal de\u011ferlerimiz, ayn\u0131 zamanda bizim evrensel ilkelerimizdir: \u015eeffafl\u0131k Adillik Sorumluluk Hesap verebilirlik Sadece gu\u0308ncel payda\u015f haklar\u0131na de\u011fil, gelecekteki payda\u015flar\u0131n da haklar\u0131na sayg\u0131 g\u00f6stermenin en temel sorumlulu\u011fumuz oldu\u011funun fark\u0131nday\u0131z. \u015eirketimiz tu\u0308m stratejik ve idari kararlar\u0131n\u0131 bu bilin\u00e7le verir, adillik, sorumluluk ve hesap verebilirlik ilkelerini uygular ve \u015feffafl\u0131kla payla\u015f\u0131r.<\/p>\n","protected":false},"author":1,"featured_media":0,"parent":0,"menu_order":0,"comment_status":"closed","ping_status":"closed","template":"elementor_header_footer","meta":{"footnotes":""},"class_list":["post-27","page","type-page","status-publish","hentry"],"_links":{"self":[{"href":"https:\/\/www.mgeon.com\/tr\/wp-json\/wp\/v2\/pages\/27","targetHints":{"allow":["GET"]}}],"collection":[{"href":"https:\/\/www.mgeon.com\/tr\/wp-json\/wp\/v2\/pages"}],"about":[{"href":"https:\/\/www.mgeon.com\/tr\/wp-json\/wp\/v2\/types\/page"}],"author":[{"embeddable":true,"href":"https:\/\/www.mgeon.com\/tr\/wp-json\/wp\/v2\/users\/1"}],"replies":[{"embeddable":true,"href":"https:\/\/www.mgeon.com\/tr\/wp-json\/wp\/v2\/comments?post=27"}],"version-history":[{"count":0,"href":"https:\/\/www.mgeon.com\/tr\/wp-json\/wp\/v2\/pages\/27\/revisions"}],"wp:attachment":[{"href":"https:\/\/www.mgeon.com\/tr\/wp-json\/wp\/v2\/media?parent=27"}],"curies":[{"name":"wp","href":"https:\/\/api.w.org\/{rel}","templated":true}]}}