{"id":275,"date":"2022-09-24T05:45:12","date_gmt":"2022-09-24T05:45:12","guid":{"rendered":"https:\/\/mgeon.com\/?page_id=275"},"modified":"2023-02-18T13:13:32","modified_gmt":"2023-02-18T13:13:32","slug":"baskanin-mesaji","status":"publish","type":"page","link":"https:\/\/www.mgeon.com\/tr\/baskanin-mesaji\/","title":{"rendered":"Ba\u015fkan\u0131n Mesaj\u0131"},"content":{"rendered":"\t\t<div data-elementor-type=\"wp-page\" data-elementor-id=\"275\" class=\"elementor elementor-275\" data-elementor-post-type=\"page\">\n\t\t\t\t\t\t<section class=\"elementor-section elementor-top-section elementor-element elementor-element-dc3875b elementor-section-full_width elementor-section-stretched elementor-section-height-default elementor-section-height-default\" data-id=\"dc3875b\" data-element_type=\"section\" data-e-type=\"section\" data-settings=\"{&quot;stretch_section&quot;:&quot;section-stretched&quot;}\">\n\t\t\t\t\t\t<div class=\"elementor-container elementor-column-gap-default\">\n\t\t\t\t\t<div class=\"elementor-column elementor-col-100 elementor-top-column elementor-element elementor-element-bf2f5c6\" data-id=\"bf2f5c6\" data-element_type=\"column\" data-e-type=\"column\">\n\t\t\t<div class=\"elementor-widget-wrap elementor-element-populated\">\n\t\t\t\t\t\t<div class=\"elementor-element elementor-element-4f18185 elementor-widget elementor-widget-image\" data-id=\"4f18185\" data-element_type=\"widget\" data-e-type=\"widget\" data-widget_type=\"image.default\">\n\t\t\t\t<div class=\"elementor-widget-container\">\n\t\t\t\t\t\t\t\t\t\t\t\t\t\t\t<img fetchpriority=\"high\" decoding=\"async\" width=\"1920\" height=\"428\" src=\"https:\/\/www.mgeon.com\/wp-content\/uploads\/2022\/10\/neden-5.jpg\" class=\"attachment-full size-full wp-image-1018\" alt=\"\" srcset=\"https:\/\/www.mgeon.com\/wp-content\/uploads\/2022\/10\/neden-5.jpg 1920w, https:\/\/www.mgeon.com\/wp-content\/uploads\/2022\/10\/neden-5-300x67.jpg 300w, https:\/\/www.mgeon.com\/wp-content\/uploads\/2022\/10\/neden-5-1024x228.jpg 1024w, https:\/\/www.mgeon.com\/wp-content\/uploads\/2022\/10\/neden-5-768x171.jpg 768w, https:\/\/www.mgeon.com\/wp-content\/uploads\/2022\/10\/neden-5-1536x342.jpg 1536w, https:\/\/www.mgeon.com\/wp-content\/uploads\/2022\/10\/neden-5-600x134.jpg 600w\" sizes=\"(max-width: 1920px) 100vw, 1920px\" \/>\t\t\t\t\t\t\t\t\t\t\t\t\t\t\t<\/div>\n\t\t\t\t<\/div>\n\t\t\t\t\t<\/div>\n\t\t<\/div>\n\t\t\t\t\t<\/div>\n\t\t<\/section>\n\t\t\t\t<section class=\"elementor-section elementor-top-section elementor-element elementor-element-33c72c7a elementor-section-boxed elementor-section-height-default elementor-section-height-default\" data-id=\"33c72c7a\" data-element_type=\"section\" data-e-type=\"section\">\n\t\t\t\t\t\t<div class=\"elementor-container elementor-column-gap-default\">\n\t\t\t\t\t<div class=\"elementor-column elementor-col-100 elementor-top-column elementor-element elementor-element-2d321cf3\" data-id=\"2d321cf3\" data-element_type=\"column\" data-e-type=\"column\">\n\t\t\t<div class=\"elementor-widget-wrap elementor-element-populated\">\n\t\t\t\t\t\t<section class=\"elementor-section elementor-inner-section elementor-element elementor-element-44598e72 elementor-section-boxed elementor-section-height-default elementor-section-height-default\" data-id=\"44598e72\" data-element_type=\"section\" data-e-type=\"section\">\n\t\t\t\t\t\t<div class=\"elementor-container elementor-column-gap-default\">\n\t\t\t\t\t<div class=\"elementor-column elementor-col-33 elementor-inner-column elementor-element elementor-element-6cc465f0\" data-id=\"6cc465f0\" data-element_type=\"column\" data-e-type=\"column\">\n\t\t\t<div class=\"elementor-widget-wrap elementor-element-populated\">\n\t\t\t\t\t\t<div class=\"elementor-element elementor-element-e52c398 elementor-nav-menu--dropdown-tablet elementor-nav-menu__text-align-aside elementor-nav-menu--toggle elementor-nav-menu--burger elementor-widget elementor-widget-nav-menu\" data-id=\"e52c398\" data-element_type=\"widget\" data-e-type=\"widget\" data-settings=\"{&quot;layout&quot;:&quot;vertical&quot;,&quot;submenu_icon&quot;:{&quot;value&quot;:&quot;&lt;i class=\\&quot;fas fa-caret-down\\&quot; aria-hidden=\\&quot;true\\&quot;&gt;&lt;\\\/i&gt;&quot;,&quot;library&quot;:&quot;fa-solid&quot;},&quot;toggle&quot;:&quot;burger&quot;}\" data-widget_type=\"nav-menu.default\">\n\t\t\t\t<div class=\"elementor-widget-container\">\n\t\t\t\t\t\t\t\t<nav aria-label=\"Men\u00fc\" class=\"elementor-nav-menu--main elementor-nav-menu__container elementor-nav-menu--layout-vertical e--pointer-none\">\n\t\t\t\t<ul id=\"menu-1-e52c398\" class=\"elementor-nav-menu sm-vertical\"><li class=\"menu-item menu-item-type-post_type menu-item-object-page menu-item-301\"><a href=\"https:\/\/www.mgeon.com\/tr\/hakkimizda\/\" class=\"elementor-item\">Hakk\u0131m\u0131zda<\/a><\/li>\n<li class=\"menu-item menu-item-type-post_type menu-item-object-page menu-item-299\"><a href=\"https:\/\/www.mgeon.com\/tr\/baskanin-mesaji\/\" class=\"elementor-item\">Ba\u015fkan\u0131n Mesaj\u0131<\/a><\/li>\n<li class=\"menu-item menu-item-type-post_type menu-item-object-page menu-item-302\"><a href=\"https:\/\/www.mgeon.com\/tr\/misyon-vizyon\/\" class=\"elementor-item\">Misyon Vizyon<\/a><\/li>\n<li class=\"menu-item menu-item-type-post_type menu-item-object-page menu-item-300\"><a href=\"https:\/\/www.mgeon.com\/tr\/degerlerimiz\/\" class=\"elementor-item\">De\u011ferlerimiz<\/a><\/li>\n<\/ul>\t\t\t<\/nav>\n\t\t\t\t\t<div class=\"elementor-menu-toggle\" role=\"button\" tabindex=\"0\" aria-label=\"Menu Toggle\" aria-expanded=\"false\">\n\t\t\t<i aria-hidden=\"true\" role=\"presentation\" class=\"elementor-menu-toggle__icon--open eicon-menu-bar\"><\/i><i aria-hidden=\"true\" role=\"presentation\" class=\"elementor-menu-toggle__icon--close eicon-close\"><\/i>\t\t<\/div>\n\t\t\t\t\t<nav class=\"elementor-nav-menu--dropdown elementor-nav-menu__container\" aria-hidden=\"true\">\n\t\t\t\t<ul id=\"menu-2-e52c398\" class=\"elementor-nav-menu sm-vertical\"><li class=\"menu-item menu-item-type-post_type menu-item-object-page menu-item-301\"><a href=\"https:\/\/www.mgeon.com\/tr\/hakkimizda\/\" class=\"elementor-item\" tabindex=\"-1\">Hakk\u0131m\u0131zda<\/a><\/li>\n<li class=\"menu-item menu-item-type-post_type menu-item-object-page menu-item-299\"><a href=\"https:\/\/www.mgeon.com\/tr\/baskanin-mesaji\/\" class=\"elementor-item\" tabindex=\"-1\">Ba\u015fkan\u0131n Mesaj\u0131<\/a><\/li>\n<li class=\"menu-item menu-item-type-post_type menu-item-object-page menu-item-302\"><a href=\"https:\/\/www.mgeon.com\/tr\/misyon-vizyon\/\" class=\"elementor-item\" tabindex=\"-1\">Misyon Vizyon<\/a><\/li>\n<li class=\"menu-item menu-item-type-post_type menu-item-object-page menu-item-300\"><a href=\"https:\/\/www.mgeon.com\/tr\/degerlerimiz\/\" class=\"elementor-item\" tabindex=\"-1\">De\u011ferlerimiz<\/a><\/li>\n<\/ul>\t\t\t<\/nav>\n\t\t\t\t\t\t<\/div>\n\t\t\t\t<\/div>\n\t\t\t\t\t<\/div>\n\t\t<\/div>\n\t\t\t\t<div class=\"elementor-column elementor-col-33 elementor-inner-column elementor-element elementor-element-504ad389\" data-id=\"504ad389\" data-element_type=\"column\" data-e-type=\"column\">\n\t\t\t<div class=\"elementor-widget-wrap elementor-element-populated\">\n\t\t\t\t\t\t<div class=\"elementor-element elementor-element-4989fba2 elementor-widget elementor-widget-text-editor\" data-id=\"4989fba2\" data-element_type=\"widget\" data-e-type=\"widget\" data-widget_type=\"text-editor.default\">\n\t\t\t\t<div class=\"elementor-widget-container\">\n\t\t\t\t\t\t\t\t\tBA\u015eKANIN MESAJI\t\t\t\t\t\t\t\t<\/div>\n\t\t\t\t<\/div>\n\t\t\t\t<div class=\"elementor-element elementor-element-1abb09a elementor-widget elementor-widget-text-editor\" data-id=\"1abb09a\" data-element_type=\"widget\" data-e-type=\"widget\" data-widget_type=\"text-editor.default\">\n\t\t\t\t<div class=\"elementor-widget-container\">\n\t\t\t\t\t\t\t\t\t<p>De\u011ferli Payda\u015flar\u0131m\u0131z,<\/p><p>MGEON, benim i\u00e7in hayal edilen, gidilmek istenen yolun kendisidir.<\/p><p>25 y\u0131la yak\u0131n FMCG sekt\u00f6r tecr\u00fcbesi ile insanlar\u0131n hayatlar\u0131na dokunmak, iyile\u015ftirmek ve g\u00fczelle\u015ftirmek i\u00e7in yola \u00e7\u0131kt\u0131k. Tutkular\u0131m\u0131z\u0131n pe\u015finden giderek cesur ve kararl\u0131 ad\u0131mlarla y\u00fcr\u00fcd\u00fc\u011f\u00fcm\u00fcz, hayallerimizi hedeflerimiz yapt\u0131\u011f\u0131m\u0131z bu yolda, 2022 y\u0131l\u0131nda \u0130stanbul\u2019da MGEON\u2019 u kurduk.<\/p><p>MGEON\u2019 un en \u00f6nemli motivasyonlar\u0131ndan biri; uluslararas\u0131 sa\u011fl\u0131k ve g\u00fczellik markalar\u0131n\u0131 insanlarla bulu\u015fturmakt\u0131r. Bunun i\u00e7in sayg\u0131n ve t\u00fcketicide g\u00fcven endeksi olu\u015fturmu\u015f kaliteli \u00fcr\u00fcnleri insanlara sunmak i\u00e7in var g\u00fcc\u00fcm\u00fczle \u00e7al\u0131\u015f\u0131yoruz.\u00a0\u00a0\u00a0<\/p><p>MGEON olarak, kendi gelece\u011fimizi \u00fclkemizin gelece\u011fi ile bir tutuyor ve temsil etti\u011fimiz de\u011ferlerle att\u0131\u011f\u0131m\u0131z her b\u00fcy\u00fcme ad\u0131m\u0131n\u0131n, kendi markam\u0131zla birlikte \u00fclkemizin de markas\u0131na de\u011fer katt\u0131\u011f\u0131na inanarak hareket ediyoruz.<\/p><p>Bu yolculu\u011fumuzda \u00f6ncelikle bizlerle beraber y\u00fcr\u00fcyen ekip arkada\u015flar\u0131m\u0131za, desteklerini bizden esirgemeyen t\u00fcm i\u015f ortaklar\u0131m\u0131za ve m\u00fc\u015fterilerimize g\u00f6n\u00fclden te\u015fekk\u00fcr ediyoruz.<\/p><p>\u00a0<\/p><p>Murat Gedik<\/p><p>Y\u00d6NET\u0130M KURULU BA\u015eKANI<\/p>\t\t\t\t\t\t\t\t<\/div>\n\t\t\t\t<\/div>\n\t\t\t\t\t<\/div>\n\t\t<\/div>\n\t\t\t\t<div class=\"elementor-column elementor-col-33 elementor-inner-column elementor-element elementor-element-b77dc99\" data-id=\"b77dc99\" data-element_type=\"column\" data-e-type=\"column\">\n\t\t\t<div class=\"elementor-widget-wrap elementor-element-populated\">\n\t\t\t\t\t\t<div class=\"elementor-element elementor-element-f8b0b40 elementor-widget elementor-widget-image\" data-id=\"f8b0b40\" data-element_type=\"widget\" data-e-type=\"widget\" data-widget_type=\"image.default\">\n\t\t\t\t<div class=\"elementor-widget-container\">\n\t\t\t\t\t\t\t\t\t\t\t\t\t\t\t<img decoding=\"async\" width=\"1009\" height=\"1024\" data-src=\"https:\/\/www.mgeon.com\/wp-content\/uploads\/2022\/09\/WhatsApp-Image-2022-09-28-at-14.43.41.jpeg\" class=\"attachment-full size-full wp-image-601 lazyload\" alt=\"\" data-srcset=\"https:\/\/www.mgeon.com\/wp-content\/uploads\/2022\/09\/WhatsApp-Image-2022-09-28-at-14.43.41.jpeg 1009w, https:\/\/www.mgeon.com\/wp-content\/uploads\/2022\/09\/WhatsApp-Image-2022-09-28-at-14.43.41-296x300.jpeg 296w, https:\/\/www.mgeon.com\/wp-content\/uploads\/2022\/09\/WhatsApp-Image-2022-09-28-at-14.43.41-768x779.jpeg 768w, https:\/\/www.mgeon.com\/wp-content\/uploads\/2022\/09\/WhatsApp-Image-2022-09-28-at-14.43.41-600x609.jpeg 600w\" data-sizes=\"(max-width: 1009px) 100vw, 1009px\" src=\"data:image\/svg+xml;base64,PHN2ZyB3aWR0aD0iMSIgaGVpZ2h0PSIxIiB4bWxucz0iaHR0cDovL3d3dy53My5vcmcvMjAwMC9zdmciPjwvc3ZnPg==\" style=\"--smush-placeholder-width: 1009px; --smush-placeholder-aspect-ratio: 1009\/1024;\" \/>\t\t\t\t\t\t\t\t\t\t\t\t\t\t\t<\/div>\n\t\t\t\t<\/div>\n\t\t\t\t<div class=\"elementor-element elementor-element-3e83c85 elementor-widget elementor-widget-text-editor\" data-id=\"3e83c85\" data-element_type=\"widget\" data-e-type=\"widget\" data-widget_type=\"text-editor.default\">\n\t\t\t\t<div class=\"elementor-widget-container\">\n\t\t\t\t\t\t\t\t\t<p style=\"text-align: center;\">MGEON, benim i\u00e7in hayal edilen, gidilmek istenen yolun kendisidir.<\/p>\t\t\t\t\t\t\t\t<\/div>\n\t\t\t\t<\/div>\n\t\t\t\t\t<\/div>\n\t\t<\/div>\n\t\t\t\t\t<\/div>\n\t\t<\/section>\n\t\t\t\t\t<\/div>\n\t\t<\/div>\n\t\t\t\t\t<\/div>\n\t\t<\/section>\n\t\t\t\t<\/div>\n\t\t","protected":false},"excerpt":{"rendered":"<p>BA\u015eKANIN MESAJI De\u011ferli Payda\u015flar\u0131m\u0131z, MGEON, benim i\u00e7in hayal edilen, gidilmek istenen yolun kendisidir. 25 y\u0131la yak\u0131n FMCG sekt\u00f6r tecr\u00fcbesi ile insanlar\u0131n hayatlar\u0131na dokunmak, iyile\u015ftirmek ve g\u00fczelle\u015ftirmek i\u00e7in yola \u00e7\u0131kt\u0131k. Tutkular\u0131m\u0131z\u0131n pe\u015finden giderek cesur ve kararl\u0131 ad\u0131mlarla y\u00fcr\u00fcd\u00fc\u011f\u00fcm\u00fcz, hayallerimizi hedeflerimiz yapt\u0131\u011f\u0131m\u0131z bu yolda, 2022 y\u0131l\u0131nda \u0130stanbul\u2019da MGEON\u2019 u kurduk. MGEON\u2019 un en \u00f6nemli motivasyonlar\u0131ndan biri; uluslararas\u0131 [&hellip;]<\/p>\n","protected":false},"author":1,"featured_media":0,"parent":0,"menu_order":0,"comment_status":"closed","ping_status":"closed","template":"elementor_header_footer","meta":{"footnotes":""},"class_list":["post-275","page","type-page","status-publish","hentry"],"_links":{"self":[{"href":"https:\/\/www.mgeon.com\/tr\/wp-json\/wp\/v2\/pages\/275","targetHints":{"allow":["GET"]}}],"collection":[{"href":"https:\/\/www.mgeon.com\/tr\/wp-json\/wp\/v2\/pages"}],"about":[{"href":"https:\/\/www.mgeon.com\/tr\/wp-json\/wp\/v2\/types\/page"}],"author":[{"embeddable":true,"href":"https:\/\/www.mgeon.com\/tr\/wp-json\/wp\/v2\/users\/1"}],"replies":[{"embeddable":true,"href":"https:\/\/www.mgeon.com\/tr\/wp-json\/wp\/v2\/comments?post=275"}],"version-history":[{"count":0,"href":"https:\/\/www.mgeon.com\/tr\/wp-json\/wp\/v2\/pages\/275\/revisions"}],"wp:attachment":[{"href":"https:\/\/www.mgeon.com\/tr\/wp-json\/wp\/v2\/media?parent=275"}],"curies":[{"name":"wp","href":"https:\/\/api.w.org\/{rel}","templated":true}]}}