{"id":29,"date":"2022-09-22T19:25:02","date_gmt":"2022-09-22T19:25:02","guid":{"rendered":"https:\/\/mgeon.com\/?page_id=29"},"modified":"2023-09-06T06:27:57","modified_gmt":"2023-09-06T06:27:57","slug":"72k","status":"publish","type":"page","link":"https:\/\/www.mgeon.com\/tr\/72k\/","title":{"rendered":"72k"},"content":{"rendered":"\t\t<div data-elementor-type=\"wp-page\" data-elementor-id=\"29\" class=\"elementor elementor-29\" data-elementor-post-type=\"page\">\n\t\t\t\t\t\t<section class=\"elementor-section elementor-top-section elementor-element elementor-element-f91d65b elementor-section-full_width elementor-section-stretched elementor-section-height-default elementor-section-height-default\" data-id=\"f91d65b\" data-element_type=\"section\" data-e-type=\"section\" data-settings=\"{&quot;stretch_section&quot;:&quot;section-stretched&quot;}\">\n\t\t\t\t\t\t<div class=\"elementor-container elementor-column-gap-default\">\n\t\t\t\t\t<div class=\"elementor-column elementor-col-100 elementor-top-column elementor-element elementor-element-e163f65\" data-id=\"e163f65\" data-element_type=\"column\" data-e-type=\"column\">\n\t\t\t<div class=\"elementor-widget-wrap elementor-element-populated\">\n\t\t\t\t\t\t<div class=\"elementor-element elementor-element-02f3d07 elementor-widget elementor-widget-image\" data-id=\"02f3d07\" data-element_type=\"widget\" data-e-type=\"widget\" data-widget_type=\"image.default\">\n\t\t\t\t<div class=\"elementor-widget-container\">\n\t\t\t\t\t\t\t\t\t\t\t\t\t\t\t<img fetchpriority=\"high\" decoding=\"async\" width=\"2100\" height=\"900\" src=\"https:\/\/www.mgeon.com\/wp-content\/uploads\/2023\/09\/72k_Header_emotion_cosmetics_sun_2100x900.jpg\" class=\"attachment-full size-full wp-image-1574\" alt=\"\" srcset=\"https:\/\/www.mgeon.com\/wp-content\/uploads\/2023\/09\/72k_Header_emotion_cosmetics_sun_2100x900.jpg 2100w, https:\/\/www.mgeon.com\/wp-content\/uploads\/2023\/09\/72k_Header_emotion_cosmetics_sun_2100x900-300x129.jpg 300w, https:\/\/www.mgeon.com\/wp-content\/uploads\/2023\/09\/72k_Header_emotion_cosmetics_sun_2100x900-1024x439.jpg 1024w, https:\/\/www.mgeon.com\/wp-content\/uploads\/2023\/09\/72k_Header_emotion_cosmetics_sun_2100x900-768x329.jpg 768w, https:\/\/www.mgeon.com\/wp-content\/uploads\/2023\/09\/72k_Header_emotion_cosmetics_sun_2100x900-1536x658.jpg 1536w, https:\/\/www.mgeon.com\/wp-content\/uploads\/2023\/09\/72k_Header_emotion_cosmetics_sun_2100x900-2048x878.jpg 2048w, https:\/\/www.mgeon.com\/wp-content\/uploads\/2023\/09\/72k_Header_emotion_cosmetics_sun_2100x900-600x257.jpg 600w\" sizes=\"(max-width: 2100px) 100vw, 2100px\" \/>\t\t\t\t\t\t\t\t\t\t\t\t\t\t\t<\/div>\n\t\t\t\t<\/div>\n\t\t\t\t\t<\/div>\n\t\t<\/div>\n\t\t\t\t\t<\/div>\n\t\t<\/section>\n\t\t\t\t<section class=\"elementor-section elementor-top-section elementor-element elementor-element-c784a28 elementor-section-boxed elementor-section-height-default elementor-section-height-default\" data-id=\"c784a28\" data-element_type=\"section\" data-e-type=\"section\">\n\t\t\t\t\t\t<div class=\"elementor-container elementor-column-gap-default\">\n\t\t\t\t\t<div class=\"elementor-column elementor-col-100 elementor-top-column elementor-element elementor-element-aad14d2\" data-id=\"aad14d2\" data-element_type=\"column\" data-e-type=\"column\">\n\t\t\t<div class=\"elementor-widget-wrap elementor-element-populated\">\n\t\t\t\t\t\t<section class=\"elementor-section elementor-inner-section elementor-element elementor-element-bc4119a elementor-section-boxed elementor-section-height-default elementor-section-height-default\" data-id=\"bc4119a\" data-element_type=\"section\" data-e-type=\"section\">\n\t\t\t\t\t\t<div class=\"elementor-container elementor-column-gap-default\">\n\t\t\t\t\t<div class=\"elementor-column elementor-col-50 elementor-inner-column elementor-element elementor-element-40ada6a\" data-id=\"40ada6a\" data-element_type=\"column\" data-e-type=\"column\">\n\t\t\t<div class=\"elementor-widget-wrap elementor-element-populated\">\n\t\t\t\t\t\t<div class=\"elementor-element elementor-element-c03d167 elementor-arrows-position-outside elementor-widget elementor-widget-image-carousel\" data-id=\"c03d167\" data-element_type=\"widget\" data-e-type=\"widget\" data-settings=\"{&quot;slides_to_show&quot;:&quot;1&quot;,&quot;navigation&quot;:&quot;arrows&quot;,&quot;autoplay&quot;:&quot;yes&quot;,&quot;pause_on_hover&quot;:&quot;yes&quot;,&quot;pause_on_interaction&quot;:&quot;yes&quot;,&quot;autoplay_speed&quot;:5000,&quot;infinite&quot;:&quot;yes&quot;,&quot;effect&quot;:&quot;slide&quot;,&quot;speed&quot;:500}\" data-widget_type=\"image-carousel.default\">\n\t\t\t\t<div class=\"elementor-widget-container\">\n\t\t\t\t\t\t\t<div class=\"elementor-image-carousel-wrapper swiper\" role=\"region\" aria-roledescription=\"carousel\" aria-label=\"Resim D\u00f6ng\u00fcs\u00fc\" dir=\"ltr\">\n\t\t\t<div class=\"elementor-image-carousel swiper-wrapper\" aria-live=\"off\">\n\t\t\t\t\t\t\t\t<div class=\"swiper-slide\" role=\"group\" aria-roledescription=\"slide\" aria-label=\"1 \/ 10\"><figure class=\"swiper-slide-inner\"><img decoding=\"async\" class=\"swiper-slide-image lazyload\" data-src=\"https:\/\/www.mgeon.com\/wp-content\/uploads\/2022\/09\/ONLY-BOTTLES_shadow_active-toner-men.png\" alt=\"ONLY-BOTTLES_shadow_active-toner-men\" src=\"data:image\/svg+xml;base64,PHN2ZyB3aWR0aD0iMSIgaGVpZ2h0PSIxIiB4bWxucz0iaHR0cDovL3d3dy53My5vcmcvMjAwMC9zdmciPjwvc3ZnPg==\" style=\"--smush-placeholder-width: 2160px; --smush-placeholder-aspect-ratio: 2160\/2160;\" \/><\/figure><\/div><div class=\"swiper-slide\" role=\"group\" aria-roledescription=\"slide\" aria-label=\"2 \/ 10\"><figure class=\"swiper-slide-inner\"><img decoding=\"async\" class=\"swiper-slide-image lazyload\" data-src=\"https:\/\/www.mgeon.com\/wp-content\/uploads\/2022\/09\/ONLY-BOTTLES_shadow_active-toner-women.png\" alt=\"ONLY-BOTTLES_shadow_active-toner-women\" src=\"data:image\/svg+xml;base64,PHN2ZyB3aWR0aD0iMSIgaGVpZ2h0PSIxIiB4bWxucz0iaHR0cDovL3d3dy53My5vcmcvMjAwMC9zdmciPjwvc3ZnPg==\" style=\"--smush-placeholder-width: 2160px; --smush-placeholder-aspect-ratio: 2160\/2160;\" \/><\/figure><\/div><div class=\"swiper-slide\" role=\"group\" aria-roledescription=\"slide\" aria-label=\"3 \/ 10\"><figure class=\"swiper-slide-inner\"><img decoding=\"async\" class=\"swiper-slide-image lazyload\" data-src=\"https:\/\/www.mgeon.com\/wp-content\/uploads\/2022\/09\/ONLY-BOTTLES_shadow_extra-comfort.png\" alt=\"ONLY-BOTTLES_shadow_extra-comfort\" src=\"data:image\/svg+xml;base64,PHN2ZyB3aWR0aD0iMSIgaGVpZ2h0PSIxIiB4bWxucz0iaHR0cDovL3d3dy53My5vcmcvMjAwMC9zdmciPjwvc3ZnPg==\" style=\"--smush-placeholder-width: 2160px; --smush-placeholder-aspect-ratio: 2160\/2160;\" \/><\/figure><\/div><div class=\"swiper-slide\" role=\"group\" aria-roledescription=\"slide\" aria-label=\"4 \/ 10\"><figure class=\"swiper-slide-inner\"><img decoding=\"async\" class=\"swiper-slide-image lazyload\" data-src=\"https:\/\/www.mgeon.com\/wp-content\/uploads\/2022\/09\/ONLY-BOTTLES_shadow_eye-cream-women.png\" alt=\"ONLY-BOTTLES_shadow_eye-cream-women\" src=\"data:image\/svg+xml;base64,PHN2ZyB3aWR0aD0iMSIgaGVpZ2h0PSIxIiB4bWxucz0iaHR0cDovL3d3dy53My5vcmcvMjAwMC9zdmciPjwvc3ZnPg==\" style=\"--smush-placeholder-width: 2160px; --smush-placeholder-aspect-ratio: 2160\/2160;\" \/><\/figure><\/div><div class=\"swiper-slide\" role=\"group\" aria-roledescription=\"slide\" aria-label=\"5 \/ 10\"><figure class=\"swiper-slide-inner\"><img decoding=\"async\" class=\"swiper-slide-image lazyload\" data-src=\"https:\/\/www.mgeon.com\/wp-content\/uploads\/2022\/09\/ONLY-BOTTLES_shadow_eye-serum-men.png\" alt=\"ONLY-BOTTLES_shadow_eye-serum-men\" src=\"data:image\/svg+xml;base64,PHN2ZyB3aWR0aD0iMSIgaGVpZ2h0PSIxIiB4bWxucz0iaHR0cDovL3d3dy53My5vcmcvMjAwMC9zdmciPjwvc3ZnPg==\" style=\"--smush-placeholder-width: 2160px; --smush-placeholder-aspect-ratio: 2160\/2160;\" \/><\/figure><\/div><div class=\"swiper-slide\" role=\"group\" aria-roledescription=\"slide\" aria-label=\"6 \/ 10\"><figure class=\"swiper-slide-inner\"><img decoding=\"async\" class=\"swiper-slide-image lazyload\" data-src=\"https:\/\/www.mgeon.com\/wp-content\/uploads\/2022\/09\/ONLY-BOTTLES_shadow_eye-serum-women.png\" alt=\"ONLY-BOTTLES_shadow_eye-serum-women\" src=\"data:image\/svg+xml;base64,PHN2ZyB3aWR0aD0iMSIgaGVpZ2h0PSIxIiB4bWxucz0iaHR0cDovL3d3dy53My5vcmcvMjAwMC9zdmciPjwvc3ZnPg==\" style=\"--smush-placeholder-width: 2160px; --smush-placeholder-aspect-ratio: 2160\/2160;\" \/><\/figure><\/div><div class=\"swiper-slide\" role=\"group\" aria-roledescription=\"slide\" aria-label=\"7 \/ 10\"><figure class=\"swiper-slide-inner\"><img decoding=\"async\" class=\"swiper-slide-image lazyload\" data-src=\"https:\/\/www.mgeon.com\/wp-content\/uploads\/2022\/09\/ONLY-BOTTLES_shadow_face-cream-women.png\" alt=\"ONLY-BOTTLES_shadow_face-cream-women\" src=\"data:image\/svg+xml;base64,PHN2ZyB3aWR0aD0iMSIgaGVpZ2h0PSIxIiB4bWxucz0iaHR0cDovL3d3dy53My5vcmcvMjAwMC9zdmciPjwvc3ZnPg==\" style=\"--smush-placeholder-width: 2160px; --smush-placeholder-aspect-ratio: 2160\/2160;\" \/><\/figure><\/div><div class=\"swiper-slide\" role=\"group\" aria-roledescription=\"slide\" aria-label=\"8 \/ 10\"><figure class=\"swiper-slide-inner\"><img decoding=\"async\" class=\"swiper-slide-image lazyload\" data-src=\"https:\/\/www.mgeon.com\/wp-content\/uploads\/2022\/09\/ONLY-BOTTLES_shadow_face-serum-men.png\" alt=\"ONLY-BOTTLES_shadow_face-serum-men\" src=\"data:image\/svg+xml;base64,PHN2ZyB3aWR0aD0iMSIgaGVpZ2h0PSIxIiB4bWxucz0iaHR0cDovL3d3dy53My5vcmcvMjAwMC9zdmciPjwvc3ZnPg==\" style=\"--smush-placeholder-width: 2160px; --smush-placeholder-aspect-ratio: 2160\/2160;\" \/><\/figure><\/div><div class=\"swiper-slide\" role=\"group\" aria-roledescription=\"slide\" aria-label=\"9 \/ 10\"><figure class=\"swiper-slide-inner\"><img decoding=\"async\" class=\"swiper-slide-image lazyload\" data-src=\"https:\/\/www.mgeon.com\/wp-content\/uploads\/2022\/09\/ONLY-BOTTLES_shadow_face-serum-women.png\" alt=\"ONLY-BOTTLES_shadow_face-serum-women\" src=\"data:image\/svg+xml;base64,PHN2ZyB3aWR0aD0iMSIgaGVpZ2h0PSIxIiB4bWxucz0iaHR0cDovL3d3dy53My5vcmcvMjAwMC9zdmciPjwvc3ZnPg==\" style=\"--smush-placeholder-width: 2160px; --smush-placeholder-aspect-ratio: 2160\/2160;\" \/><\/figure><\/div><div class=\"swiper-slide\" role=\"group\" aria-roledescription=\"slide\" aria-label=\"10 \/ 10\"><figure class=\"swiper-slide-inner\"><img decoding=\"async\" class=\"swiper-slide-image lazyload\" data-src=\"https:\/\/www.mgeon.com\/wp-content\/uploads\/2022\/09\/ONLY-BOTTLES_shadow_multi-talent.png\" alt=\"ONLY-BOTTLES_shadow_multi-talent\" src=\"data:image\/svg+xml;base64,PHN2ZyB3aWR0aD0iMSIgaGVpZ2h0PSIxIiB4bWxucz0iaHR0cDovL3d3dy53My5vcmcvMjAwMC9zdmciPjwvc3ZnPg==\" style=\"--smush-placeholder-width: 2160px; --smush-placeholder-aspect-ratio: 2160\/2160;\" \/><\/figure><\/div>\t\t\t<\/div>\n\t\t\t\t\t\t\t\t\t\t\t\t<div class=\"elementor-swiper-button elementor-swiper-button-prev\" role=\"button\" tabindex=\"0\">\n\t\t\t\t\t\t<i aria-hidden=\"true\" class=\"eicon-chevron-left\"><\/i>\t\t\t\t\t<\/div>\n\t\t\t\t\t<div class=\"elementor-swiper-button elementor-swiper-button-next\" role=\"button\" tabindex=\"0\">\n\t\t\t\t\t\t<i aria-hidden=\"true\" class=\"eicon-chevron-right\"><\/i>\t\t\t\t\t<\/div>\n\t\t\t\t\n\t\t\t\t\t\t\t\t\t<\/div>\n\t\t\t\t\t\t<\/div>\n\t\t\t\t<\/div>\n\t\t\t\t\t<\/div>\n\t\t<\/div>\n\t\t\t\t<div class=\"elementor-column elementor-col-50 elementor-inner-column elementor-element elementor-element-2b93975\" data-id=\"2b93975\" data-element_type=\"column\" data-e-type=\"column\">\n\t\t\t<div class=\"elementor-widget-wrap elementor-element-populated\">\n\t\t\t\t\t\t<div class=\"elementor-element elementor-element-7263e7b elementor-widget elementor-widget-text-editor\" data-id=\"7263e7b\" data-element_type=\"widget\" data-e-type=\"widget\" data-widget_type=\"text-editor.default\">\n\t\t\t\t<div class=\"elementor-widget-container\">\n\t\t\t\t\t\t\t\t\t72k\t\t\t\t\t\t\t\t<\/div>\n\t\t\t\t<\/div>\n\t\t\t\t<div class=\"elementor-element elementor-element-d5a50a7 elementor-widget elementor-widget-text-editor\" data-id=\"d5a50a7\" data-element_type=\"widget\" data-e-type=\"widget\" data-widget_type=\"text-editor.default\">\n\t\t\t\t<div class=\"elementor-widget-container\">\n\t\t\t\t\t\t\t\t\t<p><strong>Viocap<\/strong><\/p><p>Pei Angela, 2020 Y\u0131l\u0131nda do\u011fal kozmetik konusunda uzmanla\u015fm\u0131\u015f Viocap Ltd\u2019 i \u0130svi\u00e7re\u2019 nin Basel kenti yak\u0131nlar\u0131nda ki Therwil\u2019 da kurdu.<\/p><p>Pei Angela, s\u0131tma ara\u015ft\u0131rmalar\u0131na kat\u0131ld\u0131 ve bu ba\u011flamda Artemisia Annua bitkisinin faydal\u0131 \u00f6zelliklerini ara\u015ft\u0131rd\u0131. Bu bitki bazl\u0131 bile\u015fenin kozmetik ba\u011flamda potansiyelini do\u011frulad\u0131ktan sonra, \u00f6zel 72k cilt bak\u0131m serisi i\u00e7in Artemisia&#8217;n\u0131n iyile\u015ftirici \u00f6zelliklerini kullanmaya karar verdi.<\/p><p>72k \u0130svi\u00e7re\u2019 de \u00fcretilmektedir. 72k Cilt bak\u0131m\u0131nda \u00fcst\u00fcn kalitenin kan\u0131t\u0131 olup sadece kaliteyi de\u011fil, ayn\u0131 zamanda markan\u0131n de\u011ferlerini de temsil eder. G\u00fcvenilir, organik ve s\u00fcrd\u00fcr\u00fclebilir bir markad\u0131r.<\/p><p>MGEON, 72k markas\u0131n\u0131n T\u00fcrkiye, T\u00fcrki Cumhuriyetler ve Orta Do\u011fu B\u00f6lgesi yetkili distrib\u00fct\u00f6r\u00fcd\u00fcr.<\/p>\t\t\t\t\t\t\t\t<\/div>\n\t\t\t\t<\/div>\n\t\t\t\t\t<\/div>\n\t\t<\/div>\n\t\t\t\t\t<\/div>\n\t\t<\/section>\n\t\t\t\t\t<\/div>\n\t\t<\/div>\n\t\t\t\t\t<\/div>\n\t\t<\/section>\n\t\t\t\t<\/div>\n\t\t","protected":false},"excerpt":{"rendered":"<p>72k Viocap Pei Angela, 2020 Y\u0131l\u0131nda do\u011fal kozmetik konusunda uzmanla\u015fm\u0131\u015f Viocap Ltd\u2019 i \u0130svi\u00e7re\u2019 nin Basel kenti yak\u0131nlar\u0131nda ki Therwil\u2019 da kurdu. Pei Angela, s\u0131tma ara\u015ft\u0131rmalar\u0131na kat\u0131ld\u0131 ve bu ba\u011flamda Artemisia Annua bitkisinin faydal\u0131 \u00f6zelliklerini ara\u015ft\u0131rd\u0131. Bu bitki bazl\u0131 bile\u015fenin kozmetik ba\u011flamda potansiyelini do\u011frulad\u0131ktan sonra, \u00f6zel 72k cilt bak\u0131m serisi i\u00e7in Artemisia&#8217;n\u0131n iyile\u015ftirici \u00f6zelliklerini kullanmaya [&hellip;]<\/p>\n","protected":false},"author":1,"featured_media":0,"parent":0,"menu_order":0,"comment_status":"closed","ping_status":"closed","template":"elementor_header_footer","meta":{"footnotes":""},"class_list":["post-29","page","type-page","status-publish","hentry"],"_links":{"self":[{"href":"https:\/\/www.mgeon.com\/tr\/wp-json\/wp\/v2\/pages\/29","targetHints":{"allow":["GET"]}}],"collection":[{"href":"https:\/\/www.mgeon.com\/tr\/wp-json\/wp\/v2\/pages"}],"about":[{"href":"https:\/\/www.mgeon.com\/tr\/wp-json\/wp\/v2\/types\/page"}],"author":[{"embeddable":true,"href":"https:\/\/www.mgeon.com\/tr\/wp-json\/wp\/v2\/users\/1"}],"replies":[{"embeddable":true,"href":"https:\/\/www.mgeon.com\/tr\/wp-json\/wp\/v2\/comments?post=29"}],"version-history":[{"count":0,"href":"https:\/\/www.mgeon.com\/tr\/wp-json\/wp\/v2\/pages\/29\/revisions"}],"wp:attachment":[{"href":"https:\/\/www.mgeon.com\/tr\/wp-json\/wp\/v2\/media?parent=29"}],"curies":[{"name":"wp","href":"https:\/\/api.w.org\/{rel}","templated":true}]}}