{"id":40,"date":"2022-09-22T19:27:15","date_gmt":"2022-09-22T19:27:15","guid":{"rendered":"https:\/\/mgeon.com\/?page_id=40"},"modified":"2023-03-03T10:33:02","modified_gmt":"2023-03-03T10:33:02","slug":"is-modelimiz","status":"publish","type":"page","link":"https:\/\/www.mgeon.com\/tr\/is-modelimiz\/","title":{"rendered":"\u0130\u015f Modelimiz"},"content":{"rendered":"\t\t<div data-elementor-type=\"wp-page\" data-elementor-id=\"40\" class=\"elementor elementor-40\" data-elementor-post-type=\"page\">\n\t\t\t\t\t\t<section class=\"elementor-section elementor-top-section elementor-element elementor-element-bb65325 elementor-section-full_width elementor-section-stretched elementor-section-height-default elementor-section-height-default\" data-id=\"bb65325\" data-element_type=\"section\" data-e-type=\"section\" data-settings=\"{&quot;stretch_section&quot;:&quot;section-stretched&quot;}\">\n\t\t\t\t\t\t<div class=\"elementor-container elementor-column-gap-default\">\n\t\t\t\t\t<div class=\"elementor-column elementor-col-100 elementor-top-column elementor-element elementor-element-1d30711\" data-id=\"1d30711\" data-element_type=\"column\" data-e-type=\"column\">\n\t\t\t<div class=\"elementor-widget-wrap elementor-element-populated\">\n\t\t\t\t\t\t<div class=\"elementor-element elementor-element-611ff18 elementor-widget elementor-widget-image\" data-id=\"611ff18\" data-element_type=\"widget\" data-e-type=\"widget\" data-widget_type=\"image.default\">\n\t\t\t\t<div class=\"elementor-widget-container\">\n\t\t\t\t\t\t\t\t\t\t\t\t\t\t\t<img fetchpriority=\"high\" decoding=\"async\" width=\"2560\" height=\"570\" src=\"https:\/\/www.mgeon.com\/wp-content\/uploads\/2022\/10\/mgeon-ismodeli2-scaled.jpg\" class=\"attachment-full size-full wp-image-1124\" alt=\"\" srcset=\"https:\/\/www.mgeon.com\/wp-content\/uploads\/2022\/10\/mgeon-ismodeli2-scaled.jpg 2560w, https:\/\/www.mgeon.com\/wp-content\/uploads\/2022\/10\/mgeon-ismodeli2-300x67.jpg 300w, https:\/\/www.mgeon.com\/wp-content\/uploads\/2022\/10\/mgeon-ismodeli2-1024x228.jpg 1024w, https:\/\/www.mgeon.com\/wp-content\/uploads\/2022\/10\/mgeon-ismodeli2-768x171.jpg 768w, https:\/\/www.mgeon.com\/wp-content\/uploads\/2022\/10\/mgeon-ismodeli2-1536x342.jpg 1536w, https:\/\/www.mgeon.com\/wp-content\/uploads\/2022\/10\/mgeon-ismodeli2-2048x456.jpg 2048w, https:\/\/www.mgeon.com\/wp-content\/uploads\/2022\/10\/mgeon-ismodeli2-600x134.jpg 600w\" sizes=\"(max-width: 2560px) 100vw, 2560px\" \/>\t\t\t\t\t\t\t\t\t\t\t\t\t\t\t<\/div>\n\t\t\t\t<\/div>\n\t\t\t\t\t<\/div>\n\t\t<\/div>\n\t\t\t\t\t<\/div>\n\t\t<\/section>\n\t\t\t\t<section class=\"elementor-section elementor-top-section elementor-element elementor-element-cd4c98b elementor-section-boxed elementor-section-height-default elementor-section-height-default\" data-id=\"cd4c98b\" data-element_type=\"section\" data-e-type=\"section\">\n\t\t\t\t\t\t<div class=\"elementor-container elementor-column-gap-default\">\n\t\t\t\t\t<div class=\"elementor-column elementor-col-50 elementor-top-column elementor-element elementor-element-91b9182\" data-id=\"91b9182\" data-element_type=\"column\" data-e-type=\"column\">\n\t\t\t<div class=\"elementor-widget-wrap elementor-element-populated\">\n\t\t\t\t\t\t<div class=\"elementor-element elementor-element-6105383 elementor-widget elementor-widget-text-editor\" data-id=\"6105383\" data-element_type=\"widget\" data-e-type=\"widget\" data-widget_type=\"text-editor.default\">\n\t\t\t\t<div class=\"elementor-widget-container\">\n\t\t\t\t\t\t\t\t\t<strong>\u0130\u015e MODEL\u0130M\u0130Z<\/strong>\t\t\t\t\t\t\t\t<\/div>\n\t\t\t\t<\/div>\n\t\t\t\t<div class=\"elementor-element elementor-element-5fb1116 elementor-nav-menu--dropdown-tablet elementor-nav-menu__text-align-aside elementor-nav-menu--toggle elementor-nav-menu--burger elementor-widget elementor-widget-nav-menu\" data-id=\"5fb1116\" data-element_type=\"widget\" data-e-type=\"widget\" data-settings=\"{&quot;layout&quot;:&quot;vertical&quot;,&quot;submenu_icon&quot;:{&quot;value&quot;:&quot;&lt;i class=\\&quot;fas fa-caret-down\\&quot; aria-hidden=\\&quot;true\\&quot;&gt;&lt;\\\/i&gt;&quot;,&quot;library&quot;:&quot;fa-solid&quot;},&quot;toggle&quot;:&quot;burger&quot;}\" data-widget_type=\"nav-menu.default\">\n\t\t\t\t<div class=\"elementor-widget-container\">\n\t\t\t\t\t\t\t\t<nav aria-label=\"Men\u00fc\" class=\"elementor-nav-menu--main elementor-nav-menu__container elementor-nav-menu--layout-vertical e--pointer-none\">\n\t\t\t\t<ul id=\"menu-1-5fb1116\" class=\"elementor-nav-menu sm-vertical\"><li class=\"menu-item menu-item-type-post_type menu-item-object-page menu-item-826\"><a href=\"https:\/\/www.mgeon.com\/tr\/ticari-yapilanma\/\" class=\"elementor-item\">&#8211; Ticari Yap\u0131lanma<\/a><\/li>\n<li class=\"menu-item menu-item-type-post_type menu-item-object-page menu-item-825\"><a href=\"https:\/\/www.mgeon.com\/tr\/tedarik-zinciri-yonetimi\/\" class=\"elementor-item\">&#8211; Tedarik Zinciri Y\u00f6netimi<\/a><\/li>\n<li class=\"menu-item menu-item-type-post_type menu-item-object-page menu-item-824\"><a href=\"https:\/\/www.mgeon.com\/tr\/satis-ve-pazarlama\/\" class=\"elementor-item\">&#8211; Sat\u0131\u015f ve Pazarlama<\/a><\/li>\n<li class=\"menu-item menu-item-type-post_type menu-item-object-page menu-item-823\"><a href=\"https:\/\/www.mgeon.com\/tr\/risk-yonetimi\/\" class=\"elementor-item\">&#8211; Risk Y\u00f6netimi<\/a><\/li>\n<li class=\"menu-item menu-item-type-post_type menu-item-object-page menu-item-822\"><a href=\"https:\/\/www.mgeon.com\/tr\/marka-yonetimi\/\" class=\"elementor-item\">&#8211; Marka Y\u00f6netimi<\/a><\/li>\n<\/ul>\t\t\t<\/nav>\n\t\t\t\t\t<div class=\"elementor-menu-toggle\" role=\"button\" tabindex=\"0\" aria-label=\"Menu Toggle\" aria-expanded=\"false\">\n\t\t\t<i aria-hidden=\"true\" role=\"presentation\" class=\"elementor-menu-toggle__icon--open eicon-menu-bar\"><\/i><i aria-hidden=\"true\" role=\"presentation\" class=\"elementor-menu-toggle__icon--close eicon-close\"><\/i>\t\t<\/div>\n\t\t\t\t\t<nav class=\"elementor-nav-menu--dropdown elementor-nav-menu__container\" aria-hidden=\"true\">\n\t\t\t\t<ul id=\"menu-2-5fb1116\" class=\"elementor-nav-menu sm-vertical\"><li class=\"menu-item menu-item-type-post_type menu-item-object-page menu-item-826\"><a href=\"https:\/\/www.mgeon.com\/tr\/ticari-yapilanma\/\" class=\"elementor-item\" tabindex=\"-1\">&#8211; Ticari Yap\u0131lanma<\/a><\/li>\n<li class=\"menu-item menu-item-type-post_type menu-item-object-page menu-item-825\"><a href=\"https:\/\/www.mgeon.com\/tr\/tedarik-zinciri-yonetimi\/\" class=\"elementor-item\" tabindex=\"-1\">&#8211; Tedarik Zinciri Y\u00f6netimi<\/a><\/li>\n<li class=\"menu-item menu-item-type-post_type menu-item-object-page menu-item-824\"><a href=\"https:\/\/www.mgeon.com\/tr\/satis-ve-pazarlama\/\" class=\"elementor-item\" tabindex=\"-1\">&#8211; Sat\u0131\u015f ve Pazarlama<\/a><\/li>\n<li class=\"menu-item menu-item-type-post_type menu-item-object-page menu-item-823\"><a href=\"https:\/\/www.mgeon.com\/tr\/risk-yonetimi\/\" class=\"elementor-item\" tabindex=\"-1\">&#8211; Risk Y\u00f6netimi<\/a><\/li>\n<li class=\"menu-item menu-item-type-post_type menu-item-object-page menu-item-822\"><a href=\"https:\/\/www.mgeon.com\/tr\/marka-yonetimi\/\" class=\"elementor-item\" tabindex=\"-1\">&#8211; Marka Y\u00f6netimi<\/a><\/li>\n<\/ul>\t\t\t<\/nav>\n\t\t\t\t\t\t<\/div>\n\t\t\t\t<\/div>\n\t\t\t\t\t<\/div>\n\t\t<\/div>\n\t\t\t\t<div class=\"elementor-column elementor-col-50 elementor-top-column elementor-element elementor-element-be0f2d0\" data-id=\"be0f2d0\" data-element_type=\"column\" data-e-type=\"column\">\n\t\t\t<div class=\"elementor-widget-wrap elementor-element-populated\">\n\t\t\t\t\t\t<div class=\"elementor-element elementor-element-451a740e elementor-widget elementor-widget-text-editor\" data-id=\"451a740e\" data-element_type=\"widget\" data-e-type=\"widget\" data-widget_type=\"text-editor.default\">\n\t\t\t\t<div class=\"elementor-widget-container\">\n\t\t\t\t\t\t\t\t\t\u0130\u015e MODEL\u0130M\u0130Z\t\t\t\t\t\t\t\t<\/div>\n\t\t\t\t<\/div>\n\t\t\t\t<div class=\"elementor-element elementor-element-8285e68 elementor-widget elementor-widget-text-editor\" data-id=\"8285e68\" data-element_type=\"widget\" data-e-type=\"widget\" data-widget_type=\"text-editor.default\">\n\t\t\t\t<div class=\"elementor-widget-container\">\n\t\t\t\t\t\t\t\t\tMGEON, uluslararas\u0131 sa\u011fl\u0131k ve g\u00fczellik markalar\u0131n\u0131n ithalat\u00e7\u0131s\u0131 ve ulusal distrib\u00fct\u00f6r\u00fc olarak sekt\u00f6rde faaliyet g\u00f6stermektedir. FMCG sekt\u00f6r\u00fcnde; Lokal ve zincir parf\u00fcmerilerin yan\u0131nda ni\u015f zincir kozmetik ma\u011fazalar\u0131 ve g\u00fczellik merkezlerine; sa\u011fl\u0131k sekt\u00f6r\u00fcnde ise OTC \u00fcr\u00fcnleri ile eczane kanal\u0131 ve ecza \/ \u0131triyat depolar\u0131na hizmet vermektedir. \u00c7evrimd\u0131\u015f\u0131 kanallara ek olarak se\u00e7ili \u00e7evrimi\u00e7i kanallarda da i\u015f ortaklar\u0131m\u0131za hizmet vermekteyiz.\n\nKapsam olarak ba\u015fta T\u00fcrkiye pazar\u0131 olmak \u00fczere, focuslar\u0131m\u0131z aras\u0131nda Orta Do\u011fu pazar\u0131 da yer almaktad\u0131r.\t\t\t\t\t\t\t\t<\/div>\n\t\t\t\t<\/div>\n\t\t\t\t<div class=\"elementor-element elementor-element-5f12983 elementor-widget elementor-widget-image\" data-id=\"5f12983\" data-element_type=\"widget\" data-e-type=\"widget\" data-widget_type=\"image.default\">\n\t\t\t\t<div class=\"elementor-widget-container\">\n\t\t\t\t\t\t\t\t\t\t\t\t\t\t\t<img decoding=\"async\" width=\"2560\" height=\"852\" data-src=\"https:\/\/www.mgeon.com\/wp-content\/uploads\/2022\/10\/mgeon-Ulusal-Distribu\u0308to\u0308rlu\u0308k-yeni-scaled.jpg\" class=\"attachment-full size-full wp-image-993 lazyload\" alt=\"\" data-srcset=\"https:\/\/www.mgeon.com\/wp-content\/uploads\/2022\/10\/mgeon-Ulusal-Distribu\u0308to\u0308rlu\u0308k-yeni-scaled.jpg 2560w, https:\/\/www.mgeon.com\/wp-content\/uploads\/2022\/10\/mgeon-Ulusal-Distribu\u0308to\u0308rlu\u0308k-yeni-300x100.jpg 300w, https:\/\/www.mgeon.com\/wp-content\/uploads\/2022\/10\/mgeon-Ulusal-Distribu\u0308to\u0308rlu\u0308k-yeni-1024x341.jpg 1024w, https:\/\/www.mgeon.com\/wp-content\/uploads\/2022\/10\/mgeon-Ulusal-Distribu\u0308to\u0308rlu\u0308k-yeni-768x256.jpg 768w, https:\/\/www.mgeon.com\/wp-content\/uploads\/2022\/10\/mgeon-Ulusal-Distribu\u0308to\u0308rlu\u0308k-yeni-1536x511.jpg 1536w, https:\/\/www.mgeon.com\/wp-content\/uploads\/2022\/10\/mgeon-Ulusal-Distribu\u0308to\u0308rlu\u0308k-yeni-2048x682.jpg 2048w, https:\/\/www.mgeon.com\/wp-content\/uploads\/2022\/10\/mgeon-Ulusal-Distribu\u0308to\u0308rlu\u0308k-yeni-600x200.jpg 600w\" data-sizes=\"(max-width: 2560px) 100vw, 2560px\" src=\"data:image\/svg+xml;base64,PHN2ZyB3aWR0aD0iMSIgaGVpZ2h0PSIxIiB4bWxucz0iaHR0cDovL3d3dy53My5vcmcvMjAwMC9zdmciPjwvc3ZnPg==\" style=\"--smush-placeholder-width: 2560px; --smush-placeholder-aspect-ratio: 2560\/852;\" \/>\t\t\t\t\t\t\t\t\t\t\t\t\t\t\t<\/div>\n\t\t\t\t<\/div>\n\t\t\t\t<div class=\"elementor-element elementor-element-73a4103 elementor-widget elementor-widget-text-editor\" data-id=\"73a4103\" data-element_type=\"widget\" data-e-type=\"widget\" data-widget_type=\"text-editor.default\">\n\t\t\t\t<div class=\"elementor-widget-container\">\n\t\t\t\t\t\t\t\t\t<strong>Neden Ulusal Distrib\u00fct\u00f6rl\u00fck<\/strong>\t\t\t\t\t\t\t\t<\/div>\n\t\t\t\t<\/div>\n\t\t\t\t<div class=\"elementor-element elementor-element-8a713de elementor-widget elementor-widget-text-editor\" data-id=\"8a713de\" data-element_type=\"widget\" data-e-type=\"widget\" data-widget_type=\"text-editor.default\">\n\t\t\t\t<div class=\"elementor-widget-container\">\n\t\t\t\t\t\t\t\t\t<p>Distrib\u00fct\u00f6rl\u00fc\u011f\u00fcn\u00fc yapt\u0131\u011f\u0131m\u0131z tedarik\u00e7ilerimiz ile perakendeciler aras\u0131ndaki ba\u011flant\u0131y\u0131 kurmaktan ve s\u00fcrece k\u00f6pr\u00fc olmaktan \u00f6t\u00fcr\u00fc son derece mutlu ve gururluyuz. \u00c7\u00fcnk\u00fc i\u015fimizi seviyor ve tutku ile yap\u0131yoruz.<\/p><p>\u0130\u015f y\u00f6netimi ve s\u00fcre\u00e7ler a\u00e7\u0131s\u0131ndan en \u00f6nemli detaylardan biri de zaman ve maliyettir. Ulusal distrib\u00fct\u00f6rl\u00fck sisteminin \u00e7a\u011f\u0131n bir gereksinimi haline gelmesindeki en \u00f6nemli etken; tedarik\u00e7ilerin birden fazla lokal bayi ile u\u011fra\u015fmak yerine, tek bir noktadan zaman ve maliyet tasarrufu yapan yeni nesil bir i\u015f modelini tercih etmesidir.<\/p><p>S\u00fcre\u00e7 i\u00e7erisindeki tecr\u00fcbelerimizle uzman oldu\u011fumuz bu alanda, mevcut i\u015f ortaklar\u0131m\u0131za ve olas\u0131 yeni i\u015f ortaklar\u0131m\u0131za farkl\u0131 alternatifler sunarak markan\u0131z\u0131n b\u00fcy\u00fcmesine do\u011frudan katk\u0131da bulunuyoruz.<\/p><p>MGEON olarak sorumlulu\u011fumuzun fark\u0131nda olarak, her g\u00fcn yeni \u015feyler \u00f6\u011frenerek, yenilik\u00e7ilik ve adanm\u0131\u015fl\u0131\u011f\u0131m\u0131zla kendimizi geli\u015ftirmeye devam ediyoruz. Ulusal distrib\u00fct\u00f6rl\u00fck alan\u0131ndaki y\u00fcksek tecr\u00fcbelerimizle markalar\u0131n\u0131z\u0131 pazarda do\u011fru kanalda konumland\u0131rmak ve t\u00fcketicilerle bulu\u015fturmak i\u00e7in sizinle tam i\u015f birli\u011fi ve uyum i\u00e7inde \u00e7al\u0131\u015f\u0131yoruz.<\/p>\t\t\t\t\t\t\t\t<\/div>\n\t\t\t\t<\/div>\n\t\t\t\t<section class=\"elementor-section elementor-inner-section elementor-element elementor-element-f06e223 elementor-section-boxed elementor-section-height-default elementor-section-height-default\" data-id=\"f06e223\" data-element_type=\"section\" data-e-type=\"section\">\n\t\t\t\t\t\t<div class=\"elementor-container elementor-column-gap-default\">\n\t\t\t\t\t<div class=\"elementor-column elementor-col-100 elementor-inner-column elementor-element elementor-element-8ac4723\" data-id=\"8ac4723\" data-element_type=\"column\" data-e-type=\"column\">\n\t\t\t<div class=\"elementor-widget-wrap elementor-element-populated\">\n\t\t\t\t\t\t<div class=\"elementor-element elementor-element-9ea708c elementor-widget elementor-widget-image\" data-id=\"9ea708c\" data-element_type=\"widget\" data-e-type=\"widget\" data-widget_type=\"image.default\">\n\t\t\t\t<div class=\"elementor-widget-container\">\n\t\t\t\t\t\t\t\t\t\t\t\t\t\t\t<img decoding=\"async\" width=\"2560\" height=\"852\" data-src=\"https:\/\/www.mgeon.com\/wp-content\/uploads\/2022\/10\/mgeon-markaniza-deger-son-scaled.jpg\" class=\"attachment-full size-full wp-image-994 lazyload\" alt=\"\" data-srcset=\"https:\/\/www.mgeon.com\/wp-content\/uploads\/2022\/10\/mgeon-markaniza-deger-son-scaled.jpg 2560w, https:\/\/www.mgeon.com\/wp-content\/uploads\/2022\/10\/mgeon-markaniza-deger-son-300x100.jpg 300w, https:\/\/www.mgeon.com\/wp-content\/uploads\/2022\/10\/mgeon-markaniza-deger-son-1024x341.jpg 1024w, https:\/\/www.mgeon.com\/wp-content\/uploads\/2022\/10\/mgeon-markaniza-deger-son-768x256.jpg 768w, https:\/\/www.mgeon.com\/wp-content\/uploads\/2022\/10\/mgeon-markaniza-deger-son-1536x511.jpg 1536w, https:\/\/www.mgeon.com\/wp-content\/uploads\/2022\/10\/mgeon-markaniza-deger-son-2048x682.jpg 2048w, https:\/\/www.mgeon.com\/wp-content\/uploads\/2022\/10\/mgeon-markaniza-deger-son-600x200.jpg 600w\" data-sizes=\"(max-width: 2560px) 100vw, 2560px\" src=\"data:image\/svg+xml;base64,PHN2ZyB3aWR0aD0iMSIgaGVpZ2h0PSIxIiB4bWxucz0iaHR0cDovL3d3dy53My5vcmcvMjAwMC9zdmciPjwvc3ZnPg==\" style=\"--smush-placeholder-width: 2560px; --smush-placeholder-aspect-ratio: 2560\/852;\" \/>\t\t\t\t\t\t\t\t\t\t\t\t\t\t\t<\/div>\n\t\t\t\t<\/div>\n\t\t\t\t<div class=\"elementor-element elementor-element-2fb6e07 elementor-widget elementor-widget-text-editor\" data-id=\"2fb6e07\" data-element_type=\"widget\" data-e-type=\"widget\" data-widget_type=\"text-editor.default\">\n\t\t\t\t<div class=\"elementor-widget-container\">\n\t\t\t\t\t\t\t\t\t<strong>Markan\u0131za De\u011fer Kat\u0131yoruz<\/strong>\t\t\t\t\t\t\t\t<\/div>\n\t\t\t\t<\/div>\n\t\t\t\t<div class=\"elementor-element elementor-element-9aa2547 elementor-widget elementor-widget-text-editor\" data-id=\"9aa2547\" data-element_type=\"widget\" data-e-type=\"widget\" data-widget_type=\"text-editor.default\">\n\t\t\t\t<div class=\"elementor-widget-container\">\n\t\t\t\t\t\t\t\t\t<p>MGEON olarak i\u015f ortaklar\u0131m\u0131z\u0131n vizyonuna ve i\u015f stratejilerine \u00f6nem veriyor, kurumsal de\u011ferlerine uygun \u015fekilde markalar\u0131n\u0131 temsil ediyoruz.<\/p><p>Proje ekiplerimizle birlikte i\u015f ortaklar\u0131m\u0131z\u0131n vizyon \u00e7al\u0131\u015fmalar\u0131 dahilinde marka i\u015f ortakl\u0131\u011f\u0131na ve marka PR \u00e7al\u0131\u015fmalar\u0131na katk\u0131da bulunarak art\u0131 de\u011fer kat\u0131yoruz.<\/p><p>\u0130\u015f ortaklar\u0131m\u0131z\u0131n operasyonel s\u00fcre\u00e7lerine \u00e7\u00f6z\u00fcm orta\u011f\u0131 olman\u0131n yan\u0131 s\u0131ra, art\u0131 de\u011fer yaratma vizyonumuzdan hareketle sosyal sorumluluk projeleri geli\u015ftiriyoruz. Ayn\u0131 zamanda \u015firket olarak s\u00fcrd\u00fcr\u00fclebilir bir d\u00fcnyaya i\u00e7in sorumluluklar\u0131m\u0131z\u0131 biliyor ekiplerimizle birlikte i\u015f s\u00fcre\u00e7lerimizde d\u00f6n\u00fc\u015f\u00fcyor ve geli\u015fiyoruz.<\/p>\t\t\t\t\t\t\t\t<\/div>\n\t\t\t\t<\/div>\n\t\t\t\t\t<\/div>\n\t\t<\/div>\n\t\t\t\t\t<\/div>\n\t\t<\/section>\n\t\t\t\t<div class=\"elementor-element elementor-element-6b4a711 elementor-hidden-mobile elementor-widget elementor-widget-image\" data-id=\"6b4a711\" data-element_type=\"widget\" data-e-type=\"widget\" data-widget_type=\"image.default\">\n\t\t\t\t<div class=\"elementor-widget-container\">\n\t\t\t\t\t\t\t\t\t\t\t\t\t\t\t<img decoding=\"async\" width=\"2560\" height=\"852\" data-src=\"https:\/\/www.mgeon.com\/wp-content\/uploads\/2022\/10\/mgeon-Depolama-Lojistik-yeni-scaled.jpg\" class=\"attachment-full size-full wp-image-995 lazyload\" alt=\"\" data-srcset=\"https:\/\/www.mgeon.com\/wp-content\/uploads\/2022\/10\/mgeon-Depolama-Lojistik-yeni-scaled.jpg 2560w, https:\/\/www.mgeon.com\/wp-content\/uploads\/2022\/10\/mgeon-Depolama-Lojistik-yeni-300x100.jpg 300w, https:\/\/www.mgeon.com\/wp-content\/uploads\/2022\/10\/mgeon-Depolama-Lojistik-yeni-1024x341.jpg 1024w, https:\/\/www.mgeon.com\/wp-content\/uploads\/2022\/10\/mgeon-Depolama-Lojistik-yeni-768x256.jpg 768w, https:\/\/www.mgeon.com\/wp-content\/uploads\/2022\/10\/mgeon-Depolama-Lojistik-yeni-1536x511.jpg 1536w, https:\/\/www.mgeon.com\/wp-content\/uploads\/2022\/10\/mgeon-Depolama-Lojistik-yeni-2048x682.jpg 2048w, https:\/\/www.mgeon.com\/wp-content\/uploads\/2022\/10\/mgeon-Depolama-Lojistik-yeni-600x200.jpg 600w\" data-sizes=\"(max-width: 2560px) 100vw, 2560px\" src=\"data:image\/svg+xml;base64,PHN2ZyB3aWR0aD0iMSIgaGVpZ2h0PSIxIiB4bWxucz0iaHR0cDovL3d3dy53My5vcmcvMjAwMC9zdmciPjwvc3ZnPg==\" style=\"--smush-placeholder-width: 2560px; --smush-placeholder-aspect-ratio: 2560\/852;\" \/>\t\t\t\t\t\t\t\t\t\t\t\t\t\t\t<\/div>\n\t\t\t\t<\/div>\n\t\t\t\t<div class=\"elementor-element elementor-element-7df9111 elementor-widget elementor-widget-text-editor\" data-id=\"7df9111\" data-element_type=\"widget\" data-e-type=\"widget\" data-widget_type=\"text-editor.default\">\n\t\t\t\t<div class=\"elementor-widget-container\">\n\t\t\t\t\t\t\t\t\t<strong>Depolama &#038; Lojistik<\/strong>\t\t\t\t\t\t\t\t<\/div>\n\t\t\t\t<\/div>\n\t\t\t\t<div class=\"elementor-element elementor-element-2ec6e5a elementor-widget elementor-widget-text-editor\" data-id=\"2ec6e5a\" data-element_type=\"widget\" data-e-type=\"widget\" data-widget_type=\"text-editor.default\">\n\t\t\t\t<div class=\"elementor-widget-container\">\n\t\t\t\t\t\t\t\t\t<p>Distrib\u00fct\u00f6rl\u00fckte en \u00f6nemli detaylardan biri de depolama ve lojistiktir.<\/p><p>MGEON i\u015f ortaklar\u0131na kurumsal seviyede ve y\u00fcksek kalite standartlar\u0131nda depolama ve ta\u015f\u0131mac\u0131l\u0131k hizmeti vermektedir. \u015eu an geli\u015fmi\u015f a\u011flar\u0131m\u0131zla t\u00fcm T\u00fcrkiye\u2019ye servis hizmeti verecek g\u00fc\u00e7teyiz. G\u00fc\u00e7l\u00fc alt yap\u0131m\u0131z ile \u00fcr\u00fcnlerinize ait b\u00fct\u00fcn raporlamalara anl\u0131k olarak ula\u015fabilirsiniz.\u00a0<\/p>\t\t\t\t\t\t\t\t<\/div>\n\t\t\t\t<\/div>\n\t\t\t\t\t<\/div>\n\t\t<\/div>\n\t\t\t\t\t<\/div>\n\t\t<\/section>\n\t\t\t\t<\/div>\n\t\t","protected":false},"excerpt":{"rendered":"<p>\u0130\u015e MODEL\u0130M\u0130Z\u0130\u015e MODEL\u0130M\u0130ZMGEON, uluslararas\u0131 sa\u011fl\u0131k ve g\u00fczellik markalar\u0131n\u0131n ithalat\u00e7\u0131s\u0131 ve ulusal distrib\u00fct\u00f6r\u00fc olarak sekt\u00f6rde faaliyet g\u00f6stermektedir. FMCG sekt\u00f6r\u00fcnde; Lokal ve zincir parf\u00fcmerilerin yan\u0131nda ni\u015f zincir kozmetik ma\u011fazalar\u0131 ve g\u00fczellik merkezlerine; sa\u011fl\u0131k sekt\u00f6r\u00fcnde ise OTC \u00fcr\u00fcnleri ile eczane kanal\u0131 ve ecza \/ \u0131triyat depolar\u0131na hizmet vermektedir. \u00c7evrimd\u0131\u015f\u0131 kanallara ek olarak se\u00e7ili \u00e7evrimi\u00e7i kanallarda da i\u015f ortaklar\u0131m\u0131za [&hellip;]<\/p>\n","protected":false},"author":1,"featured_media":0,"parent":0,"menu_order":0,"comment_status":"closed","ping_status":"closed","template":"elementor_header_footer","meta":{"footnotes":""},"class_list":["post-40","page","type-page","status-publish","hentry"],"_links":{"self":[{"href":"https:\/\/www.mgeon.com\/tr\/wp-json\/wp\/v2\/pages\/40","targetHints":{"allow":["GET"]}}],"collection":[{"href":"https:\/\/www.mgeon.com\/tr\/wp-json\/wp\/v2\/pages"}],"about":[{"href":"https:\/\/www.mgeon.com\/tr\/wp-json\/wp\/v2\/types\/page"}],"author":[{"embeddable":true,"href":"https:\/\/www.mgeon.com\/tr\/wp-json\/wp\/v2\/users\/1"}],"replies":[{"embeddable":true,"href":"https:\/\/www.mgeon.com\/tr\/wp-json\/wp\/v2\/comments?post=40"}],"version-history":[{"count":0,"href":"https:\/\/www.mgeon.com\/tr\/wp-json\/wp\/v2\/pages\/40\/revisions"}],"wp:attachment":[{"href":"https:\/\/www.mgeon.com\/tr\/wp-json\/wp\/v2\/media?parent=40"}],"curies":[{"name":"wp","href":"https:\/\/api.w.org\/{rel}","templated":true}]}}