{"id":42,"date":"2022-09-22T19:27:36","date_gmt":"2022-09-22T19:27:36","guid":{"rendered":"https:\/\/mgeon.com\/?page_id=42"},"modified":"2023-03-03T10:55:32","modified_gmt":"2023-03-03T10:55:32","slug":"neden-mgeon","status":"publish","type":"page","link":"https:\/\/www.mgeon.com\/tr\/neden-mgeon\/","title":{"rendered":"Neden Mgeon"},"content":{"rendered":"\t\t<div data-elementor-type=\"wp-page\" data-elementor-id=\"42\" class=\"elementor elementor-42\" data-elementor-post-type=\"page\">\n\t\t\t\t\t\t<section class=\"elementor-section elementor-top-section elementor-element elementor-element-4e34d15 elementor-section-full_width elementor-section-stretched elementor-section-height-default elementor-section-height-default\" data-id=\"4e34d15\" data-element_type=\"section\" data-e-type=\"section\" data-settings=\"{&quot;stretch_section&quot;:&quot;section-stretched&quot;}\">\n\t\t\t\t\t\t<div class=\"elementor-container elementor-column-gap-default\">\n\t\t\t\t\t<div class=\"elementor-column elementor-col-100 elementor-top-column elementor-element elementor-element-a585dae\" data-id=\"a585dae\" data-element_type=\"column\" data-e-type=\"column\">\n\t\t\t<div class=\"elementor-widget-wrap elementor-element-populated\">\n\t\t\t\t\t\t<div class=\"elementor-element elementor-element-2d09af8 elementor-widget elementor-widget-image\" data-id=\"2d09af8\" data-element_type=\"widget\" data-e-type=\"widget\" data-widget_type=\"image.default\">\n\t\t\t\t<div class=\"elementor-widget-container\">\n\t\t\t\t\t\t\t\t\t\t\t\t\t\t\t<img fetchpriority=\"high\" decoding=\"async\" width=\"1920\" height=\"428\" src=\"https:\/\/www.mgeon.com\/wp-content\/uploads\/2022\/10\/mgeon-neden-mgeon.jpg\" class=\"attachment-full size-full wp-image-1101\" alt=\"\" srcset=\"https:\/\/www.mgeon.com\/wp-content\/uploads\/2022\/10\/mgeon-neden-mgeon.jpg 1920w, https:\/\/www.mgeon.com\/wp-content\/uploads\/2022\/10\/mgeon-neden-mgeon-300x67.jpg 300w, https:\/\/www.mgeon.com\/wp-content\/uploads\/2022\/10\/mgeon-neden-mgeon-1024x228.jpg 1024w, https:\/\/www.mgeon.com\/wp-content\/uploads\/2022\/10\/mgeon-neden-mgeon-768x171.jpg 768w, https:\/\/www.mgeon.com\/wp-content\/uploads\/2022\/10\/mgeon-neden-mgeon-1536x342.jpg 1536w, https:\/\/www.mgeon.com\/wp-content\/uploads\/2022\/10\/mgeon-neden-mgeon-600x134.jpg 600w\" sizes=\"(max-width: 1920px) 100vw, 1920px\" \/>\t\t\t\t\t\t\t\t\t\t\t\t\t\t\t<\/div>\n\t\t\t\t<\/div>\n\t\t\t\t\t<\/div>\n\t\t<\/div>\n\t\t\t\t\t<\/div>\n\t\t<\/section>\n\t\t\t\t<section class=\"elementor-section elementor-top-section elementor-element elementor-element-4eb7ca11 elementor-section-boxed elementor-section-height-default elementor-section-height-default\" data-id=\"4eb7ca11\" data-element_type=\"section\" data-e-type=\"section\">\n\t\t\t\t\t\t<div class=\"elementor-container elementor-column-gap-default\">\n\t\t\t\t\t<div class=\"elementor-column elementor-col-100 elementor-top-column elementor-element elementor-element-2265da1b\" data-id=\"2265da1b\" data-element_type=\"column\" data-e-type=\"column\">\n\t\t\t<div class=\"elementor-widget-wrap elementor-element-populated\">\n\t\t\t\t\t\t<div class=\"elementor-element elementor-element-3b7a60a3 elementor-widget elementor-widget-text-editor\" data-id=\"3b7a60a3\" data-element_type=\"widget\" data-e-type=\"widget\" data-widget_type=\"text-editor.default\">\n\t\t\t\t<div class=\"elementor-widget-container\">\n\t\t\t\t\t\t\t\t\t<p>NEDEN MGEON<\/p>\t\t\t\t\t\t\t\t<\/div>\n\t\t\t\t<\/div>\n\t\t\t\t<div class=\"elementor-element elementor-element-5d756be7 elementor-widget elementor-widget-text-editor\" data-id=\"5d756be7\" data-element_type=\"widget\" data-e-type=\"widget\" data-widget_type=\"text-editor.default\">\n\t\t\t\t<div class=\"elementor-widget-container\">\n\t\t\t\t\t\t\t\t\t<p><strong>B\u00fcy\u00fck organizasyonlarda kaybolmay\u0131n, bizde \u00f6ncelikli ve pazarda b\u00fcy\u00fck marka olun.<\/strong><\/p>\t\t\t\t\t\t\t\t<\/div>\n\t\t\t\t<\/div>\n\t\t\t\t<div class=\"elementor-element elementor-element-c206eab elementor-widget elementor-widget-text-editor\" data-id=\"c206eab\" data-element_type=\"widget\" data-e-type=\"widget\" data-widget_type=\"text-editor.default\">\n\t\t\t\t<div class=\"elementor-widget-container\">\n\t\t\t\t\t\t\t\t\t<p>MGEON, \u00f6ncelikli olarak ba\u015far\u0131y\u0131 hedeflemi\u015f bir \u015firkettir.<\/p>\t\t\t\t\t\t\t\t<\/div>\n\t\t\t\t<\/div>\n\t\t\t\t<div class=\"elementor-element elementor-element-92c0935 elementor-widget elementor-widget-image\" data-id=\"92c0935\" data-element_type=\"widget\" data-e-type=\"widget\" data-widget_type=\"image.default\">\n\t\t\t\t<div class=\"elementor-widget-container\">\n\t\t\t\t\t\t\t\t\t\t\t\t\t\t\t<img decoding=\"async\" width=\"2560\" height=\"1151\" data-src=\"https:\/\/www.mgeon.com\/wp-content\/uploads\/2022\/10\/neden-mgeon-genc-dinamik-ekip-yeni-scaled.jpg\" class=\"attachment-full size-full wp-image-1116 lazyload\" alt=\"\" data-srcset=\"https:\/\/www.mgeon.com\/wp-content\/uploads\/2022\/10\/neden-mgeon-genc-dinamik-ekip-yeni-scaled.jpg 2560w, https:\/\/www.mgeon.com\/wp-content\/uploads\/2022\/10\/neden-mgeon-genc-dinamik-ekip-yeni-300x135.jpg 300w, https:\/\/www.mgeon.com\/wp-content\/uploads\/2022\/10\/neden-mgeon-genc-dinamik-ekip-yeni-1024x460.jpg 1024w, https:\/\/www.mgeon.com\/wp-content\/uploads\/2022\/10\/neden-mgeon-genc-dinamik-ekip-yeni-768x345.jpg 768w, https:\/\/www.mgeon.com\/wp-content\/uploads\/2022\/10\/neden-mgeon-genc-dinamik-ekip-yeni-1536x690.jpg 1536w, https:\/\/www.mgeon.com\/wp-content\/uploads\/2022\/10\/neden-mgeon-genc-dinamik-ekip-yeni-2048x920.jpg 2048w, https:\/\/www.mgeon.com\/wp-content\/uploads\/2022\/10\/neden-mgeon-genc-dinamik-ekip-yeni-600x270.jpg 600w\" data-sizes=\"(max-width: 2560px) 100vw, 2560px\" src=\"data:image\/svg+xml;base64,PHN2ZyB3aWR0aD0iMSIgaGVpZ2h0PSIxIiB4bWxucz0iaHR0cDovL3d3dy53My5vcmcvMjAwMC9zdmciPjwvc3ZnPg==\" style=\"--smush-placeholder-width: 2560px; --smush-placeholder-aspect-ratio: 2560\/1151;\" \/>\t\t\t\t\t\t\t\t\t\t\t\t\t\t\t<\/div>\n\t\t\t\t<\/div>\n\t\t\t\t<div class=\"elementor-element elementor-element-d3334b1 elementor-widget elementor-widget-text-editor\" data-id=\"d3334b1\" data-element_type=\"widget\" data-e-type=\"widget\" data-widget_type=\"text-editor.default\">\n\t\t\t\t<div class=\"elementor-widget-container\">\n\t\t\t\t\t\t\t\t\t<p>Gen\u00e7 ve yeni nesil bir distrib\u00fct\u00f6r olarak hizmet veren MGEON;\u00a0 sekt\u00f6rdeki bilgi ve birikimi ile kapsama g\u00fcc\u00fc ve y\u00fcksek focusla i\u015f ortaklar\u0131na verimli i\u015f sonu\u00e7lar\u0131 sunmay\u0131 hedeflemektedir.<\/p><p>Evrensel ve ayn\u0131 zamanda kurumsal de\u011ferlerimiz olan, \u015feffafl\u0131k, adillik, sorumluluk ve hesap verebilirlik ilkeleri ile tavizsiz etik i\u015f anlay\u0131\u015f\u0131n\u0131 benimseyerek \u00e7al\u0131\u015f\u0131r\u0131z.<\/p>\t\t\t\t\t\t\t\t<\/div>\n\t\t\t\t<\/div>\n\t\t\t\t<section class=\"elementor-section elementor-inner-section elementor-element elementor-element-bbe54bd elementor-section-boxed elementor-section-height-default elementor-section-height-default\" data-id=\"bbe54bd\" data-element_type=\"section\" data-e-type=\"section\">\n\t\t\t\t\t\t<div class=\"elementor-container elementor-column-gap-default\">\n\t\t\t\t\t<div class=\"elementor-column elementor-col-50 elementor-inner-column elementor-element elementor-element-6a98954\" data-id=\"6a98954\" data-element_type=\"column\" data-e-type=\"column\">\n\t\t\t<div class=\"elementor-widget-wrap elementor-element-populated\">\n\t\t\t\t\t\t<div class=\"elementor-element elementor-element-c5da6cb elementor-widget elementor-widget-image\" data-id=\"c5da6cb\" data-element_type=\"widget\" data-e-type=\"widget\" data-widget_type=\"image.default\">\n\t\t\t\t<div class=\"elementor-widget-container\">\n\t\t\t\t\t\t\t\t\t\t\t\t\t\t\t<img decoding=\"async\" width=\"626\" height=\"417\" data-src=\"https:\/\/www.mgeon.com\/wp-content\/uploads\/2022\/10\/Neden-MGEON-Focus.jpg\" class=\"attachment-full size-full wp-image-663 lazyload\" alt=\"\" data-srcset=\"https:\/\/www.mgeon.com\/wp-content\/uploads\/2022\/10\/Neden-MGEON-Focus.jpg 626w, https:\/\/www.mgeon.com\/wp-content\/uploads\/2022\/10\/Neden-MGEON-Focus-300x200.jpg 300w, https:\/\/www.mgeon.com\/wp-content\/uploads\/2022\/10\/Neden-MGEON-Focus-600x400.jpg 600w\" data-sizes=\"(max-width: 626px) 100vw, 626px\" src=\"data:image\/svg+xml;base64,PHN2ZyB3aWR0aD0iMSIgaGVpZ2h0PSIxIiB4bWxucz0iaHR0cDovL3d3dy53My5vcmcvMjAwMC9zdmciPjwvc3ZnPg==\" style=\"--smush-placeholder-width: 626px; --smush-placeholder-aspect-ratio: 626\/417;\" \/>\t\t\t\t\t\t\t\t\t\t\t\t\t\t\t<\/div>\n\t\t\t\t<\/div>\n\t\t\t\t\t<\/div>\n\t\t<\/div>\n\t\t\t\t<div class=\"elementor-column elementor-col-50 elementor-inner-column elementor-element elementor-element-a6d2fe2\" data-id=\"a6d2fe2\" data-element_type=\"column\" data-e-type=\"column\">\n\t\t\t<div class=\"elementor-widget-wrap elementor-element-populated\">\n\t\t\t\t\t\t<div class=\"elementor-element elementor-element-ff51ec5 elementor-widget elementor-widget-text-editor\" data-id=\"ff51ec5\" data-element_type=\"widget\" data-e-type=\"widget\" data-widget_type=\"text-editor.default\">\n\t\t\t\t<div class=\"elementor-widget-container\">\n\t\t\t\t\t\t\t\t\t<p>Bizimle \u00e7al\u0131\u015ft\u0131\u011f\u0131n\u0131zda, b\u00fcy\u00fck yap\u0131larda olan focus kayb\u0131n\u0131 ya\u015famayacak, bizim \u00f6ncelikli i\u015fimiz olacaks\u0131n\u0131z. Sekt\u00f6rdeki eksikleri ve geli\u015ftirilecek alanlar\u0131 \u00e7ok iyi biliyor, i\u015f ortaklar\u0131m\u0131za ve t\u00fcm payda\u015flar\u0131m\u0131za art\u0131 de\u011fer katmak i\u00e7in yenilik\u00e7i ve kat\u0131l\u0131mc\u0131 anlay\u0131\u015f\u0131m\u0131zla markalar\u0131n\u0131z\u0131 sahiplenerek i\u015fimizi en iyi \u015fekilde yapmaya odaklan\u0131r\u0131z.<\/p>\t\t\t\t\t\t\t\t<\/div>\n\t\t\t\t<\/div>\n\t\t\t\t\t<\/div>\n\t\t<\/div>\n\t\t\t\t\t<\/div>\n\t\t<\/section>\n\t\t\t\t<section class=\"elementor-section elementor-inner-section elementor-element elementor-element-fe4ac95 elementor-reverse-mobile elementor-section-boxed elementor-section-height-default elementor-section-height-default\" data-id=\"fe4ac95\" data-element_type=\"section\" data-e-type=\"section\">\n\t\t\t\t\t\t<div class=\"elementor-container elementor-column-gap-default\">\n\t\t\t\t\t<div class=\"elementor-column elementor-col-50 elementor-inner-column elementor-element elementor-element-614982d\" data-id=\"614982d\" data-element_type=\"column\" data-e-type=\"column\">\n\t\t\t<div class=\"elementor-widget-wrap elementor-element-populated\">\n\t\t\t\t\t\t<div class=\"elementor-element elementor-element-3fa1780 elementor-widget elementor-widget-text-editor\" data-id=\"3fa1780\" data-element_type=\"widget\" data-e-type=\"widget\" data-widget_type=\"text-editor.default\">\n\t\t\t\t<div class=\"elementor-widget-container\">\n\t\t\t\t\t\t\t\t\t<p>G\u00fcn\u00fcm\u00fcz sekt\u00f6r\u00fcnde fark yaratacak en \u00f6nemli detay\u0131n zaman, tecr\u00fcbe ve yeti\u015fmi\u015f insan g\u00fcc\u00fc oldu\u011funun fark\u0131nday\u0131z. Bu kapsamda tedarik\u00e7ilerin \u00fcr\u00fcn yap\u0131s\u0131na uygun olarak yapaca\u011f\u0131m\u0131z saha \u00e7al\u0131\u015fmalar\u0131 ile yeni i\u015f modelleri ve i\u015f stratejilerinin geli\u015ftirilmesine katk\u0131 veriyoruz.<\/p>\t\t\t\t\t\t\t\t<\/div>\n\t\t\t\t<\/div>\n\t\t\t\t\t<\/div>\n\t\t<\/div>\n\t\t\t\t<div class=\"elementor-column elementor-col-50 elementor-inner-column elementor-element elementor-element-940456b\" data-id=\"940456b\" data-element_type=\"column\" data-e-type=\"column\">\n\t\t\t<div class=\"elementor-widget-wrap elementor-element-populated\">\n\t\t\t\t\t\t<div class=\"elementor-element elementor-element-ae51b86 elementor-widget elementor-widget-image\" data-id=\"ae51b86\" data-element_type=\"widget\" data-e-type=\"widget\" data-widget_type=\"image.default\">\n\t\t\t\t<div class=\"elementor-widget-container\">\n\t\t\t\t\t\t\t\t\t\t\t\t\t\t\t<img decoding=\"async\" width=\"612\" height=\"408\" data-src=\"https:\/\/www.mgeon.com\/wp-content\/uploads\/2022\/10\/Neden-MGEON-Strateji.jpeg\" class=\"attachment-full size-full wp-image-664 lazyload\" alt=\"\" data-srcset=\"https:\/\/www.mgeon.com\/wp-content\/uploads\/2022\/10\/Neden-MGEON-Strateji.jpeg 612w, https:\/\/www.mgeon.com\/wp-content\/uploads\/2022\/10\/Neden-MGEON-Strateji-300x200.jpeg 300w, https:\/\/www.mgeon.com\/wp-content\/uploads\/2022\/10\/Neden-MGEON-Strateji-600x400.jpeg 600w\" data-sizes=\"(max-width: 612px) 100vw, 612px\" src=\"data:image\/svg+xml;base64,PHN2ZyB3aWR0aD0iMSIgaGVpZ2h0PSIxIiB4bWxucz0iaHR0cDovL3d3dy53My5vcmcvMjAwMC9zdmciPjwvc3ZnPg==\" style=\"--smush-placeholder-width: 612px; --smush-placeholder-aspect-ratio: 612\/408;\" \/>\t\t\t\t\t\t\t\t\t\t\t\t\t\t\t<\/div>\n\t\t\t\t<\/div>\n\t\t\t\t\t<\/div>\n\t\t<\/div>\n\t\t\t\t\t<\/div>\n\t\t<\/section>\n\t\t\t\t<section class=\"elementor-section elementor-inner-section elementor-element elementor-element-b43696b elementor-section-boxed elementor-section-height-default elementor-section-height-default\" data-id=\"b43696b\" data-element_type=\"section\" data-e-type=\"section\">\n\t\t\t\t\t\t<div class=\"elementor-container elementor-column-gap-default\">\n\t\t\t\t\t<div class=\"elementor-column elementor-col-50 elementor-inner-column elementor-element elementor-element-eb62c80\" data-id=\"eb62c80\" data-element_type=\"column\" data-e-type=\"column\">\n\t\t\t<div class=\"elementor-widget-wrap elementor-element-populated\">\n\t\t\t\t\t\t<div class=\"elementor-element elementor-element-eb195d6 elementor-widget elementor-widget-image\" data-id=\"eb195d6\" data-element_type=\"widget\" data-e-type=\"widget\" data-widget_type=\"image.default\">\n\t\t\t\t<div class=\"elementor-widget-container\">\n\t\t\t\t\t\t\t\t\t\t\t\t\t\t\t<img decoding=\"async\" width=\"800\" height=\"514\" data-src=\"https:\/\/www.mgeon.com\/wp-content\/uploads\/2022\/10\/Neden-MGEON-Zaman-Maliyet.png\" class=\"attachment-full size-full wp-image-665 lazyload\" alt=\"\" data-srcset=\"https:\/\/www.mgeon.com\/wp-content\/uploads\/2022\/10\/Neden-MGEON-Zaman-Maliyet.png 800w, https:\/\/www.mgeon.com\/wp-content\/uploads\/2022\/10\/Neden-MGEON-Zaman-Maliyet-300x193.png 300w, https:\/\/www.mgeon.com\/wp-content\/uploads\/2022\/10\/Neden-MGEON-Zaman-Maliyet-768x493.png 768w, https:\/\/www.mgeon.com\/wp-content\/uploads\/2022\/10\/Neden-MGEON-Zaman-Maliyet-600x386.png 600w\" data-sizes=\"(max-width: 800px) 100vw, 800px\" src=\"data:image\/svg+xml;base64,PHN2ZyB3aWR0aD0iMSIgaGVpZ2h0PSIxIiB4bWxucz0iaHR0cDovL3d3dy53My5vcmcvMjAwMC9zdmciPjwvc3ZnPg==\" style=\"--smush-placeholder-width: 800px; --smush-placeholder-aspect-ratio: 800\/514;\" \/>\t\t\t\t\t\t\t\t\t\t\t\t\t\t\t<\/div>\n\t\t\t\t<\/div>\n\t\t\t\t\t<\/div>\n\t\t<\/div>\n\t\t\t\t<div class=\"elementor-column elementor-col-50 elementor-inner-column elementor-element elementor-element-e00523c\" data-id=\"e00523c\" data-element_type=\"column\" data-e-type=\"column\">\n\t\t\t<div class=\"elementor-widget-wrap elementor-element-populated\">\n\t\t\t\t\t\t<div class=\"elementor-element elementor-element-0052021 elementor-widget elementor-widget-text-editor\" data-id=\"0052021\" data-element_type=\"widget\" data-e-type=\"widget\" data-widget_type=\"text-editor.default\">\n\t\t\t\t<div class=\"elementor-widget-container\">\n\t\t\t\t\t\t\t\t\tY\u00fcksek hacimli yap\u0131larda ya\u015fan\u0131lan focus ve zaman kayb\u0131 sonucunda y\u00fcksek maliyetlerin olu\u015ftu\u011funu biliyor, bu y\u00fczden se\u00e7ti\u011fimiz i\u015f modelimizle ve modelin en \u00f6nemli aya\u011f\u0131 olan tecr\u00fcbelerimizle i\u015f ortaklar\u0131m\u0131z\u0131n operasyonel s\u00fcre\u00e7leri ba\u015fta olmak \u00fczere pek \u00e7ok alanda optimizasyon \u00e7al\u0131\u015fmalar\u0131 yaparak finansal sonu\u00e7lar\u0131na katk\u0131da bulunuyoruz.\t\t\t\t\t\t\t\t<\/div>\n\t\t\t\t<\/div>\n\t\t\t\t\t<\/div>\n\t\t<\/div>\n\t\t\t\t\t<\/div>\n\t\t<\/section>\n\t\t\t\t<section class=\"elementor-section elementor-inner-section elementor-element elementor-element-f2afce8 elementor-reverse-mobile elementor-section-boxed elementor-section-height-default elementor-section-height-default\" data-id=\"f2afce8\" data-element_type=\"section\" data-e-type=\"section\">\n\t\t\t\t\t\t<div class=\"elementor-container elementor-column-gap-default\">\n\t\t\t\t\t<div class=\"elementor-column elementor-col-50 elementor-inner-column elementor-element elementor-element-5c7bdc1\" data-id=\"5c7bdc1\" data-element_type=\"column\" data-e-type=\"column\">\n\t\t\t<div class=\"elementor-widget-wrap elementor-element-populated\">\n\t\t\t\t\t\t<div class=\"elementor-element elementor-element-cdf6c8c elementor-widget elementor-widget-text-editor\" data-id=\"cdf6c8c\" data-element_type=\"widget\" data-e-type=\"widget\" data-widget_type=\"text-editor.default\">\n\t\t\t\t<div class=\"elementor-widget-container\">\n\t\t\t\t\t\t\t\t\tSundu\u011fumuz ERP sistemleri ile b\u00fct\u00fcn s\u00fcre\u00e7leri \u015feffafl\u0131kla payla\u015f\u0131yor, anl\u0131k saha \u00e7al\u0131\u015fmalar\u0131 ile h\u0131zl\u0131 aksiyonlar alabiliyoruz. Pazarda benchmarking \u00e7al\u0131\u015fmalar\u0131 yaparak, pazarla ilgili detayl\u0131 fizibilite raporlar\u0131n\u0131 payla\u015f\u0131r\u0131z. E\u011fitimler, POP materyalleri ve t\u00fcketici \u015fik\u00e2yetlerini i\u00e7eren sistemimizle i\u015f ortaklar\u0131m\u0131za hizmet veriyoruz.\t\t\t\t\t\t\t\t<\/div>\n\t\t\t\t<\/div>\n\t\t\t\t\t<\/div>\n\t\t<\/div>\n\t\t\t\t<div class=\"elementor-column elementor-col-50 elementor-inner-column elementor-element elementor-element-454ce1a\" data-id=\"454ce1a\" data-element_type=\"column\" data-e-type=\"column\">\n\t\t\t<div class=\"elementor-widget-wrap elementor-element-populated\">\n\t\t\t\t\t\t<div class=\"elementor-element elementor-element-23aac95 elementor-widget elementor-widget-image\" data-id=\"23aac95\" data-element_type=\"widget\" data-e-type=\"widget\" data-widget_type=\"image.default\">\n\t\t\t\t<div class=\"elementor-widget-container\">\n\t\t\t\t\t\t\t\t\t\t\t\t\t\t\t<img decoding=\"async\" width=\"600\" height=\"358\" data-src=\"https:\/\/www.mgeon.com\/wp-content\/uploads\/2022\/10\/Neden-MGEON-ERP-Sistemi.jpeg\" class=\"attachment-full size-full wp-image-666 lazyload\" alt=\"\" data-srcset=\"https:\/\/www.mgeon.com\/wp-content\/uploads\/2022\/10\/Neden-MGEON-ERP-Sistemi.jpeg 600w, https:\/\/www.mgeon.com\/wp-content\/uploads\/2022\/10\/Neden-MGEON-ERP-Sistemi-300x179.jpeg 300w\" data-sizes=\"(max-width: 600px) 100vw, 600px\" src=\"data:image\/svg+xml;base64,PHN2ZyB3aWR0aD0iMSIgaGVpZ2h0PSIxIiB4bWxucz0iaHR0cDovL3d3dy53My5vcmcvMjAwMC9zdmciPjwvc3ZnPg==\" style=\"--smush-placeholder-width: 600px; --smush-placeholder-aspect-ratio: 600\/358;\" \/>\t\t\t\t\t\t\t\t\t\t\t\t\t\t\t<\/div>\n\t\t\t\t<\/div>\n\t\t\t\t\t<\/div>\n\t\t<\/div>\n\t\t\t\t\t<\/div>\n\t\t<\/section>\n\t\t\t\t<section class=\"elementor-section elementor-inner-section elementor-element elementor-element-586ab2d elementor-section-boxed elementor-section-height-default elementor-section-height-default\" data-id=\"586ab2d\" data-element_type=\"section\" data-e-type=\"section\">\n\t\t\t\t\t\t<div class=\"elementor-container elementor-column-gap-default\">\n\t\t\t\t\t<div class=\"elementor-column elementor-col-100 elementor-inner-column elementor-element elementor-element-4bd8e72\" data-id=\"4bd8e72\" data-element_type=\"column\" data-e-type=\"column\">\n\t\t\t<div class=\"elementor-widget-wrap elementor-element-populated\">\n\t\t\t\t\t\t<div class=\"elementor-element elementor-element-30bc8a0 elementor-widget elementor-widget-text-editor\" data-id=\"30bc8a0\" data-element_type=\"widget\" data-e-type=\"widget\" data-widget_type=\"text-editor.default\">\n\t\t\t\t<div class=\"elementor-widget-container\">\n\t\t\t\t\t\t\t\t\tMGEON, bilgi ve birikimi ile i\u015finizi bir ad\u0131m \u00f6teye ta\u015f\u0131yacak, marka de\u011ferlerine ve itibar\u0131na \u00f6nem veren, \u00f6ng\u00f6r\u00fcleri y\u00fcksek, g\u00fcvene dayal\u0131, inovatif ve dinamik bir \u015firkettir.\t\t\t\t\t\t\t\t<\/div>\n\t\t\t\t<\/div>\n\t\t\t\t\t<\/div>\n\t\t<\/div>\n\t\t\t\t\t<\/div>\n\t\t<\/section>\n\t\t\t\t<div class=\"elementor-element elementor-element-cb52eec elementor-widget elementor-widget-image\" data-id=\"cb52eec\" data-element_type=\"widget\" data-e-type=\"widget\" data-widget_type=\"image.default\">\n\t\t\t\t<div class=\"elementor-widget-container\">\n\t\t\t\t\t\t\t\t\t\t\t\t\t\t\t<img decoding=\"async\" width=\"2560\" height=\"1151\" data-src=\"https:\/\/www.mgeon.com\/wp-content\/uploads\/2022\/10\/mgeon-gitmek-istedigin-yol-scaled.jpg\" class=\"attachment-full size-full wp-image-1210 lazyload\" alt=\"\" data-srcset=\"https:\/\/www.mgeon.com\/wp-content\/uploads\/2022\/10\/mgeon-gitmek-istedigin-yol-scaled.jpg 2560w, https:\/\/www.mgeon.com\/wp-content\/uploads\/2022\/10\/mgeon-gitmek-istedigin-yol-300x135.jpg 300w, https:\/\/www.mgeon.com\/wp-content\/uploads\/2022\/10\/mgeon-gitmek-istedigin-yol-1024x460.jpg 1024w, https:\/\/www.mgeon.com\/wp-content\/uploads\/2022\/10\/mgeon-gitmek-istedigin-yol-768x345.jpg 768w, https:\/\/www.mgeon.com\/wp-content\/uploads\/2022\/10\/mgeon-gitmek-istedigin-yol-1536x690.jpg 1536w, https:\/\/www.mgeon.com\/wp-content\/uploads\/2022\/10\/mgeon-gitmek-istedigin-yol-2048x920.jpg 2048w, https:\/\/www.mgeon.com\/wp-content\/uploads\/2022\/10\/mgeon-gitmek-istedigin-yol-600x270.jpg 600w\" data-sizes=\"(max-width: 2560px) 100vw, 2560px\" src=\"data:image\/svg+xml;base64,PHN2ZyB3aWR0aD0iMSIgaGVpZ2h0PSIxIiB4bWxucz0iaHR0cDovL3d3dy53My5vcmcvMjAwMC9zdmciPjwvc3ZnPg==\" style=\"--smush-placeholder-width: 2560px; --smush-placeholder-aspect-ratio: 2560\/1151;\" \/>\t\t\t\t\t\t\t\t\t\t\t\t\t\t\t<\/div>\n\t\t\t\t<\/div>\n\t\t\t\t<div class=\"elementor-element elementor-element-5e855e1 elementor-widget elementor-widget-text-editor\" data-id=\"5e855e1\" data-element_type=\"widget\" data-e-type=\"widget\" data-widget_type=\"text-editor.default\">\n\t\t\t\t<div class=\"elementor-widget-container\">\n\t\t\t\t\t\t\t\t\t<strong>MGEON Gitmek \u0130stedi\u011finiz Yolun Kendisidir.<\/strong>\t\t\t\t\t\t\t\t<\/div>\n\t\t\t\t<\/div>\n\t\t\t\t<div class=\"elementor-element elementor-element-072e49d elementor-widget elementor-widget-text-editor\" data-id=\"072e49d\" data-element_type=\"widget\" data-e-type=\"widget\" data-widget_type=\"text-editor.default\">\n\t\t\t\t<div class=\"elementor-widget-container\">\n\t\t\t\t\t\t\t\t\t<p>T\u00fcrkiye\u2019nin maj\u00f6r perakende sekt\u00f6rlerindeki deneyimlerimizle markalar\u0131n\u0131z\u0131 bir ad\u0131m \u00f6tesine ta\u015f\u0131yoruz.<\/p><p>\n\nFMCG sekt\u00f6r\u00fcnde, kozmetik ve dermokozmetik \u00fcr\u00fcn gruplar\u0131 ile ulusal zincirler, yerel zincirler, lokal ve zincir parf\u00fcmeriler, ulusal zincir parf\u00fcmeriler, discounter ve g\u00fczellik merkezlerine kadar bir\u00e7ok kanal\u0131, i\u00e7 ve d\u0131\u015f dinamiklerini biliyor, sahaya gidi\u015fi kapsayan farkl\u0131 i\u015f modelleri geli\u015ftiriyoruz.<\/p><p>\n\nSa\u011fl\u0131k sekt\u00f6r\u00fcnde, OTC ve dermokozmetik \u00fcr\u00fcn gruplar\u0131 ile eczane kanal\u0131, ecza ve \u0131triyat depolar\u0131na \u00f6zg\u00fc i\u015f modelleri kuruyor; \u00fcr\u00fcn\u00fcn \u00f6zelli\u011fine g\u00f6re sa\u011fl\u0131k personeline yap\u0131lacak tan\u0131t\u0131m \u00e7al\u0131\u015fmalar\u0131nda farkl\u0131 i\u015f modelleri geli\u015ftiriyor ve sunuyoruz.<\/p><p>\n\nB\u00fct\u00fcn bu sekt\u00f6rlere ek olarak medikal sekt\u00f6rde de y\u00fcksek tecr\u00fcbelere sahip bir \u015firketiz.<\/p><p>\n\n\u0130\u015f ortaklar\u0131m\u0131zla olan b\u00fct\u00fcn i\u015f s\u00fcre\u00e7lerimizde kurumsal gizlili\u011fe \u00f6nem veriyoruz.<\/p><p>\n\nYolu g\u00fczellikten ve hayatlar\u0131 iyile\u015ftirmekten ge\u00e7en i\u015f ortaklar\u0131m\u0131zla \u00e7\u0131kt\u0131\u011f\u0131m\u0131z uzun soluklu bu yolculu\u011fumuzda kal\u0131c\u0131 de\u011ferler \u00fcretmeyi hedefliyoruz.<\/p>\t\t\t\t\t\t\t\t<\/div>\n\t\t\t\t<\/div>\n\t\t\t\t\t<\/div>\n\t\t<\/div>\n\t\t\t\t\t<\/div>\n\t\t<\/section>\n\t\t\t\t<\/div>\n\t\t","protected":false},"excerpt":{"rendered":"<p>NEDEN MGEON B\u00fcy\u00fck organizasyonlarda kaybolmay\u0131n, bizde \u00f6ncelikli ve pazarda b\u00fcy\u00fck marka olun. MGEON, \u00f6ncelikli olarak ba\u015far\u0131y\u0131 hedeflemi\u015f bir \u015firkettir. Gen\u00e7 ve yeni nesil bir distrib\u00fct\u00f6r olarak hizmet veren MGEON;&nbsp; sekt\u00f6rdeki bilgi ve birikimi ile kapsama g\u00fcc\u00fc ve y\u00fcksek focusla i\u015f ortaklar\u0131na verimli i\u015f sonu\u00e7lar\u0131 sunmay\u0131 hedeflemektedir. Evrensel ve ayn\u0131 zamanda kurumsal de\u011ferlerimiz olan, \u015feffafl\u0131k, adillik, [&hellip;]<\/p>\n","protected":false},"author":1,"featured_media":0,"parent":0,"menu_order":0,"comment_status":"closed","ping_status":"closed","template":"elementor_header_footer","meta":{"footnotes":""},"class_list":["post-42","page","type-page","status-publish","hentry"],"_links":{"self":[{"href":"https:\/\/www.mgeon.com\/tr\/wp-json\/wp\/v2\/pages\/42","targetHints":{"allow":["GET"]}}],"collection":[{"href":"https:\/\/www.mgeon.com\/tr\/wp-json\/wp\/v2\/pages"}],"about":[{"href":"https:\/\/www.mgeon.com\/tr\/wp-json\/wp\/v2\/types\/page"}],"author":[{"embeddable":true,"href":"https:\/\/www.mgeon.com\/tr\/wp-json\/wp\/v2\/users\/1"}],"replies":[{"embeddable":true,"href":"https:\/\/www.mgeon.com\/tr\/wp-json\/wp\/v2\/comments?post=42"}],"version-history":[{"count":0,"href":"https:\/\/www.mgeon.com\/tr\/wp-json\/wp\/v2\/pages\/42\/revisions"}],"wp:attachment":[{"href":"https:\/\/www.mgeon.com\/tr\/wp-json\/wp\/v2\/media?parent=42"}],"curies":[{"name":"wp","href":"https:\/\/api.w.org\/{rel}","templated":true}]}}