{"id":716,"date":"2022-10-02T21:04:03","date_gmt":"2022-10-02T21:04:03","guid":{"rendered":"https:\/\/mgeon.com\/?page_id=716"},"modified":"2023-03-03T11:00:43","modified_gmt":"2023-03-03T11:00:43","slug":"satis-ve-pazarlama","status":"publish","type":"page","link":"https:\/\/www.mgeon.com\/tr\/satis-ve-pazarlama\/","title":{"rendered":"Sat\u0131\u015f ve Pazarlama"},"content":{"rendered":"\t\t<div data-elementor-type=\"wp-page\" data-elementor-id=\"716\" class=\"elementor elementor-716\" data-elementor-post-type=\"page\">\n\t\t\t\t\t\t<section class=\"elementor-section elementor-top-section elementor-element elementor-element-5a99cad elementor-section-full_width elementor-section-stretched elementor-section-height-default elementor-section-height-default\" data-id=\"5a99cad\" data-element_type=\"section\" data-e-type=\"section\" data-settings=\"{&quot;stretch_section&quot;:&quot;section-stretched&quot;}\">\n\t\t\t\t\t\t<div class=\"elementor-container elementor-column-gap-default\">\n\t\t\t\t\t<div class=\"elementor-column elementor-col-100 elementor-top-column elementor-element elementor-element-698984e\" data-id=\"698984e\" data-element_type=\"column\" data-e-type=\"column\">\n\t\t\t<div class=\"elementor-widget-wrap elementor-element-populated\">\n\t\t\t\t\t\t<div class=\"elementor-element elementor-element-87c40f6 elementor-widget elementor-widget-image\" data-id=\"87c40f6\" data-element_type=\"widget\" data-e-type=\"widget\" data-widget_type=\"image.default\">\n\t\t\t\t<div class=\"elementor-widget-container\">\n\t\t\t\t\t\t\t\t\t\t\t\t\t\t\t<img fetchpriority=\"high\" decoding=\"async\" width=\"2560\" height=\"570\" src=\"https:\/\/www.mgeon.com\/wp-content\/uploads\/2022\/10\/mgeon-ismodeli2-scaled.jpg\" class=\"attachment-full size-full wp-image-1124\" alt=\"\" srcset=\"https:\/\/www.mgeon.com\/wp-content\/uploads\/2022\/10\/mgeon-ismodeli2-scaled.jpg 2560w, https:\/\/www.mgeon.com\/wp-content\/uploads\/2022\/10\/mgeon-ismodeli2-300x67.jpg 300w, https:\/\/www.mgeon.com\/wp-content\/uploads\/2022\/10\/mgeon-ismodeli2-1024x228.jpg 1024w, https:\/\/www.mgeon.com\/wp-content\/uploads\/2022\/10\/mgeon-ismodeli2-768x171.jpg 768w, https:\/\/www.mgeon.com\/wp-content\/uploads\/2022\/10\/mgeon-ismodeli2-1536x342.jpg 1536w, https:\/\/www.mgeon.com\/wp-content\/uploads\/2022\/10\/mgeon-ismodeli2-2048x456.jpg 2048w, https:\/\/www.mgeon.com\/wp-content\/uploads\/2022\/10\/mgeon-ismodeli2-600x134.jpg 600w\" sizes=\"(max-width: 2560px) 100vw, 2560px\" \/>\t\t\t\t\t\t\t\t\t\t\t\t\t\t\t<\/div>\n\t\t\t\t<\/div>\n\t\t\t\t\t<\/div>\n\t\t<\/div>\n\t\t\t\t\t<\/div>\n\t\t<\/section>\n\t\t\t\t<section class=\"elementor-section elementor-top-section elementor-element elementor-element-21773678 elementor-section-boxed elementor-section-height-default elementor-section-height-default\" data-id=\"21773678\" data-element_type=\"section\" data-e-type=\"section\">\n\t\t\t\t\t\t<div class=\"elementor-container elementor-column-gap-default\">\n\t\t\t\t\t<div class=\"elementor-column elementor-col-50 elementor-top-column elementor-element elementor-element-1b0da8b9\" data-id=\"1b0da8b9\" data-element_type=\"column\" data-e-type=\"column\">\n\t\t\t<div class=\"elementor-widget-wrap elementor-element-populated\">\n\t\t\t\t\t\t<div class=\"elementor-element elementor-element-4e6c626 elementor-widget elementor-widget-text-editor\" data-id=\"4e6c626\" data-element_type=\"widget\" data-e-type=\"widget\" data-widget_type=\"text-editor.default\">\n\t\t\t\t<div class=\"elementor-widget-container\">\n\t\t\t\t\t\t\t\t\t<strong>\u0130\u015e MODEL\u0130M\u0130Z<\/strong>\t\t\t\t\t\t\t\t<\/div>\n\t\t\t\t<\/div>\n\t\t\t\t<div class=\"elementor-element elementor-element-1068453 elementor-nav-menu--dropdown-tablet elementor-nav-menu__text-align-aside elementor-nav-menu--toggle elementor-nav-menu--burger elementor-widget elementor-widget-nav-menu\" data-id=\"1068453\" data-element_type=\"widget\" data-e-type=\"widget\" data-settings=\"{&quot;layout&quot;:&quot;vertical&quot;,&quot;submenu_icon&quot;:{&quot;value&quot;:&quot;&lt;i class=\\&quot;fas fa-caret-down\\&quot; aria-hidden=\\&quot;true\\&quot;&gt;&lt;\\\/i&gt;&quot;,&quot;library&quot;:&quot;fa-solid&quot;},&quot;toggle&quot;:&quot;burger&quot;}\" data-widget_type=\"nav-menu.default\">\n\t\t\t\t<div class=\"elementor-widget-container\">\n\t\t\t\t\t\t\t\t<nav aria-label=\"Men\u00fc\" class=\"elementor-nav-menu--main elementor-nav-menu__container elementor-nav-menu--layout-vertical e--pointer-none\">\n\t\t\t\t<ul id=\"menu-1-1068453\" class=\"elementor-nav-menu sm-vertical\"><li class=\"menu-item menu-item-type-post_type menu-item-object-page menu-item-826\"><a href=\"https:\/\/www.mgeon.com\/tr\/ticari-yapilanma\/\" class=\"elementor-item\">&#8211; Ticari Yap\u0131lanma<\/a><\/li>\n<li class=\"menu-item menu-item-type-post_type menu-item-object-page menu-item-825\"><a href=\"https:\/\/www.mgeon.com\/tr\/tedarik-zinciri-yonetimi\/\" class=\"elementor-item\">&#8211; Tedarik Zinciri Y\u00f6netimi<\/a><\/li>\n<li class=\"menu-item menu-item-type-post_type menu-item-object-page menu-item-824\"><a href=\"https:\/\/www.mgeon.com\/tr\/satis-ve-pazarlama\/\" class=\"elementor-item\">&#8211; Sat\u0131\u015f ve Pazarlama<\/a><\/li>\n<li class=\"menu-item menu-item-type-post_type menu-item-object-page menu-item-823\"><a href=\"https:\/\/www.mgeon.com\/tr\/risk-yonetimi\/\" class=\"elementor-item\">&#8211; Risk Y\u00f6netimi<\/a><\/li>\n<li class=\"menu-item menu-item-type-post_type menu-item-object-page menu-item-822\"><a href=\"https:\/\/www.mgeon.com\/tr\/marka-yonetimi\/\" class=\"elementor-item\">&#8211; Marka Y\u00f6netimi<\/a><\/li>\n<\/ul>\t\t\t<\/nav>\n\t\t\t\t\t<div class=\"elementor-menu-toggle\" role=\"button\" tabindex=\"0\" aria-label=\"Menu Toggle\" aria-expanded=\"false\">\n\t\t\t<i aria-hidden=\"true\" role=\"presentation\" class=\"elementor-menu-toggle__icon--open eicon-menu-bar\"><\/i><i aria-hidden=\"true\" role=\"presentation\" class=\"elementor-menu-toggle__icon--close eicon-close\"><\/i>\t\t<\/div>\n\t\t\t\t\t<nav class=\"elementor-nav-menu--dropdown elementor-nav-menu__container\" aria-hidden=\"true\">\n\t\t\t\t<ul id=\"menu-2-1068453\" class=\"elementor-nav-menu sm-vertical\"><li class=\"menu-item menu-item-type-post_type menu-item-object-page menu-item-826\"><a href=\"https:\/\/www.mgeon.com\/tr\/ticari-yapilanma\/\" class=\"elementor-item\" tabindex=\"-1\">&#8211; Ticari Yap\u0131lanma<\/a><\/li>\n<li class=\"menu-item menu-item-type-post_type menu-item-object-page menu-item-825\"><a href=\"https:\/\/www.mgeon.com\/tr\/tedarik-zinciri-yonetimi\/\" class=\"elementor-item\" tabindex=\"-1\">&#8211; Tedarik Zinciri Y\u00f6netimi<\/a><\/li>\n<li class=\"menu-item menu-item-type-post_type menu-item-object-page menu-item-824\"><a href=\"https:\/\/www.mgeon.com\/tr\/satis-ve-pazarlama\/\" class=\"elementor-item\" tabindex=\"-1\">&#8211; Sat\u0131\u015f ve Pazarlama<\/a><\/li>\n<li class=\"menu-item menu-item-type-post_type menu-item-object-page menu-item-823\"><a href=\"https:\/\/www.mgeon.com\/tr\/risk-yonetimi\/\" class=\"elementor-item\" tabindex=\"-1\">&#8211; Risk Y\u00f6netimi<\/a><\/li>\n<li class=\"menu-item menu-item-type-post_type menu-item-object-page menu-item-822\"><a href=\"https:\/\/www.mgeon.com\/tr\/marka-yonetimi\/\" class=\"elementor-item\" tabindex=\"-1\">&#8211; Marka Y\u00f6netimi<\/a><\/li>\n<\/ul>\t\t\t<\/nav>\n\t\t\t\t\t\t<\/div>\n\t\t\t\t<\/div>\n\t\t\t\t\t<\/div>\n\t\t<\/div>\n\t\t\t\t<div class=\"elementor-column elementor-col-50 elementor-top-column elementor-element elementor-element-5785408\" data-id=\"5785408\" data-element_type=\"column\" data-e-type=\"column\">\n\t\t\t<div class=\"elementor-widget-wrap elementor-element-populated\">\n\t\t\t\t\t\t<div class=\"elementor-element elementor-element-4158cd6f elementor-widget elementor-widget-text-editor\" data-id=\"4158cd6f\" data-element_type=\"widget\" data-e-type=\"widget\" data-widget_type=\"text-editor.default\">\n\t\t\t\t<div class=\"elementor-widget-container\">\n\t\t\t\t\t\t\t\t\tSATI\u015e VE PAZARLAMA\t\t\t\t\t\t\t\t<\/div>\n\t\t\t\t<\/div>\n\t\t\t\t<div class=\"elementor-element elementor-element-88cd48a elementor-widget elementor-widget-text-editor\" data-id=\"88cd48a\" data-element_type=\"widget\" data-e-type=\"widget\" data-widget_type=\"text-editor.default\">\n\t\t\t\t<div class=\"elementor-widget-container\">\n\t\t\t\t\t\t\t\t\t<p>\u0130\u015f ortakl\u0131\u011f\u0131nda imzalad\u0131\u011f\u0131m\u0131z s\u00f6zle\u015fmeye g\u00f6re sorumlu oldu\u011fumuz b\u00f6lgelerde sat\u0131\u015f ve pazarlama faaliyetlerinde bulunuruz. \u0130\u015f ortaklar\u0131m\u0131za farkl\u0131 i\u015f modelleri sunmakla beraber istenilmesi durumunda m\u00fcnhas\u0131r sat\u0131\u015f ekipleri kurarak s\u00fcreci ortak \u015fekilde y\u00f6netebiliriz.<\/p><p>MGEON olarak markalara \u00f6zel olu\u015fturaca\u011f\u0131m\u0131z pazarlama birimi ile tedarik\u00e7ilerimiz ve m\u00fc\u015fterilimiz ile tam entegre \u015fekilde \u00e7al\u0131\u015f\u0131r\u0131z.<\/p>\t\t\t\t\t\t\t\t<\/div>\n\t\t\t\t<\/div>\n\t\t\t\t<div class=\"elementor-element elementor-element-a3d3bd8 elementor-widget elementor-widget-image\" data-id=\"a3d3bd8\" data-element_type=\"widget\" data-e-type=\"widget\" data-widget_type=\"image.default\">\n\t\t\t\t<div class=\"elementor-widget-container\">\n\t\t\t\t\t\t\t\t\t\t\t\t\t\t\t<img decoding=\"async\" width=\"1024\" height=\"682\" data-src=\"https:\/\/www.mgeon.com\/wp-content\/uploads\/2022\/10\/3-Satis\u0327-ve-Pazarlama-1024x682.jpeg\" class=\"attachment-large size-large wp-image-719 lazyload\" alt=\"\" data-srcset=\"https:\/\/www.mgeon.com\/wp-content\/uploads\/2022\/10\/3-Satis\u0327-ve-Pazarlama-1024x682.jpeg 1024w, https:\/\/www.mgeon.com\/wp-content\/uploads\/2022\/10\/3-Satis\u0327-ve-Pazarlama-300x200.jpeg 300w, https:\/\/www.mgeon.com\/wp-content\/uploads\/2022\/10\/3-Satis\u0327-ve-Pazarlama-768x512.jpeg 768w, https:\/\/www.mgeon.com\/wp-content\/uploads\/2022\/10\/3-Satis\u0327-ve-Pazarlama-1536x1024.jpeg 1536w, https:\/\/www.mgeon.com\/wp-content\/uploads\/2022\/10\/3-Satis\u0327-ve-Pazarlama-600x400.jpeg 600w, https:\/\/www.mgeon.com\/wp-content\/uploads\/2022\/10\/3-Satis\u0327-ve-Pazarlama.jpeg 2000w\" data-sizes=\"(max-width: 1024px) 100vw, 1024px\" src=\"data:image\/svg+xml;base64,PHN2ZyB3aWR0aD0iMSIgaGVpZ2h0PSIxIiB4bWxucz0iaHR0cDovL3d3dy53My5vcmcvMjAwMC9zdmciPjwvc3ZnPg==\" style=\"--smush-placeholder-width: 1024px; --smush-placeholder-aspect-ratio: 1024\/682;\" \/>\t\t\t\t\t\t\t\t\t\t\t\t\t\t\t<\/div>\n\t\t\t\t<\/div>\n\t\t\t\t\t<\/div>\n\t\t<\/div>\n\t\t\t\t\t<\/div>\n\t\t<\/section>\n\t\t\t\t<\/div>\n\t\t","protected":false},"excerpt":{"rendered":"<p>\u0130\u015e MODEL\u0130M\u0130ZSATI\u015e VE PAZARLAMA \u0130\u015f ortakl\u0131\u011f\u0131nda imzalad\u0131\u011f\u0131m\u0131z s\u00f6zle\u015fmeye g\u00f6re sorumlu oldu\u011fumuz b\u00f6lgelerde sat\u0131\u015f ve pazarlama faaliyetlerinde bulunuruz. \u0130\u015f ortaklar\u0131m\u0131za farkl\u0131 i\u015f modelleri sunmakla beraber istenilmesi durumunda m\u00fcnhas\u0131r sat\u0131\u015f ekipleri kurarak s\u00fcreci ortak \u015fekilde y\u00f6netebiliriz. MGEON olarak markalara \u00f6zel olu\u015fturaca\u011f\u0131m\u0131z pazarlama birimi ile tedarik\u00e7ilerimiz ve m\u00fc\u015fterilimiz ile tam entegre \u015fekilde \u00e7al\u0131\u015f\u0131r\u0131z.<\/p>\n","protected":false},"author":1,"featured_media":0,"parent":0,"menu_order":0,"comment_status":"closed","ping_status":"closed","template":"elementor_header_footer","meta":{"footnotes":""},"class_list":["post-716","page","type-page","status-publish","hentry"],"_links":{"self":[{"href":"https:\/\/www.mgeon.com\/tr\/wp-json\/wp\/v2\/pages\/716","targetHints":{"allow":["GET"]}}],"collection":[{"href":"https:\/\/www.mgeon.com\/tr\/wp-json\/wp\/v2\/pages"}],"about":[{"href":"https:\/\/www.mgeon.com\/tr\/wp-json\/wp\/v2\/types\/page"}],"author":[{"embeddable":true,"href":"https:\/\/www.mgeon.com\/tr\/wp-json\/wp\/v2\/users\/1"}],"replies":[{"embeddable":true,"href":"https:\/\/www.mgeon.com\/tr\/wp-json\/wp\/v2\/comments?post=716"}],"version-history":[{"count":0,"href":"https:\/\/www.mgeon.com\/tr\/wp-json\/wp\/v2\/pages\/716\/revisions"}],"wp:attachment":[{"href":"https:\/\/www.mgeon.com\/tr\/wp-json\/wp\/v2\/media?parent=716"}],"curies":[{"name":"wp","href":"https:\/\/api.w.org\/{rel}","templated":true}]}}