{"id":726,"date":"2022-10-02T21:06:04","date_gmt":"2022-10-02T21:06:04","guid":{"rendered":"https:\/\/mgeon.com\/?page_id=726"},"modified":"2023-03-03T10:59:02","modified_gmt":"2023-03-03T10:59:02","slug":"risk-yonetimi","status":"publish","type":"page","link":"https:\/\/www.mgeon.com\/tr\/risk-yonetimi\/","title":{"rendered":"Risk Y\u00f6netimi"},"content":{"rendered":"\t\t<div data-elementor-type=\"wp-page\" data-elementor-id=\"726\" class=\"elementor elementor-726\" data-elementor-post-type=\"page\">\n\t\t\t\t\t\t<section class=\"elementor-section elementor-top-section elementor-element elementor-element-98ad816 elementor-section-full_width elementor-section-stretched elementor-section-height-default elementor-section-height-default\" data-id=\"98ad816\" data-element_type=\"section\" data-e-type=\"section\" data-settings=\"{&quot;stretch_section&quot;:&quot;section-stretched&quot;}\">\n\t\t\t\t\t\t<div class=\"elementor-container elementor-column-gap-default\">\n\t\t\t\t\t<div class=\"elementor-column elementor-col-100 elementor-top-column elementor-element elementor-element-771795c\" data-id=\"771795c\" data-element_type=\"column\" data-e-type=\"column\">\n\t\t\t<div class=\"elementor-widget-wrap elementor-element-populated\">\n\t\t\t\t\t\t<div class=\"elementor-element elementor-element-5ca3e56 elementor-widget elementor-widget-image\" data-id=\"5ca3e56\" data-element_type=\"widget\" data-e-type=\"widget\" data-widget_type=\"image.default\">\n\t\t\t\t<div class=\"elementor-widget-container\">\n\t\t\t\t\t\t\t\t\t\t\t\t\t\t\t<img fetchpriority=\"high\" decoding=\"async\" width=\"2560\" height=\"570\" src=\"https:\/\/www.mgeon.com\/wp-content\/uploads\/2022\/10\/mgeon-ismodeli2-scaled.jpg\" class=\"attachment-full size-full wp-image-1124\" alt=\"\" srcset=\"https:\/\/www.mgeon.com\/wp-content\/uploads\/2022\/10\/mgeon-ismodeli2-scaled.jpg 2560w, https:\/\/www.mgeon.com\/wp-content\/uploads\/2022\/10\/mgeon-ismodeli2-300x67.jpg 300w, https:\/\/www.mgeon.com\/wp-content\/uploads\/2022\/10\/mgeon-ismodeli2-1024x228.jpg 1024w, https:\/\/www.mgeon.com\/wp-content\/uploads\/2022\/10\/mgeon-ismodeli2-768x171.jpg 768w, https:\/\/www.mgeon.com\/wp-content\/uploads\/2022\/10\/mgeon-ismodeli2-1536x342.jpg 1536w, https:\/\/www.mgeon.com\/wp-content\/uploads\/2022\/10\/mgeon-ismodeli2-2048x456.jpg 2048w, https:\/\/www.mgeon.com\/wp-content\/uploads\/2022\/10\/mgeon-ismodeli2-600x134.jpg 600w\" sizes=\"(max-width: 2560px) 100vw, 2560px\" \/>\t\t\t\t\t\t\t\t\t\t\t\t\t\t\t<\/div>\n\t\t\t\t<\/div>\n\t\t\t\t\t<\/div>\n\t\t<\/div>\n\t\t\t\t\t<\/div>\n\t\t<\/section>\n\t\t\t\t<section class=\"elementor-section elementor-top-section elementor-element elementor-element-764a52b4 elementor-section-boxed elementor-section-height-default elementor-section-height-default\" data-id=\"764a52b4\" data-element_type=\"section\" data-e-type=\"section\">\n\t\t\t\t\t\t<div class=\"elementor-container elementor-column-gap-default\">\n\t\t\t\t\t<div class=\"elementor-column elementor-col-50 elementor-top-column elementor-element elementor-element-13222873\" data-id=\"13222873\" data-element_type=\"column\" data-e-type=\"column\">\n\t\t\t<div class=\"elementor-widget-wrap elementor-element-populated\">\n\t\t\t\t\t\t<div class=\"elementor-element elementor-element-227f299 elementor-widget elementor-widget-text-editor\" data-id=\"227f299\" data-element_type=\"widget\" data-e-type=\"widget\" data-widget_type=\"text-editor.default\">\n\t\t\t\t<div class=\"elementor-widget-container\">\n\t\t\t\t\t\t\t\t\t<strong>\u0130\u015e MODEL\u0130M\u0130Z<\/strong>\t\t\t\t\t\t\t\t<\/div>\n\t\t\t\t<\/div>\n\t\t\t\t<div class=\"elementor-element elementor-element-f1a3243 elementor-nav-menu--dropdown-tablet elementor-nav-menu__text-align-aside elementor-nav-menu--toggle elementor-nav-menu--burger elementor-widget elementor-widget-nav-menu\" data-id=\"f1a3243\" data-element_type=\"widget\" data-e-type=\"widget\" data-settings=\"{&quot;layout&quot;:&quot;vertical&quot;,&quot;submenu_icon&quot;:{&quot;value&quot;:&quot;&lt;i class=\\&quot;fas fa-caret-down\\&quot; aria-hidden=\\&quot;true\\&quot;&gt;&lt;\\\/i&gt;&quot;,&quot;library&quot;:&quot;fa-solid&quot;},&quot;toggle&quot;:&quot;burger&quot;}\" data-widget_type=\"nav-menu.default\">\n\t\t\t\t<div class=\"elementor-widget-container\">\n\t\t\t\t\t\t\t\t<nav aria-label=\"Men\u00fc\" class=\"elementor-nav-menu--main elementor-nav-menu__container elementor-nav-menu--layout-vertical e--pointer-none\">\n\t\t\t\t<ul id=\"menu-1-f1a3243\" class=\"elementor-nav-menu sm-vertical\"><li class=\"menu-item menu-item-type-post_type menu-item-object-page menu-item-826\"><a href=\"https:\/\/www.mgeon.com\/tr\/ticari-yapilanma\/\" class=\"elementor-item\">&#8211; Ticari Yap\u0131lanma<\/a><\/li>\n<li class=\"menu-item menu-item-type-post_type menu-item-object-page menu-item-825\"><a href=\"https:\/\/www.mgeon.com\/tr\/tedarik-zinciri-yonetimi\/\" class=\"elementor-item\">&#8211; Tedarik Zinciri Y\u00f6netimi<\/a><\/li>\n<li class=\"menu-item menu-item-type-post_type menu-item-object-page menu-item-824\"><a href=\"https:\/\/www.mgeon.com\/tr\/satis-ve-pazarlama\/\" class=\"elementor-item\">&#8211; Sat\u0131\u015f ve Pazarlama<\/a><\/li>\n<li class=\"menu-item menu-item-type-post_type menu-item-object-page menu-item-823\"><a href=\"https:\/\/www.mgeon.com\/tr\/risk-yonetimi\/\" class=\"elementor-item\">&#8211; Risk Y\u00f6netimi<\/a><\/li>\n<li class=\"menu-item menu-item-type-post_type menu-item-object-page menu-item-822\"><a href=\"https:\/\/www.mgeon.com\/tr\/marka-yonetimi\/\" class=\"elementor-item\">&#8211; Marka Y\u00f6netimi<\/a><\/li>\n<\/ul>\t\t\t<\/nav>\n\t\t\t\t\t<div class=\"elementor-menu-toggle\" role=\"button\" tabindex=\"0\" aria-label=\"Menu Toggle\" aria-expanded=\"false\">\n\t\t\t<i aria-hidden=\"true\" role=\"presentation\" class=\"elementor-menu-toggle__icon--open eicon-menu-bar\"><\/i><i aria-hidden=\"true\" role=\"presentation\" class=\"elementor-menu-toggle__icon--close eicon-close\"><\/i>\t\t<\/div>\n\t\t\t\t\t<nav class=\"elementor-nav-menu--dropdown elementor-nav-menu__container\" aria-hidden=\"true\">\n\t\t\t\t<ul id=\"menu-2-f1a3243\" class=\"elementor-nav-menu sm-vertical\"><li class=\"menu-item menu-item-type-post_type menu-item-object-page menu-item-826\"><a href=\"https:\/\/www.mgeon.com\/tr\/ticari-yapilanma\/\" class=\"elementor-item\" tabindex=\"-1\">&#8211; Ticari Yap\u0131lanma<\/a><\/li>\n<li class=\"menu-item menu-item-type-post_type menu-item-object-page menu-item-825\"><a href=\"https:\/\/www.mgeon.com\/tr\/tedarik-zinciri-yonetimi\/\" class=\"elementor-item\" tabindex=\"-1\">&#8211; Tedarik Zinciri Y\u00f6netimi<\/a><\/li>\n<li class=\"menu-item menu-item-type-post_type menu-item-object-page menu-item-824\"><a href=\"https:\/\/www.mgeon.com\/tr\/satis-ve-pazarlama\/\" class=\"elementor-item\" tabindex=\"-1\">&#8211; Sat\u0131\u015f ve Pazarlama<\/a><\/li>\n<li class=\"menu-item menu-item-type-post_type menu-item-object-page menu-item-823\"><a href=\"https:\/\/www.mgeon.com\/tr\/risk-yonetimi\/\" class=\"elementor-item\" tabindex=\"-1\">&#8211; Risk Y\u00f6netimi<\/a><\/li>\n<li class=\"menu-item menu-item-type-post_type menu-item-object-page menu-item-822\"><a href=\"https:\/\/www.mgeon.com\/tr\/marka-yonetimi\/\" class=\"elementor-item\" tabindex=\"-1\">&#8211; Marka Y\u00f6netimi<\/a><\/li>\n<\/ul>\t\t\t<\/nav>\n\t\t\t\t\t\t<\/div>\n\t\t\t\t<\/div>\n\t\t\t\t\t<\/div>\n\t\t<\/div>\n\t\t\t\t<div class=\"elementor-column elementor-col-50 elementor-top-column elementor-element elementor-element-d72911f\" data-id=\"d72911f\" data-element_type=\"column\" data-e-type=\"column\">\n\t\t\t<div class=\"elementor-widget-wrap elementor-element-populated\">\n\t\t\t\t\t\t<div class=\"elementor-element elementor-element-6d61d8c6 elementor-widget elementor-widget-text-editor\" data-id=\"6d61d8c6\" data-element_type=\"widget\" data-e-type=\"widget\" data-widget_type=\"text-editor.default\">\n\t\t\t\t<div class=\"elementor-widget-container\">\n\t\t\t\t\t\t\t\t\tR\u0130SK Y\u00d6NET\u0130M\u0130\t\t\t\t\t\t\t\t<\/div>\n\t\t\t\t<\/div>\n\t\t\t\t<div class=\"elementor-element elementor-element-df3189d elementor-widget elementor-widget-text-editor\" data-id=\"df3189d\" data-element_type=\"widget\" data-e-type=\"widget\" data-widget_type=\"text-editor.default\">\n\t\t\t\t<div class=\"elementor-widget-container\">\n\t\t\t\t\t\t\t\t\t<p>Yapt\u0131\u011f\u0131m\u0131z i\u015fin getirdi\u011fi riskleri biliyor bu kapsamda sahada ki finansal risklerimizi uzman ekiplerimizle ve kurdu\u011fumuz sistemlerle yak\u0131ndan takip ediyoruz. Mali tablo analizleri ile risk do\u011fmadan bir dizi tedbirlerde al\u0131yoruz.\u00a0<\/p>\t\t\t\t\t\t\t\t<\/div>\n\t\t\t\t<\/div>\n\t\t\t\t<div class=\"elementor-element elementor-element-570b190 elementor-widget elementor-widget-image\" data-id=\"570b190\" data-element_type=\"widget\" data-e-type=\"widget\" data-widget_type=\"image.default\">\n\t\t\t\t<div class=\"elementor-widget-container\">\n\t\t\t\t\t\t\t\t\t\t\t\t\t\t\t<img decoding=\"async\" width=\"1860\" height=\"1080\" data-src=\"https:\/\/www.mgeon.com\/wp-content\/uploads\/2022\/10\/4-Risk-Yo\u0308netimi.jpg\" class=\"attachment-full size-full wp-image-729 lazyload\" alt=\"\" data-srcset=\"https:\/\/www.mgeon.com\/wp-content\/uploads\/2022\/10\/4-Risk-Yo\u0308netimi.jpg 1860w, https:\/\/www.mgeon.com\/wp-content\/uploads\/2022\/10\/4-Risk-Yo\u0308netimi-300x174.jpg 300w, https:\/\/www.mgeon.com\/wp-content\/uploads\/2022\/10\/4-Risk-Yo\u0308netimi-1024x595.jpg 1024w, https:\/\/www.mgeon.com\/wp-content\/uploads\/2022\/10\/4-Risk-Yo\u0308netimi-768x446.jpg 768w, https:\/\/www.mgeon.com\/wp-content\/uploads\/2022\/10\/4-Risk-Yo\u0308netimi-1536x892.jpg 1536w, https:\/\/www.mgeon.com\/wp-content\/uploads\/2022\/10\/4-Risk-Yo\u0308netimi-600x348.jpg 600w\" data-sizes=\"(max-width: 1860px) 100vw, 1860px\" src=\"data:image\/svg+xml;base64,PHN2ZyB3aWR0aD0iMSIgaGVpZ2h0PSIxIiB4bWxucz0iaHR0cDovL3d3dy53My5vcmcvMjAwMC9zdmciPjwvc3ZnPg==\" style=\"--smush-placeholder-width: 1860px; --smush-placeholder-aspect-ratio: 1860\/1080;\" \/>\t\t\t\t\t\t\t\t\t\t\t\t\t\t\t<\/div>\n\t\t\t\t<\/div>\n\t\t\t\t\t<\/div>\n\t\t<\/div>\n\t\t\t\t\t<\/div>\n\t\t<\/section>\n\t\t\t\t<\/div>\n\t\t","protected":false},"excerpt":{"rendered":"<p>\u0130\u015e MODEL\u0130M\u0130ZR\u0130SK Y\u00d6NET\u0130M\u0130 Yapt\u0131\u011f\u0131m\u0131z i\u015fin getirdi\u011fi riskleri biliyor bu kapsamda sahada ki finansal risklerimizi uzman ekiplerimizle ve kurdu\u011fumuz sistemlerle yak\u0131ndan takip ediyoruz. Mali tablo analizleri ile risk do\u011fmadan bir dizi tedbirlerde al\u0131yoruz.&nbsp;<\/p>\n","protected":false},"author":1,"featured_media":0,"parent":0,"menu_order":0,"comment_status":"closed","ping_status":"closed","template":"elementor_header_footer","meta":{"footnotes":""},"class_list":["post-726","page","type-page","status-publish","hentry"],"_links":{"self":[{"href":"https:\/\/www.mgeon.com\/tr\/wp-json\/wp\/v2\/pages\/726","targetHints":{"allow":["GET"]}}],"collection":[{"href":"https:\/\/www.mgeon.com\/tr\/wp-json\/wp\/v2\/pages"}],"about":[{"href":"https:\/\/www.mgeon.com\/tr\/wp-json\/wp\/v2\/types\/page"}],"author":[{"embeddable":true,"href":"https:\/\/www.mgeon.com\/tr\/wp-json\/wp\/v2\/users\/1"}],"replies":[{"embeddable":true,"href":"https:\/\/www.mgeon.com\/tr\/wp-json\/wp\/v2\/comments?post=726"}],"version-history":[{"count":0,"href":"https:\/\/www.mgeon.com\/tr\/wp-json\/wp\/v2\/pages\/726\/revisions"}],"wp:attachment":[{"href":"https:\/\/www.mgeon.com\/tr\/wp-json\/wp\/v2\/media?parent=726"}],"curies":[{"name":"wp","href":"https:\/\/api.w.org\/{rel}","templated":true}]}}